{"id":1606,"date":"2023-01-13T13:26:31","date_gmt":"2023-01-13T13:26:31","guid":{"rendered":"https:\/\/www.mysexualfantasy.eu\/?post_type=product&#038;p=1606"},"modified":"2023-12-06T16:16:14","modified_gmt":"2023-12-06T16:16:14","slug":"jes-extender-banado-en-oro-alargamiento-de-pene","status":"publish","type":"product","link":"https:\/\/www.mysexualfantasy.eu\/en\/product\/jes-extender-banado-en-oro-alargamiento-de-pene\/","title":{"rendered":"JES-EXTENDER BA\u00d1ADO EN ORO ALARGAMIENTO DE PENE"},"content":{"rendered":"<p>Es un aparato con certificaci\u00f3n medica que sirve para alargar el pene mediante tracci\u00f3n.<\/p>\n<p>C\u00f3mo funciona JES-EXTENDER?<\/p>\n<p>JES-EXTENDER es de f\u00e1cil aplicaci\u00f3n, no causa dolor y es indetectable debajo de pantalones holgados. El JES-EXTENDER aumenta tanto la longitud como el grosor del pene. Es el \u00fanico m\u00e9todo comprobado y documentado de alargamiento del pene sin cirug\u00edas o consultas al m\u00e9dico.<\/p>\n<p>El Principio<\/p>\n<p>JES-EXTENDER utiliza la tracci\u00f3n para guiar la capacidad natural que tiene el cuerpo humano para cambiar y desarrollarse bajo la influencia f\u00edsica. Si expone una determinada parte de su cuerpo a estiramiento constante, las c\u00e9lulas en esta \u00e1rea comienzan a dividirse y multiplicarse, aumentando as\u00ed la masa de tejido. Por consiguiente, el alargamiento se da tanto en el largo como en el ancho (grosor) del pene. Diversas y numerosas culturas diferentes conocen y han utilizado este principio natural a lo largo de los siglos para desarrollar o alargar diversas partes del cuerpo.<\/p>\n<p>Aparato m\u00e9dico<\/p>\n<p>Se coloca un anillo de pl\u00e1stico especialmente dise\u00f1ado alrededor de la base del pene. Un sujetador de pl\u00e1stico y silicona se ajusta alrededor de la cabeza del pene. Entre el anillo y el sujetador, dos barras din\u00e1micas de metal aplican una tensi\u00f3n que oscila entre los 600 y los 1.500 gramos. El usuario regula la tensi\u00f3n. El JES-EXTENDER se adapta a todas las personas y a penes de cualquier tama\u00f1o.<\/p>\n<p>C\u00f3mo funciona en la pr\u00e1ctica?<\/p>\n<p>El JES-EXTENDER puede utilizarse en cualquier momento del d\u00eda durante per\u00edodos extensos, en el trabajo o en su tiempo libre, dependiendo de sus actividades. La cantidad total de horas de utilizaci\u00f3n del JES-EXTENDER y la tracci\u00f3n aplicada determinan el resultado del tratamiento. No es necesario usar el JES-EXTENDER durante un per\u00edodo prolongado e ininterrumpido para obtener resultados. Ejemplo: un tratamiento de 2 horas diarias durante 12 meses dar\u00e1 el mismo resultado final que un tratamiento de 12 horas diarias durante 2 meses. Tambi\u00e9n podr\u00e1 interrumpir su uso durante un tiempo sin afectar el resultado final. No por ello \u00abperder\u00e1\u00bb parte de los resultados obtenidos.<\/p>\n<p>Tambi\u00e9n puede utilizarse de noche, aunque es posible que se suelte si se mueve mientras duerme o durante una erecci\u00f3n nocturna. Se recomienda utilizar la Almohadilla Protectora o cualquier otra medida de protecci\u00f3n para el uso de nocturno del JES-EXTENDER. Despu\u00e9s de cierta pr\u00e1ctica, la aplicaci\u00f3n del JES-EXTENDER le llevar\u00e1 menos de un minuto. El tratamiento con el JES-EXTENDER no tiene efectos secundarios, no afecta la micci\u00f3n, la erecci\u00f3n o la fertilidad y el alargamiento es permanente. No necesita la ayuda de su m\u00e9dico.<\/p>\n<p>En el campo de la cirug\u00eda se ha aplicado el mismo principio para estirar los dedos o las piernas y para cubrir defectos en el rostro.<\/p>\n<ul>\n<li>Resultados permanentes de 3 a 5 cent\u00edmetros.<\/li>\n<\/ul>\n<p>Garant\u00eda m\u00e9dica, ya que su uso est\u00e1 aprobado por las Autoridades Sanitarias de la Uni\u00f3n Europea, y est\u00e1 registrado en el Ministerio de Salud de Espa\u00f1a. Posee la Certificaci\u00f3n CE tipo 1, lo cual garantiza que no presenta efectos secundarios, ni a corto ni a largo plazo.<\/p>\n<ul>\n<li>Efectividad 97 %<\/li>\n<\/ul>\n<p>Garant\u00eda cient\u00edfica, ya que prestigiosos ur\u00f3logos de todo el mundo han realizado estudios cient\u00edficos que demuestran una efectividad del JES-EXTENDER del 97,5%.<br \/>Este es el modelo tope de gama y el mejor del mercado. El Jes Extender Gold tiene todas las ventajas del Jes Extender convencional m\u00e1s un contenido de lujo y extras en una caja de madera. Fabricado con una capa de oro de 24 quilates, este modelo es la gama superior de todos los extensores de pene que existen en el mercado. Incluye m\u00e1s repuestos y los accesorios de m\u00e1s alta gama que puedes adquirir en nuestra tienda. Te ofrecemos garant\u00eda de por vida.<\/p>\n<p>Extras en este producto:<\/p>\n<ul>\n<li>Ba\u00f1ado en oro de 24 quilates<\/li>\n<li>En caja de lujo<\/li>\n<li>Kit de extensi\u00f3n gratis<\/li>\n<li>Set de llaves gratis<\/li>\n<li>Correa de goma gratis<\/li>\n<li>Almohadilla protectora gratis<\/li>\n<li>Entra en penes erectos de hasta 23 cm<\/li>\n<li>CD no incluido.<\/li>\n<\/ul>\n<p>* Video ilustrativo, Jes extender puede hacer modificaciones tecnicas que no est\u00e1n reflejadas en el video.<\/p>\n<p style=\"text-align: center;\"><iframe allow=\"accelerometer; autoplay; clipboard-write; encrypted-media; gyroscope; picture-in-picture\" allowfullscreen=\"\" frameborder=\"0\" height=\"315\" scrolling=\"no\" src=\"https:\/\/www.youtube.com\/embed\/Tjat09rvgU8\" width=\"560\"><\/iframe><\/p>","protected":false},"excerpt":{"rendered":"<p>JES-EXTENDER GOLD<\/p>","protected":false},"featured_media":59297,"comment_status":"open","ping_status":"closed","template":"","meta":{"_monsterinsights_skip_tracking":false,"_monsterinsights_sitenote_active":false,"_monsterinsights_sitenote_note":"","_monsterinsights_sitenote_category":0,"_joinchat":[]},"product_brand":[],"product_cat":[1170,1322,1152,1160,1245],"product_tag":[],"class_list":{"0":"post-1606","1":"product","2":"type-product","3":"status-publish","4":"has-post-thumbnail","6":"product_cat-juguetes-bienestar-juguetes-para-hombresaccesorios-para-el-pene","7":"product_cat-juguetes-bienestar-juguetes-para-hombresaccesorios-para-el-peneextensor-mecanico-pene","8":"product_cat-juguetes-bienestar","9":"product_cat-juguetes-bienestar-juguetes-para-hombres","10":"product_cat-juguetes-bienestar-sistemas-alargamiento-pene","11":"yith_product_brand-jes-extender","13":"first","14":"instock","15":"taxable","16":"shipping-taxable","17":"purchasable","18":"product-type-simple"},"aioseo_notices":[],"_links":{"self":[{"href":"https:\/\/www.mysexualfantasy.eu\/en\/wp-json\/wp\/v2\/product\/1606","targetHints":{"allow":["GET"]}}],"collection":[{"href":"https:\/\/www.mysexualfantasy.eu\/en\/wp-json\/wp\/v2\/product"}],"about":[{"href":"https:\/\/www.mysexualfantasy.eu\/en\/wp-json\/wp\/v2\/types\/product"}],"replies":[{"embeddable":true,"href":"https:\/\/www.mysexualfantasy.eu\/en\/wp-json\/wp\/v2\/comments?post=1606"}],"wp:featuredmedia":[{"embeddable":true,"href":"https:\/\/www.mysexualfantasy.eu\/en\/wp-json\/wp\/v2\/media\/59297"}],"wp:attachment":[{"href":"https:\/\/www.mysexualfantasy.eu\/en\/wp-json\/wp\/v2\/media?parent=1606"}],"wp:term":[{"taxonomy":"product_brand","embeddable":true,"href":"https:\/\/www.mysexualfantasy.eu\/en\/wp-json\/wp\/v2\/product_brand?post=1606"},{"taxonomy":"product_cat","embeddable":true,"href":"https:\/\/www.mysexualfantasy.eu\/en\/wp-json\/wp\/v2\/product_cat?post=1606"},{"taxonomy":"product_tag","embeddable":true,"href":"https:\/\/www.mysexualfantasy.eu\/en\/wp-json\/wp\/v2\/product_tag?post=1606"}],"curies":[{"name":"wp","href":"https:\/\/api.w.org\/{rel}","templated":true}]}}