{"id":16103,"date":"2023-01-13T11:38:54","date_gmt":"2023-01-13T11:38:54","guid":{"rendered":"https:\/\/www.mysexualfantasy.eu\/?post_type=product&#038;p=16103"},"modified":"2023-12-06T15:34:55","modified_gmt":"2023-12-06T15:34:55","slug":"screaming-o-anillo-potenciador-ringo-pro-lg-negro-32mm","status":"publish","type":"product","link":"https:\/\/www.mysexualfantasy.eu\/en\/product\/screaming-o-anillo-potenciador-ringo-pro-lg-negro-32mm\/","title":{"rendered":"SCREAMING O  ANILLO POTENCIADOR RINGO PRO LG NEGRO 32MM"},"content":{"rendered":"<p color:=\"\" font-size:=\"\" line-height:=\"\" roboto=\"\" style=\"line-height: 20.8px; outline: 0px; box-sizing: border-box;\">Le gustar\u00eda sentir una experiencia nueva? \u00a1Entonces, tiene que tratar de explorar la posibilidad de usar un anillo\u00a0de sujeci\u00f3n para el pene!<\/p>\n<p color:=\"\" font-size:=\"\" line-height:=\"\" roboto=\"\" style=\"line-height: 20.8px; outline: 0px; box-sizing: border-box;\">Potenciar\u00e1s la erecci\u00f3n y retrasar\u00e1s la eyaculacion de forma sencilla, fabricado en Silicona resistenet y suave.<\/p>\n<ul color:=\"\" font-size:=\"\" line-height:=\"\" margin-bottom:=\"\" margin-top:=\"\" roboto=\"\" style=\"line-height: 20.8px; outline: 0px; box-sizing: border-box;\">\n<li style=\"outline: 0px; box-sizing: border-box;\">Fabricado en Silicona<\/li>\n<li style=\"outline: 0px; box-sizing: border-box;\">Sumergible \/ Apto para la ducha o Spa<\/li>\n<li style=\"outline: 0px; box-sizing: border-box;\">Libre de Phalatos<\/li>\n<li style=\"outline: 0px; box-sizing: border-box;\">Medidas\/ \u00a0Diametro interior 32\u00a0mm flexible y adaptable para penes XXL<\/li>\n<\/ul>\n<p style=\"line-height: 20.8px; text-align: center;\"><iframe allowfullscreen=\"\" frameborder=\"0\" height=\"300\" scrolling=\"no\" src=\"https:\/\/www.youtube.com\/embed\/l01GCFz4fSk?rel=0controls=0showinfo=0\" width=\"800\"><\/iframe><\/p>","protected":false},"excerpt":{"rendered":"<p>SCREAMING O  RINGO PRO LG BLACK 32MM<\/p>","protected":false},"featured_media":40302,"comment_status":"open","ping_status":"closed","template":"","meta":{"_monsterinsights_skip_tracking":false,"_monsterinsights_sitenote_active":false,"_monsterinsights_sitenote_note":"","_monsterinsights_sitenote_category":0,"_joinchat":[]},"product_brand":[],"product_cat":[1170,1171,1297,1152,1160],"product_tag":[],"class_list":{"0":"post-16103","1":"product","2":"type-product","3":"status-publish","4":"has-post-thumbnail","6":"product_cat-juguetes-bienestar-juguetes-para-hombresaccesorios-para-el-pene","7":"product_cat-juguetes-bienestar-juguetes-para-hombresaccesorios-para-el-peneanillos-pene","8":"product_cat-juguetes-bienestar-juguetes-para-hombresaccesorios-para-el-peneanillos-peneanillos-sin-vibracion","9":"product_cat-juguetes-bienestar","10":"product_cat-juguetes-bienestar-juguetes-para-hombres","11":"yith_product_brand-screaming-o","13":"first","14":"instock","15":"taxable","16":"shipping-taxable","17":"purchasable","18":"product-type-simple"},"aioseo_notices":[],"_links":{"self":[{"href":"https:\/\/www.mysexualfantasy.eu\/en\/wp-json\/wp\/v2\/product\/16103","targetHints":{"allow":["GET"]}}],"collection":[{"href":"https:\/\/www.mysexualfantasy.eu\/en\/wp-json\/wp\/v2\/product"}],"about":[{"href":"https:\/\/www.mysexualfantasy.eu\/en\/wp-json\/wp\/v2\/types\/product"}],"replies":[{"embeddable":true,"href":"https:\/\/www.mysexualfantasy.eu\/en\/wp-json\/wp\/v2\/comments?post=16103"}],"wp:featuredmedia":[{"embeddable":true,"href":"https:\/\/www.mysexualfantasy.eu\/en\/wp-json\/wp\/v2\/media\/40302"}],"wp:attachment":[{"href":"https:\/\/www.mysexualfantasy.eu\/en\/wp-json\/wp\/v2\/media?parent=16103"}],"wp:term":[{"taxonomy":"product_brand","embeddable":true,"href":"https:\/\/www.mysexualfantasy.eu\/en\/wp-json\/wp\/v2\/product_brand?post=16103"},{"taxonomy":"product_cat","embeddable":true,"href":"https:\/\/www.mysexualfantasy.eu\/en\/wp-json\/wp\/v2\/product_cat?post=16103"},{"taxonomy":"product_tag","embeddable":true,"href":"https:\/\/www.mysexualfantasy.eu\/en\/wp-json\/wp\/v2\/product_tag?post=16103"}],"curies":[{"name":"wp","href":"https:\/\/api.w.org\/{rel}","templated":true}]}}