{"id":16184,"date":"2023-01-13T12:50:31","date_gmt":"2023-01-13T12:50:31","guid":{"rendered":"https:\/\/www.mysexualfantasy.eu\/?post_type=product&#038;p=16184"},"modified":"2023-12-06T16:19:12","modified_gmt":"2023-12-06T16:19:12","slug":"cremigel-lubricante-orgasmico-para-el-100ml","status":"publish","type":"product","link":"https:\/\/www.mysexualfantasy.eu\/en\/product\/cremigel-lubricante-orgasmico-para-el-100ml\/","title":{"rendered":"CREMIGEL LUBRICANTE ORGASMICO PARA EL 100ML"},"content":{"rendered":"<p>Especial para la masturbaci\u00f3n masculina, provoca un efecto vasodilatador adicional para mejorar la erecci\u00f3n y aumentar la sensaci\u00f3n de placer.<\/p>\n<ul>\n<li>Envase de 100ml<\/li>\n<\/ul>\n<p>S\u00f3lo uso externo. Contiene mentol<\/p>","protected":false},"excerpt":{"rendered":"<p>LUBRICATING CREAMYGEL FOR HIM 100 ML<\/p>","protected":false},"featured_media":53761,"comment_status":"open","ping_status":"closed","template":"","meta":{"_monsterinsights_skip_tracking":false,"_monsterinsights_sitenote_active":false,"_monsterinsights_sitenote_note":"","_monsterinsights_sitenote_category":0,"_joinchat":[]},"product_brand":[],"product_cat":[1350,1203,1342],"product_tag":[],"class_list":{"0":"post-16184","1":"product","2":"type-product","3":"status-publish","4":"has-post-thumbnail","6":"product_cat-drogueria-estimulantes-para-ellosaumento-ereccion","7":"product_cat-drogueria","8":"product_cat-drogueria-estimulantes-para-ellos","9":"yith_product_brand-tentaciones","11":"first","12":"instock","13":"taxable","14":"shipping-taxable","15":"purchasable","16":"product-type-simple"},"aioseo_notices":[],"_links":{"self":[{"href":"https:\/\/www.mysexualfantasy.eu\/en\/wp-json\/wp\/v2\/product\/16184","targetHints":{"allow":["GET"]}}],"collection":[{"href":"https:\/\/www.mysexualfantasy.eu\/en\/wp-json\/wp\/v2\/product"}],"about":[{"href":"https:\/\/www.mysexualfantasy.eu\/en\/wp-json\/wp\/v2\/types\/product"}],"replies":[{"embeddable":true,"href":"https:\/\/www.mysexualfantasy.eu\/en\/wp-json\/wp\/v2\/comments?post=16184"}],"wp:featuredmedia":[{"embeddable":true,"href":"https:\/\/www.mysexualfantasy.eu\/en\/wp-json\/wp\/v2\/media\/53761"}],"wp:attachment":[{"href":"https:\/\/www.mysexualfantasy.eu\/en\/wp-json\/wp\/v2\/media?parent=16184"}],"wp:term":[{"taxonomy":"product_brand","embeddable":true,"href":"https:\/\/www.mysexualfantasy.eu\/en\/wp-json\/wp\/v2\/product_brand?post=16184"},{"taxonomy":"product_cat","embeddable":true,"href":"https:\/\/www.mysexualfantasy.eu\/en\/wp-json\/wp\/v2\/product_cat?post=16184"},{"taxonomy":"product_tag","embeddable":true,"href":"https:\/\/www.mysexualfantasy.eu\/en\/wp-json\/wp\/v2\/product_tag?post=16184"}],"curies":[{"name":"wp","href":"https:\/\/api.w.org\/{rel}","templated":true}]}}