{"id":16204,"date":"2023-04-25T12:25:56","date_gmt":"2023-04-25T12:25:56","guid":{"rendered":"https:\/\/www.mysexualfantasy.eu\/?post_type=product&#038;p=16204"},"modified":"2023-12-06T15:34:56","modified_gmt":"2023-12-06T15:34:56","slug":"picobong-remoji-lifeguard-anillo-vibrador-app-lifeguard-azul","status":"publish","type":"product","link":"https:\/\/www.mysexualfantasy.eu\/en\/product\/picobong-remoji-lifeguard-anillo-vibrador-app-lifeguard-azul\/","title":{"rendered":"PICOBONG &#8211; REMOJI LIFEGUARD ANILLO VIBRADOR APP LIFEGUARD AZUL"},"content":{"rendered":"<p style=\"line-height: 20.8px;\">REMOJI \u00a0no es un mando a distancia, es una app vibrante e interactiva, que te permite conectar con tu pareja de una forma que nunca hab\u00edas experimentado. Es tan sencillo \u00ae como conectar cualquiera de los 4 juguetes mediante Bluetooth , y dar palmaditas, pulsar o arrastrar con el dedo sobre la pantalla de tu dispositivo m\u00f3vil, para provocar los orgasmos m\u00e1s alucinantes<\/p>\n<ul style=\"line-height: 20.8px;\">\n<li>Emoticonos a distancia Una app tan divertida como plenamente interactiva que permite que tu pareja o t\u00fa CONTROL control\u00e9is f\u00e1cilmente las vibraciones, con golpecitos o arrastrando el dedo sobre la pantalla a lo bestia, para compartir sensaciones<\/li>\n<li>Discreta y pr\u00e1ctica \u2122 REMOJI \u00a0es una app gratuita compatible con los sistemas iOS y Android. Los m\u00e1s usados en dispotivos m\u00f3viles.<\/li>\n<li>\u00a0Para jugar sin interrupciones Conectarse con Bluetooth\u00ae siempre ayuda a mantener conexiones seguras<\/li>\n<\/ul>\n<p>LIFEGUARD es un anillo vibrador para parejas, recubierto por silicona \ufb02exible para acomodarlo a todos los tama\u00f1os y ofrecer un placer alucinante (\u00a1y mayor \ufb01rmeza!). Los dos disfrutar\u00e9is sus potentes vibraciones externas, y podr\u00e9is jugar con sus 6 modos de estimulaci\u00f3n a distancia; simplemente, hay que descargar la app \u2122 \u00ae \u2122 REMOJI , encender Bluetooth \u00a0y LIFEGUARD \u00a0se encargar\u00e1 de que el sexo no decaiga.<\/p>\n<ul>\n<li>Vibraciones ultra potentes dispersadas desde toda la super\ufb01cie<\/li>\n<li>Anillo el\u00e1stico y \ufb02exible que ofrece erecciones m\u00e1s \ufb01rmes.<\/li>\n<li>Controlado mediante app en dispositivos m\u00f3viles, para una adictiva experiencia compartida y mayor diversi\u00f3n.<\/li>\n<li>6 modos variables a una distancia de 12 metros.<\/li>\n<li>100% sumergible y completamente recargable por USB para mayor versatilidad.<\/li>\n<li>\u00a0Silicona biocompatible s\u00faper suave y pl\u00e1stico ABS.<\/li>\n<li>1 a\u00f1o de garant\u00eda para garantizarte una diversi\u00f3n duradera.\u00a0<\/li>\n<\/ul>\n<p style=\"line-height: 20.8px;\">DISE\u00d1ADOS PARA \u00a0LIBERAR TUS MANOS!<\/p>\n<p style=\"line-height: 20.8px; text-align: center;\"><iframe allowfullscreen=\"\" frameborder=\"0\" height=\"300\" scrolling=\"no\" src=\"https:\/\/www.youtube.com\/embed\/oZRJ8Z8xyTA?rel=0controls=0showinfo=0\" width=\"800\"><\/iframe><\/p>","protected":false},"excerpt":{"rendered":"<p>PICOBONG &#8211; REMOJI LIFEGUARD RING VIBE BLUE<\/p>","protected":false},"featured_media":77204,"comment_status":"open","ping_status":"closed","template":"","meta":{"_monsterinsights_skip_tracking":false,"_monsterinsights_sitenote_active":false,"_monsterinsights_sitenote_note":"","_monsterinsights_sitenote_category":0,"_joinchat":[]},"product_brand":[],"product_cat":[1170,1172,1171,1152,1160,148],"product_tag":[],"class_list":{"0":"post-16204","1":"product","2":"type-product","3":"status-publish","4":"has-post-thumbnail","6":"product_cat-juguetes-bienestar-juguetes-para-hombresaccesorios-para-el-pene","7":"product_cat-juguetes-bienestar-juguetes-para-hombresaccesorios-para-el-peneanillos-peneanillos-con-vibracion","8":"product_cat-juguetes-bienestar-juguetes-para-hombresaccesorios-para-el-peneanillos-pene","9":"product_cat-juguetes-bienestar","10":"product_cat-juguetes-bienestar-juguetes-para-hombres","11":"product_cat-ofertas","12":"yith_product_brand-picobong","14":"first","15":"instock","16":"taxable","17":"shipping-taxable","18":"purchasable","19":"product-type-simple"},"aioseo_notices":[],"_links":{"self":[{"href":"https:\/\/www.mysexualfantasy.eu\/en\/wp-json\/wp\/v2\/product\/16204","targetHints":{"allow":["GET"]}}],"collection":[{"href":"https:\/\/www.mysexualfantasy.eu\/en\/wp-json\/wp\/v2\/product"}],"about":[{"href":"https:\/\/www.mysexualfantasy.eu\/en\/wp-json\/wp\/v2\/types\/product"}],"replies":[{"embeddable":true,"href":"https:\/\/www.mysexualfantasy.eu\/en\/wp-json\/wp\/v2\/comments?post=16204"}],"wp:featuredmedia":[{"embeddable":true,"href":"https:\/\/www.mysexualfantasy.eu\/en\/wp-json\/wp\/v2\/media\/77204"}],"wp:attachment":[{"href":"https:\/\/www.mysexualfantasy.eu\/en\/wp-json\/wp\/v2\/media?parent=16204"}],"wp:term":[{"taxonomy":"product_brand","embeddable":true,"href":"https:\/\/www.mysexualfantasy.eu\/en\/wp-json\/wp\/v2\/product_brand?post=16204"},{"taxonomy":"product_cat","embeddable":true,"href":"https:\/\/www.mysexualfantasy.eu\/en\/wp-json\/wp\/v2\/product_cat?post=16204"},{"taxonomy":"product_tag","embeddable":true,"href":"https:\/\/www.mysexualfantasy.eu\/en\/wp-json\/wp\/v2\/product_tag?post=16204"}],"curies":[{"name":"wp","href":"https:\/\/api.w.org\/{rel}","templated":true}]}}