{"id":16208,"date":"2023-01-13T11:43:51","date_gmt":"2023-01-13T11:43:51","guid":{"rendered":"https:\/\/www.mysexualfantasy.eu\/?post_type=product&#038;p=16208"},"modified":"2023-12-06T15:58:18","modified_gmt":"2023-12-06T15:58:18","slug":"picobong-remoji-plug-vibrador-app-control-remoto-negro","status":"publish","type":"product","link":"https:\/\/www.mysexualfantasy.eu\/en\/product\/picobong-remoji-plug-vibrador-app-control-remoto-negro\/","title":{"rendered":"PICOBONG &#8211; REMOJI PLUG VIBRADOR APP CONTROL REMOTO NEGRO"},"content":{"rendered":"<p style=\"line-height: 20.8px;\">REMOJI \u00a0no es un mando a distancia, es una app vibrante e interactiva, que te permite conectar con tu pareja de una forma que nunca hab\u00edas experimentado. Es tan sencillo \u00ae como conectar cualquiera de los 4 juguetes mediante Bluetooth , y dar palmaditas, pulsar o arrastrar con el dedo sobre la pantalla de tu dispositivo m\u00f3vil, para provocar los orgasmos m\u00e1s alucinantes<\/p>\n<ul style=\"line-height: 20.8px;\">\n<li>Emoticonos a distancia Una app tan divertida como plenamente interactiva que permite que tu pareja o t\u00fa CONTROL control\u00e9is f\u00e1cilmente las vibraciones, con golpecitos o arrastrando el dedo sobre la pantalla a lo bestia, para compartir sensaciones<\/li>\n<li>Discreta y pr\u00e1ctica \u2122 REMOJI \u00a0es una app gratuita compatible con los sistemas iOS y Android. Los m\u00e1s usados en dispotivos m\u00f3viles.<\/li>\n<li>\u00a0Para jugar sin interrupciones Conectarse con Bluetooth\u00ae siempre ayuda a mantener conexiones seguras<\/li>\n<\/ul>\n<p style=\"line-height: 20.8px;\">Con un dise\u00f1o compacto y base ensanchada para evitar ca\u00eddas, SURFER es el plug vibrador perfecto, tanto para los que se inician, como para los que ya son expertos en cabalgar sobre las olas del placer anal. Tiene 6 patrones de vibraci\u00f3n mejorados que podr\u00e1s cambiar a distancia, para navegar en orgasmos sin esfuerzo \u2122 \u00ae alguno. Simplemente, descarga la app REMOJI , enciende Bluetooth y&#8230; \u00a1a sur fear! \u2022<\/p>\n<ul style=\"line-height: 20.8px;\">\n<li>Fabricado en silicona, para el placer igualmente intenso de novatos y expertos.\u00a0<\/li>\n<li>Base ensanchada para un uso m\u00e1s sencillo y seguro.\u00a0<\/li>\n<li>Controlado mediante app en dispositivos m\u00f3viles, para una adictiva experiencia compartida y mayor diversi\u00f3n.\u00a0<\/li>\n<li>6 modos variables a una distancia de 12 metros.\u00a0<\/li>\n<li>100% sumergible y completamente recargable por USB para mayor versatilidad.\u00a0<\/li>\n<li>Silicona biocompatible s\u00faper suave y pl\u00e1stico ABS.\u00a0<\/li>\n<li>1 a\u00f1o de garant\u00eda para garantizarte una diversi\u00f3n duradera.<\/li>\n<\/ul>\n<p style=\"line-height: 20.8px;\">Tama\u00f1o \/ 103 x 96 x 34 mm y Diametro 34 x 85<\/p>\n<p style=\"line-height: 20.8px; text-align: center;\"><iframe allowfullscreen=\"\" frameborder=\"0\" height=\"300\" scrolling=\"no\" src=\"https:\/\/www.youtube.com\/embed\/oZRJ8Z8xyTA?rel=0controls=0showinfo=0\" width=\"800\"><\/iframe><\/p>","protected":false},"excerpt":{"rendered":"<p>PICOBONG &#8211; REMOJI SURFER PLUG VIBE BLACK<\/p>","protected":false},"featured_media":42035,"comment_status":"open","ping_status":"closed","template":"","meta":{"_monsterinsights_skip_tracking":false,"_monsterinsights_sitenote_active":false,"_monsterinsights_sitenote_note":"","_monsterinsights_sitenote_category":0,"_joinchat":[]},"product_brand":[],"product_cat":[1193,1162,1156,1152,1155,148,1189,1153,1305,1154],"product_tag":[],"class_list":{"0":"post-16208","1":"product","2":"type-product","3":"status-publish","4":"has-post-thumbnail","6":"product_cat-juguetes-bienestar-vibradores100-sumergible","7":"product_cat-juguetes-bienestar-anal","8":"product_cat-juguetes-bienestar-juguetes-para-mujeresestimuladores","9":"product_cat-juguetes-bienestar","10":"product_cat-juguetes-bienestar-juguetes-para-mujeres","11":"product_cat-ofertas","12":"product_cat-juguetes-bienestar-analplugs-anales","13":"product_cat-juguetes-bienestar-vibradores","14":"product_cat-juguetes-bienestar-analvibradores-anales","15":"product_cat-juguetes-bienestar-vibradoresvibradores-control-remoto","16":"yith_product_brand-picobong","18":"first","19":"instock","20":"taxable","21":"shipping-taxable","22":"purchasable","23":"product-type-simple"},"aioseo_notices":[],"_links":{"self":[{"href":"https:\/\/www.mysexualfantasy.eu\/en\/wp-json\/wp\/v2\/product\/16208","targetHints":{"allow":["GET"]}}],"collection":[{"href":"https:\/\/www.mysexualfantasy.eu\/en\/wp-json\/wp\/v2\/product"}],"about":[{"href":"https:\/\/www.mysexualfantasy.eu\/en\/wp-json\/wp\/v2\/types\/product"}],"replies":[{"embeddable":true,"href":"https:\/\/www.mysexualfantasy.eu\/en\/wp-json\/wp\/v2\/comments?post=16208"}],"wp:featuredmedia":[{"embeddable":true,"href":"https:\/\/www.mysexualfantasy.eu\/en\/wp-json\/wp\/v2\/media\/42035"}],"wp:attachment":[{"href":"https:\/\/www.mysexualfantasy.eu\/en\/wp-json\/wp\/v2\/media?parent=16208"}],"wp:term":[{"taxonomy":"product_brand","embeddable":true,"href":"https:\/\/www.mysexualfantasy.eu\/en\/wp-json\/wp\/v2\/product_brand?post=16208"},{"taxonomy":"product_cat","embeddable":true,"href":"https:\/\/www.mysexualfantasy.eu\/en\/wp-json\/wp\/v2\/product_cat?post=16208"},{"taxonomy":"product_tag","embeddable":true,"href":"https:\/\/www.mysexualfantasy.eu\/en\/wp-json\/wp\/v2\/product_tag?post=16208"}],"curies":[{"name":"wp","href":"https:\/\/api.w.org\/{rel}","templated":true}]}}