{"id":16231,"date":"2023-01-13T14:31:51","date_gmt":"2023-01-13T14:31:51","guid":{"rendered":"https:\/\/www.mysexualfantasy.eu\/?post_type=product&#038;p=16231"},"modified":"2023-12-06T17:25:34","modified_gmt":"2023-12-06T17:25:34","slug":"obsessive-satinia-bata-negra-s-m","status":"publish","type":"product","link":"https:\/\/www.mysexualfantasy.eu\/en\/product\/obsessive-satinia-bata-negra-s-m\/","title":{"rendered":"OBSESSIVE &#8211; SATINIA BATA NEGRA S\/M"},"content":{"rendered":"<p style=\"line-height: 20.8px;\">Tiene cintur\u00f3n negro, pero no significa que vaya a haber \u00a0una pelea. Oh, no! Tiene intenciones pac\u00edficas.<\/p>\n<p style=\"line-height: 20.8px;\">No llevar\u00e1s solo paz, sino tambi\u00e9n amor, placer y deleite con este cintur\u00f3n y bata negros con tanga a juego<\/p>\n<p style=\"line-height: 20.8px;\">Caracter\u00edsticas:<\/p>\n<ul style=\"line-height: 20.8px;\">\n<li>Hecho de material brillante<\/li>\n<li>Atado con cintur\u00f3n raso, ancho<\/li>\n<li>Mangas \u00be \u00a0con decorados<\/li>\n<li>Cintur\u00f3n a juego<\/li>\n<li>Tela suave y delicada (95% poli\u00e9ster, 5% elastano)<\/li>\n<li>Categor\u00eda: sexy<\/li>\n<li>Talla: S\/M<\/li>\n<\/ul>","protected":false},"excerpt":{"rendered":"<p>OBSESSIVE &#8211; SATINIA BATA NEGRA S\/M<\/p>","protected":false},"featured_media":68702,"comment_status":"open","ping_status":"closed","template":"","meta":{"_monsterinsights_skip_tracking":false,"_monsterinsights_sitenote_active":false,"_monsterinsights_sitenote_note":"","_monsterinsights_sitenote_category":0,"_joinchat":[]},"product_brand":[],"product_cat":[1289,1196,1199,1166],"product_tag":[],"class_list":{"0":"post-16231","1":"product","2":"type-product","3":"status-publish","4":"has-post-thumbnail","6":"product_cat-moda-lencerialenceria-mujerlenceria-sexybatas-sexys","7":"product_cat-moda-lencerialenceria-mujer","8":"product_cat-moda-lencerialenceria-mujerlenceria-sexy","9":"product_cat-moda-lenceria","10":"yith_product_brand-obsessive","11":"yith_product_brand-obsessiveobsessive-babydoll","13":"first","14":"instock","15":"taxable","16":"shipping-taxable","17":"purchasable","18":"product-type-variable"},"aioseo_notices":[],"_links":{"self":[{"href":"https:\/\/www.mysexualfantasy.eu\/en\/wp-json\/wp\/v2\/product\/16231","targetHints":{"allow":["GET"]}}],"collection":[{"href":"https:\/\/www.mysexualfantasy.eu\/en\/wp-json\/wp\/v2\/product"}],"about":[{"href":"https:\/\/www.mysexualfantasy.eu\/en\/wp-json\/wp\/v2\/types\/product"}],"replies":[{"embeddable":true,"href":"https:\/\/www.mysexualfantasy.eu\/en\/wp-json\/wp\/v2\/comments?post=16231"}],"wp:featuredmedia":[{"embeddable":true,"href":"https:\/\/www.mysexualfantasy.eu\/en\/wp-json\/wp\/v2\/media\/68702"}],"wp:attachment":[{"href":"https:\/\/www.mysexualfantasy.eu\/en\/wp-json\/wp\/v2\/media?parent=16231"}],"wp:term":[{"taxonomy":"product_brand","embeddable":true,"href":"https:\/\/www.mysexualfantasy.eu\/en\/wp-json\/wp\/v2\/product_brand?post=16231"},{"taxonomy":"product_cat","embeddable":true,"href":"https:\/\/www.mysexualfantasy.eu\/en\/wp-json\/wp\/v2\/product_cat?post=16231"},{"taxonomy":"product_tag","embeddable":true,"href":"https:\/\/www.mysexualfantasy.eu\/en\/wp-json\/wp\/v2\/product_tag?post=16231"}],"curies":[{"name":"wp","href":"https:\/\/api.w.org\/{rel}","templated":true}]}}