{"id":16242,"date":"2023-01-13T13:22:41","date_gmt":"2023-01-13T13:22:41","guid":{"rendered":"https:\/\/www.mysexualfantasy.eu\/?post_type=product&#038;p=16242"},"modified":"2023-12-06T14:50:48","modified_gmt":"2023-12-06T14:50:48","slug":"fetish-fantasy-series-strap-on-talla-grande","status":"publish","type":"product","link":"https:\/\/www.mysexualfantasy.eu\/en\/product\/fetish-fantasy-series-strap-on-talla-grande\/","title":{"rendered":"FETISH FANTASY SERIES  STRAP-ON TALLA GRANDE"},"content":{"rendered":"<p>Por fin, un strap-on para mujeres con tallas mas grandes!<\/p>\n<p>El Strap-On-Plus favorece\u00a0y se adapta perfectamente a las mujeres con curvas, con una pretina de cuero ajustable que se adapta f\u00e1cilmente hasta 122 cm.<\/p>\n<p>Un fuerte y c\u00f3modo anillo de metal sostiene el dong firmemente en su lugar cuando la acci\u00f3n comienza. El arn\u00e9s de cuero se ajusta f\u00e1cilmente para adaptarse a diferentes tama\u00f1os, siendo el strap-on m\u00e1s vers\u00e1til del mercado. Ahora Fetish Fantasies vienen para todas las formas y tama\u00f1os!<\/p>\n<ul>\n<li>Dildo de 20 cm libre de f\u00e1latos<\/li>\n<li>Arn\u00e9s de cuero ajustable<\/li>\n<li>Se adapta hasta 48&#8243;(122cm)<\/li>\n<li>Anillo metal<\/li>\n<li>Antifaz Satin Love<\/li>\n<\/ul>\n<p style=\"text-align: center;\"><iframe allowfullscreen=\"\" frameborder=\"0\" height=\"400\" mozallowfullscreen=\"\" src=\"https:\/\/player.vimeo.com\/video\/160619574\" webkitallowfullscreen=\"\" width=\"700\"><\/iframe><\/p>","protected":false},"excerpt":{"rendered":"<p>FETISH FANTASY SERIES PLUS SIZE STRAP-ON<\/p>","protected":false},"featured_media":58607,"comment_status":"open","ping_status":"closed","template":"","meta":{"_monsterinsights_skip_tracking":false,"_monsterinsights_sitenote_active":false,"_monsterinsights_sitenote_note":"","_monsterinsights_sitenote_category":0,"_joinchat":[]},"product_brand":[],"product_cat":[1173,1174,1152],"product_tag":[],"class_list":{"0":"post-16242","1":"product","2":"type-product","3":"status-publish","4":"has-post-thumbnail","6":"product_cat-juguetes-bienestar-arneses","7":"product_cat-juguetes-bienestar-arnesesarneses-sin-vibracion","8":"product_cat-juguetes-bienestar","9":"yith_product_brand-pipedreamsfetish-fantasy-series","10":"yith_product_brand-pipedreams","12":"first","13":"instock","14":"taxable","15":"shipping-taxable","16":"purchasable","17":"product-type-simple"},"aioseo_notices":[],"_links":{"self":[{"href":"https:\/\/www.mysexualfantasy.eu\/en\/wp-json\/wp\/v2\/product\/16242","targetHints":{"allow":["GET"]}}],"collection":[{"href":"https:\/\/www.mysexualfantasy.eu\/en\/wp-json\/wp\/v2\/product"}],"about":[{"href":"https:\/\/www.mysexualfantasy.eu\/en\/wp-json\/wp\/v2\/types\/product"}],"replies":[{"embeddable":true,"href":"https:\/\/www.mysexualfantasy.eu\/en\/wp-json\/wp\/v2\/comments?post=16242"}],"wp:featuredmedia":[{"embeddable":true,"href":"https:\/\/www.mysexualfantasy.eu\/en\/wp-json\/wp\/v2\/media\/58607"}],"wp:attachment":[{"href":"https:\/\/www.mysexualfantasy.eu\/en\/wp-json\/wp\/v2\/media?parent=16242"}],"wp:term":[{"taxonomy":"product_brand","embeddable":true,"href":"https:\/\/www.mysexualfantasy.eu\/en\/wp-json\/wp\/v2\/product_brand?post=16242"},{"taxonomy":"product_cat","embeddable":true,"href":"https:\/\/www.mysexualfantasy.eu\/en\/wp-json\/wp\/v2\/product_cat?post=16242"},{"taxonomy":"product_tag","embeddable":true,"href":"https:\/\/www.mysexualfantasy.eu\/en\/wp-json\/wp\/v2\/product_tag?post=16242"}],"curies":[{"name":"wp","href":"https:\/\/api.w.org\/{rel}","templated":true}]}}