{"id":16268,"date":"2023-01-13T11:40:38","date_gmt":"2023-01-13T11:40:38","guid":{"rendered":"https:\/\/www.mysexualfantasy.eu\/?post_type=product&#038;p=16268"},"modified":"2023-12-06T15:23:29","modified_gmt":"2023-12-06T15:23:29","slug":"strap-on-negro-fetish-fantasy-extreme","status":"publish","type":"product","link":"https:\/\/www.mysexualfantasy.eu\/en\/product\/strap-on-negro-fetish-fantasy-extreme\/","title":{"rendered":"FETISH FANTASY EXTREME &#8211; STRAP-ON NEGRO"},"content":{"rendered":"<p>Strap-on cuenta con un grueso dildo de 25.5 cm, libre de f\u00e1latos y sostenido por un arn\u00e9s de de cuero y un anillo de acero que lo sujeta.<\/p>\n<p>El arn\u00e9s de ajusta f\u00e1cilmente a la mayor\u00eda de los tama\u00f1os y es realmente c\u00f3modo. Un largo tubo de pl\u00e1stico de una pulgada de di\u00e1metro puede ser colocado dentro del dildo para que pueda ser usado adem\u00e1s por ambos sexos.<\/p>\n<p>\u00a1Los que dicen que el tama\u00f1o no importa es que no han utilizado este strap-on!<\/p>\n<ul>\n<li>Longitud: 25.5 cm<\/li>\n<li>Longitud insertable: 18 cm<\/li>\n<li>Ancho: 6.5 cm<\/li>\n<li>Longitud interior dildo: 15 cm<\/li>\n<li>Di\u00e1metro interior dildo: 3 cm<\/li>\n<li>Color: Negro<\/li>\n<\/ul>","protected":false},"excerpt":{"rendered":"<p>FETISH FANTASY EXTREME &#8211; HOLLOW STRAP-ON BLACK<\/p>","protected":false},"featured_media":40950,"comment_status":"open","ping_status":"closed","template":"","meta":{"_monsterinsights_skip_tracking":false,"_monsterinsights_sitenote_active":false,"_monsterinsights_sitenote_note":"","_monsterinsights_sitenote_category":0,"_joinchat":[]},"product_brand":[],"product_cat":[1170,1173,1174,1184,1152,1160],"product_tag":[],"class_list":{"0":"post-16268","1":"product","2":"type-product","3":"status-publish","4":"has-post-thumbnail","6":"product_cat-juguetes-bienestar-juguetes-para-hombresaccesorios-para-el-pene","7":"product_cat-juguetes-bienestar-arneses","8":"product_cat-juguetes-bienestar-arnesesarneses-sin-vibracion","9":"product_cat-juguetes-bienestar-juguetes-para-hombresaccesorios-para-el-peneextensiones-para-el-pene","10":"product_cat-juguetes-bienestar","11":"product_cat-juguetes-bienestar-juguetes-para-hombres","12":"yith_product_brand-pipedreamsfetish-fantasy-extreme","13":"yith_product_brand-pipedreams","15":"first","16":"instock","17":"taxable","18":"shipping-taxable","19":"purchasable","20":"product-type-simple"},"aioseo_notices":[],"_links":{"self":[{"href":"https:\/\/www.mysexualfantasy.eu\/en\/wp-json\/wp\/v2\/product\/16268","targetHints":{"allow":["GET"]}}],"collection":[{"href":"https:\/\/www.mysexualfantasy.eu\/en\/wp-json\/wp\/v2\/product"}],"about":[{"href":"https:\/\/www.mysexualfantasy.eu\/en\/wp-json\/wp\/v2\/types\/product"}],"replies":[{"embeddable":true,"href":"https:\/\/www.mysexualfantasy.eu\/en\/wp-json\/wp\/v2\/comments?post=16268"}],"wp:featuredmedia":[{"embeddable":true,"href":"https:\/\/www.mysexualfantasy.eu\/en\/wp-json\/wp\/v2\/media\/40950"}],"wp:attachment":[{"href":"https:\/\/www.mysexualfantasy.eu\/en\/wp-json\/wp\/v2\/media?parent=16268"}],"wp:term":[{"taxonomy":"product_brand","embeddable":true,"href":"https:\/\/www.mysexualfantasy.eu\/en\/wp-json\/wp\/v2\/product_brand?post=16268"},{"taxonomy":"product_cat","embeddable":true,"href":"https:\/\/www.mysexualfantasy.eu\/en\/wp-json\/wp\/v2\/product_cat?post=16268"},{"taxonomy":"product_tag","embeddable":true,"href":"https:\/\/www.mysexualfantasy.eu\/en\/wp-json\/wp\/v2\/product_tag?post=16268"}],"curies":[{"name":"wp","href":"https:\/\/api.w.org\/{rel}","templated":true}]}}