{"id":16322,"date":"2023-01-13T14:12:28","date_gmt":"2023-01-13T14:12:28","guid":{"rendered":"https:\/\/www.mysexualfantasy.eu\/?post_type=product&#038;p=16322"},"modified":"2023-12-06T16:23:29","modified_gmt":"2023-12-06T16:23:29","slug":"set-entrenamiento-mordazas-fetish-fantasy-series","status":"publish","type":"product","link":"https:\/\/www.mysexualfantasy.eu\/en\/product\/set-entrenamiento-mordazas-fetish-fantasy-series\/","title":{"rendered":"SET ENTRENAMIENTO MORDAZAS FETISH FANTASY SERIES"},"content":{"rendered":"<p>\u00a1No digas una sola palabra! Este set de entrenamiento es perfecto para novatos que quieras ser amordazados.\u00a0<\/p>\n<p>Este\u00a0sistema de entrenamiento te permitir\u00e1 comenzar con una peque\u00f1a e ir aumentando gradualmente. Su correa es de vinilo negra y se ajusta a la mayoria de los trabajos d\u00e1ndote control sobre cu\u00e1ndo y cu\u00e1nto puede hablar tu amante.<\/p>\n<ul style=\"line-height: 20.8px;\">\n<li>3 Bolas de mordaza intercambiables (S, M L)<\/li>\n<li>1 correa ajustable de vinilo para la cabeza<\/li>\n<li>Agujeros para poder respirar<\/li>\n<li>Antifaz Satin Love<\/li>\n<li>Libre de ftalatos<\/li>\n<\/ul>\n<p style=\"text-align: center;\">\u00a0<\/p>\n<p style=\"text-align: center;\"><iframe allowfullscreen=\"\" frameborder=\"0\" height=\"400\" mozallowfullscreen=\"\" src=\"https:\/\/player.vimeo.com\/video\/160619608\" webkitallowfullscreen=\"\" width=\"700\"><\/iframe><\/p>","protected":false},"excerpt":{"rendered":"<p>FETISH FANTASY SERIES BALL GAG TRAINING SYSTEM<\/p>","protected":false},"featured_media":65735,"comment_status":"open","ping_status":"closed","template":"","meta":{"_monsterinsights_skip_tracking":false,"_monsterinsights_sitenote_active":false,"_monsterinsights_sitenote_note":"","_monsterinsights_sitenote_category":0,"_joinchat":[]},"product_brand":[],"product_cat":[1175,1178,1152,1396],"product_tag":[],"class_list":{"0":"post-16322","1":"product","2":"type-product","3":"status-publish","4":"has-post-thumbnail","6":"product_cat-bdsm-bondage","7":"product_cat-bdsm-bondage-bondage","8":"product_cat-juguetes-bienestar","9":"product_cat-bdsm-bondage-bondagemordazas","10":"yith_product_brand-pipedreamsfetish-fantasy-series","11":"yith_product_brand-pipedreams","13":"first","14":"instock","15":"taxable","16":"shipping-taxable","17":"purchasable","18":"product-type-simple"},"aioseo_notices":[],"_links":{"self":[{"href":"https:\/\/www.mysexualfantasy.eu\/en\/wp-json\/wp\/v2\/product\/16322","targetHints":{"allow":["GET"]}}],"collection":[{"href":"https:\/\/www.mysexualfantasy.eu\/en\/wp-json\/wp\/v2\/product"}],"about":[{"href":"https:\/\/www.mysexualfantasy.eu\/en\/wp-json\/wp\/v2\/types\/product"}],"replies":[{"embeddable":true,"href":"https:\/\/www.mysexualfantasy.eu\/en\/wp-json\/wp\/v2\/comments?post=16322"}],"wp:featuredmedia":[{"embeddable":true,"href":"https:\/\/www.mysexualfantasy.eu\/en\/wp-json\/wp\/v2\/media\/65735"}],"wp:attachment":[{"href":"https:\/\/www.mysexualfantasy.eu\/en\/wp-json\/wp\/v2\/media?parent=16322"}],"wp:term":[{"taxonomy":"product_brand","embeddable":true,"href":"https:\/\/www.mysexualfantasy.eu\/en\/wp-json\/wp\/v2\/product_brand?post=16322"},{"taxonomy":"product_cat","embeddable":true,"href":"https:\/\/www.mysexualfantasy.eu\/en\/wp-json\/wp\/v2\/product_cat?post=16322"},{"taxonomy":"product_tag","embeddable":true,"href":"https:\/\/www.mysexualfantasy.eu\/en\/wp-json\/wp\/v2\/product_tag?post=16322"}],"curies":[{"name":"wp","href":"https:\/\/api.w.org\/{rel}","templated":true}]}}