{"id":16366,"date":"2023-01-13T11:43:22","date_gmt":"2023-01-13T11:43:22","guid":{"rendered":"https:\/\/www.mysexualfantasy.eu\/?post_type=product&#038;p=16366"},"modified":"2023-12-06T16:14:59","modified_gmt":"2023-12-06T16:14:59","slug":"dillio-dildo-con-ventosa-17-8-cm-rosa","status":"publish","type":"product","link":"https:\/\/www.mysexualfantasy.eu\/en\/product\/dillio-dildo-con-ventosa-17-8-cm-rosa\/","title":{"rendered":"DILLIO &#8211; DILDO CON VENTOSA 17.8 CM &#8211; ROSA"},"content":{"rendered":"<p>La l\u00ednea Dillio de PIPEDREAM est\u00e1 dise\u00f1ada para que alcances siempre el puntito exacto. Con una gran gama de diferentes tama\u00f1os, grosores y formas, las posibilidades son ilimitadas.<\/p>\n<p>Cada dildo tiene una ventosa super fuerte\u00a0en su base para adherirlo\u00a0casi a cualquier superficie y\u00a0que puedas disfrutarlo donde quieras. Adem\u00e1s, es compatible con arneses. Te sientes aventurera? Atr\u00e9vete a probar tambi\u00e9n\u00a0nuestros dildos dobles o con arn\u00e9s con tu pareja<\/p>\n<p>Creados de una goma fabricada en Am\u00e9rica de alt\u00edsima calidad. Son 100 % libre de ftalatos, l\u00e1tes y adem\u00e1s son hipoalerg\u00e9nicos.<\/p>\n<ul>\n<li>Libres de ftalatos y l\u00e1tex<\/li>\n<li>Material: Goma<\/li>\n<li>Hipoalerg\u00e9nicos\u00a0<\/li>\n<\/ul>\n<p style=\"text-align: center;\">\u00a0<\/p>\n<p style=\"text-align: center;\"><iframe allowfullscreen=\"\" frameborder=\"0\" height=\"400\" mozallowfullscreen=\"\" src=\"https:\/\/player.vimeo.com\/video\/174591587\" webkitallowfullscreen=\"\" width=\"700\"><\/iframe><\/p>","protected":false},"excerpt":{"rendered":"<p>DILLIO &#8211; DILDO CON VENTOSA 17.8 CM &#8211; ROSA<\/p>","protected":false},"featured_media":41877,"comment_status":"open","ping_status":"closed","template":"","meta":{"_monsterinsights_skip_tracking":false,"_monsterinsights_sitenote_active":false,"_monsterinsights_sitenote_note":"","_monsterinsights_sitenote_category":0,"_joinchat":[]},"product_brand":[],"product_cat":[1182,1304,1152,1155,1165],"product_tag":[],"class_list":{"0":"post-16366","1":"product","2":"type-product","3":"status-publish","4":"has-post-thumbnail","6":"product_cat-juguetes-bienestar-dildos","7":"product_cat-juguetes-bienestar-dildosdildos-para-arneses","8":"product_cat-juguetes-bienestar","9":"product_cat-juguetes-bienestar-juguetes-para-mujeres","10":"product_cat-juguetes-bienestar-juguetes-para-mujeresmasturbadores-para-ellas","11":"yith_product_brand-pipedreamsdillio","12":"yith_product_brand-pipedreams","14":"first","15":"instock","16":"taxable","17":"shipping-taxable","18":"purchasable","19":"product-type-simple"},"aioseo_notices":[],"_links":{"self":[{"href":"https:\/\/www.mysexualfantasy.eu\/en\/wp-json\/wp\/v2\/product\/16366","targetHints":{"allow":["GET"]}}],"collection":[{"href":"https:\/\/www.mysexualfantasy.eu\/en\/wp-json\/wp\/v2\/product"}],"about":[{"href":"https:\/\/www.mysexualfantasy.eu\/en\/wp-json\/wp\/v2\/types\/product"}],"replies":[{"embeddable":true,"href":"https:\/\/www.mysexualfantasy.eu\/en\/wp-json\/wp\/v2\/comments?post=16366"}],"wp:featuredmedia":[{"embeddable":true,"href":"https:\/\/www.mysexualfantasy.eu\/en\/wp-json\/wp\/v2\/media\/41877"}],"wp:attachment":[{"href":"https:\/\/www.mysexualfantasy.eu\/en\/wp-json\/wp\/v2\/media?parent=16366"}],"wp:term":[{"taxonomy":"product_brand","embeddable":true,"href":"https:\/\/www.mysexualfantasy.eu\/en\/wp-json\/wp\/v2\/product_brand?post=16366"},{"taxonomy":"product_cat","embeddable":true,"href":"https:\/\/www.mysexualfantasy.eu\/en\/wp-json\/wp\/v2\/product_cat?post=16366"},{"taxonomy":"product_tag","embeddable":true,"href":"https:\/\/www.mysexualfantasy.eu\/en\/wp-json\/wp\/v2\/product_tag?post=16366"}],"curies":[{"name":"wp","href":"https:\/\/api.w.org\/{rel}","templated":true}]}}