{"id":16457,"date":"2023-01-13T12:50:34","date_gmt":"2023-01-13T12:50:34","guid":{"rendered":"https:\/\/www.mysexualfantasy.eu\/?post_type=product&#038;p=16457"},"modified":"2023-12-06T16:18:55","modified_gmt":"2023-12-06T16:18:55","slug":"spray-retardante-pjur-superhero-20-ml","status":"publish","type":"product","link":"https:\/\/www.mysexualfantasy.eu\/en\/product\/spray-retardante-pjur-superhero-20-ml\/","title":{"rendered":"SPRAY RETARDANTE PJUR SUPERHERO 20 ML"},"content":{"rendered":"<p>El producto \u00fanico de cuidado \u00edntimo, esta especialmente dise\u00f1ado para el disfrute prolongado de os hombres. Con m\u00e1s ingredientes y jengibre altamente concentrado, los extractos de jengibre seleccionados pueden estimular y reducir la hipersensibilidad de la piel.<\/p>\n<p>Adecuado para uso externo en la piel.<\/p>\n<p>Consigue que tu rendimiento dure m\u00e1s! Delay Spray para los hombres &#8211; f\u00f3rmula optimizada Con extractos de jengibre naturales<\/p>\n<p>Reduce el exceso de sensibilidad en la piel<\/p>\n<ul>\n<li>Envase 20 Ml<\/li>\n<\/ul>\n<p style=\"text-align: center;\">\u00a0<\/p>","protected":false},"excerpt":{"rendered":"<p>PACKAGING DISPONIBLE EN: \/es\/en\/fr\/de\/nl\/it\/sv\/<\/p>","protected":false},"featured_media":53767,"comment_status":"open","ping_status":"closed","template":"","meta":{"_monsterinsights_skip_tracking":false,"_monsterinsights_sitenote_active":false,"_monsterinsights_sitenote_note":"","_monsterinsights_sitenote_category":0,"_joinchat":[]},"product_brand":[],"product_cat":[1203,1342,1343],"product_tag":[],"class_list":{"0":"post-16457","1":"product","2":"type-product","3":"status-publish","4":"has-post-thumbnail","6":"product_cat-drogueria","7":"product_cat-drogueria-estimulantes-para-ellos","8":"product_cat-drogueria-estimulantes-para-ellosretardantes","9":"yith_product_brand-pjur","11":"first","12":"instock","13":"taxable","14":"shipping-taxable","15":"purchasable","16":"product-type-simple"},"aioseo_notices":[],"_links":{"self":[{"href":"https:\/\/www.mysexualfantasy.eu\/en\/wp-json\/wp\/v2\/product\/16457","targetHints":{"allow":["GET"]}}],"collection":[{"href":"https:\/\/www.mysexualfantasy.eu\/en\/wp-json\/wp\/v2\/product"}],"about":[{"href":"https:\/\/www.mysexualfantasy.eu\/en\/wp-json\/wp\/v2\/types\/product"}],"replies":[{"embeddable":true,"href":"https:\/\/www.mysexualfantasy.eu\/en\/wp-json\/wp\/v2\/comments?post=16457"}],"wp:featuredmedia":[{"embeddable":true,"href":"https:\/\/www.mysexualfantasy.eu\/en\/wp-json\/wp\/v2\/media\/53767"}],"wp:attachment":[{"href":"https:\/\/www.mysexualfantasy.eu\/en\/wp-json\/wp\/v2\/media?parent=16457"}],"wp:term":[{"taxonomy":"product_brand","embeddable":true,"href":"https:\/\/www.mysexualfantasy.eu\/en\/wp-json\/wp\/v2\/product_brand?post=16457"},{"taxonomy":"product_cat","embeddable":true,"href":"https:\/\/www.mysexualfantasy.eu\/en\/wp-json\/wp\/v2\/product_cat?post=16457"},{"taxonomy":"product_tag","embeddable":true,"href":"https:\/\/www.mysexualfantasy.eu\/en\/wp-json\/wp\/v2\/product_tag?post=16457"}],"curies":[{"name":"wp","href":"https:\/\/api.w.org\/{rel}","templated":true}]}}