{"id":16652,"date":"2023-01-13T13:58:42","date_gmt":"2023-01-13T13:58:42","guid":{"rendered":"https:\/\/www.mysexualfantasy.eu\/?post_type=product&#038;p=16652"},"modified":"2023-12-06T16:15:02","modified_gmt":"2023-12-06T16:15:02","slug":"dildo-vibrador-king-cock-20-32-cm-natural","status":"publish","type":"product","link":"https:\/\/www.mysexualfantasy.eu\/en\/product\/dildo-vibrador-king-cock-20-32-cm-natural\/","title":{"rendered":"DILDO VIBRADOR KING COCK 20.32 CM NATURAL"},"content":{"rendered":"<p style=\"line-height: 20.8px;\">Poco despu\u00e9s del lanzamiento de la marca en Enero de 2015, King Cock ya estaba reconocida por su enorme calidad y el realismo de sus productos, fabricados en goma americana.<\/p>\n<p style=\"line-height: 20.8px;\">Hasta llegar a lo mas alto, el m\u00e9todo ha sido sencillo: se ha creado un producto de origen americano a un precio mas que asequible y se ha sido capaz de producir de tal forma que siempre hubiera unidades en stock.<\/p>\n<p style=\"line-height: 20.8px;\">Pipedreams tiene la capacidad y las infraestructuras necesarias para producir mas de 10000 unidades diarias y con socios distribuidores por todo el mundo.<\/p>\n<p style=\"line-height: 20.8px;\">Los nuevos dildos vibradores de King Cock son los vibradores mas realistas del mundo. Cada vena, cada detalle y la posibilidad de poder moldear el eje a tu gusto har\u00e1n que vivas la mas realista y mejor de las experiencias. Contornealo a tu gusto y deja que te batan las vibraciones de su potente motor.<\/p>\n<p style=\"line-height: 20.8px;\">Adem\u00e1s incorpora una fuerte ventosa para que lo adaptes a cualquier superficie plana o a los arneses King Cock compatibles y son resistentes al agua con lo que podr\u00e1s usarlos tambi\u00e9n en la ducha o spa y convertir el tiempo del ba\u00f1o en un tiempo de placer<\/p>\n<ul style=\"line-height: 20.8px;\">\n<li>Libre de ftalatos<\/li>\n<li>Multivelocidad<\/li>\n<li>Sumergible<\/li>\n<li>Longitud: 20.32\u00a0cm<\/li>\n<li>Color: Natural<\/li>\n<\/ul>\n<p>\u00a0<\/p>\n<p style=\"text-align: center;\">\u00a0<\/p>\n<p style=\"text-align: center;\"><iframe allowfullscreen=\"\" frameborder=\"0\" height=\"400\" mozallowfullscreen=\"\" src=\"https:\/\/player.vimeo.com\/video\/174592140\" webkitallowfullscreen=\"\" width=\"700\"><\/iframe><\/p>","protected":false},"excerpt":{"rendered":"<p>DILDO VIBRADOR KING COCK 20.32 CM NATURAL<\/p>","protected":false},"featured_media":63742,"comment_status":"open","ping_status":"closed","template":"","meta":{"_monsterinsights_skip_tracking":false,"_monsterinsights_sitenote_active":false,"_monsterinsights_sitenote_note":"","_monsterinsights_sitenote_category":0,"_joinchat":[]},"product_brand":[],"product_cat":[1193,1152,1155,1165,1153,1292,1295],"product_tag":[],"class_list":{"0":"post-16652","1":"product","2":"type-product","3":"status-publish","4":"has-post-thumbnail","6":"product_cat-juguetes-bienestar-vibradores100-sumergible","7":"product_cat-juguetes-bienestar","8":"product_cat-juguetes-bienestar-juguetes-para-mujeres","9":"product_cat-juguetes-bienestar-juguetes-para-mujeresmasturbadores-para-ellas","10":"product_cat-juguetes-bienestar-vibradores","11":"product_cat-juguetes-bienestar-vibradoresvibradores-clasicos-anales-o-vaginales","12":"product_cat-juguetes-bienestar-vibradoresvibradores-realisticos","13":"yith_product_brand-pipedreamsking-cock","14":"yith_product_brand-pipedreams","16":"first","17":"instock","18":"taxable","19":"shipping-taxable","20":"purchasable","21":"product-type-simple"},"aioseo_notices":[],"_links":{"self":[{"href":"https:\/\/www.mysexualfantasy.eu\/en\/wp-json\/wp\/v2\/product\/16652","targetHints":{"allow":["GET"]}}],"collection":[{"href":"https:\/\/www.mysexualfantasy.eu\/en\/wp-json\/wp\/v2\/product"}],"about":[{"href":"https:\/\/www.mysexualfantasy.eu\/en\/wp-json\/wp\/v2\/types\/product"}],"replies":[{"embeddable":true,"href":"https:\/\/www.mysexualfantasy.eu\/en\/wp-json\/wp\/v2\/comments?post=16652"}],"wp:featuredmedia":[{"embeddable":true,"href":"https:\/\/www.mysexualfantasy.eu\/en\/wp-json\/wp\/v2\/media\/63742"}],"wp:attachment":[{"href":"https:\/\/www.mysexualfantasy.eu\/en\/wp-json\/wp\/v2\/media?parent=16652"}],"wp:term":[{"taxonomy":"product_brand","embeddable":true,"href":"https:\/\/www.mysexualfantasy.eu\/en\/wp-json\/wp\/v2\/product_brand?post=16652"},{"taxonomy":"product_cat","embeddable":true,"href":"https:\/\/www.mysexualfantasy.eu\/en\/wp-json\/wp\/v2\/product_cat?post=16652"},{"taxonomy":"product_tag","embeddable":true,"href":"https:\/\/www.mysexualfantasy.eu\/en\/wp-json\/wp\/v2\/product_tag?post=16652"}],"curies":[{"name":"wp","href":"https:\/\/api.w.org\/{rel}","templated":true}]}}