{"id":16721,"date":"2023-01-13T12:01:25","date_gmt":"2023-01-13T12:01:25","guid":{"rendered":"https:\/\/www.mysexualfantasy.eu\/?post_type=product&#038;p=16721"},"modified":"2023-12-06T15:58:21","modified_gmt":"2023-12-06T15:58:21","slug":"huevo-vibrador-debby-con-mando-pretty-love","status":"publish","type":"product","link":"https:\/\/www.mysexualfantasy.eu\/en\/product\/huevo-vibrador-debby-con-mando-pretty-love\/","title":{"rendered":"HUEVO VIBRADOR DEBBY CON MANDO PRETTY LOVE"},"content":{"rendered":"<p style=\"line-height: 20.8px;\">Elegante huevo vibrador\u00a0en color Lila de calidad inigualable que puede ofrecer una estimulaci\u00f3n altamente agradable.<\/p>\n<p style=\"line-height: 20.8px;\">Te dar\u00e1 sin duda un paseo inolvidable, al mismo tiempo que se introduce dentro de ti, haci\u00e9ndote sentir a\u00fan m\u00e1s profundamente sus vibraciones, masajeando tu interior o tu clitoris.<\/p>\n<p style=\"line-height: 20.8px;\">Pretty Love es sinonimo de Calidad.<\/p>\n<ul style=\"line-height: 20.8px;\">\n<li>Dispone de 12\u00a0impulsos diferentes diferentes de vibraci\u00f3n.<\/li>\n<li>Silicona 100% Alta Calidad libre de ftalatos aprobada por la FDA<\/li>\n<li>Muy Silencioso<\/li>\n<li>Facil uso gracias a su panel de control.<\/li>\n<li>Material: Silicona<\/li>\n<li style=\"line-height: 20.8px;\">Funciona con una pila AAA (cada uno mando y huevo, no\u00a0inclu\u00eddas)<\/li>\n<\/ul>\n<p style=\"line-height: 20.8px;\">Pretty Love fabrica productos con exigentes normas de calidad, todos sus productos estan dise\u00f1ados en Estados Unidos y tienen 1 a\u00f1o de garant\u00eda en defectos t\u00e9cnicos.<\/p>\n<p style=\"line-height: 20.8px;\">\u00a0<\/p>","protected":false},"excerpt":{"rendered":"<p>HUEVO VIBRADOR DEBBY CON MANDO PRETTY LOVE<\/p>","protected":false},"featured_media":44577,"comment_status":"open","ping_status":"closed","template":"","meta":{"_monsterinsights_skip_tracking":false,"_monsterinsights_sitenote_active":false,"_monsterinsights_sitenote_note":"","_monsterinsights_sitenote_category":0,"_joinchat":[]},"product_brand":[],"product_cat":[1156,1152,1155,1294,1153,1154],"product_tag":[],"class_list":{"0":"post-16721","1":"product","2":"type-product","3":"status-publish","4":"has-post-thumbnail","6":"product_cat-juguetes-bienestar-juguetes-para-mujeresestimuladores","7":"product_cat-juguetes-bienestar","8":"product_cat-juguetes-bienestar-juguetes-para-mujeres","9":"product_cat-juguetes-bienestar-vibradoresmini-vibradores","10":"product_cat-juguetes-bienestar-vibradores","11":"product_cat-juguetes-bienestar-vibradoresvibradores-control-remoto","12":"yith_product_brand-pretty-love","13":"yith_product_brand-pretty-lovepretty-love-flirtation","15":"first","16":"instock","17":"taxable","18":"shipping-taxable","19":"purchasable","20":"product-type-simple"},"aioseo_notices":[],"_links":{"self":[{"href":"https:\/\/www.mysexualfantasy.eu\/en\/wp-json\/wp\/v2\/product\/16721","targetHints":{"allow":["GET"]}}],"collection":[{"href":"https:\/\/www.mysexualfantasy.eu\/en\/wp-json\/wp\/v2\/product"}],"about":[{"href":"https:\/\/www.mysexualfantasy.eu\/en\/wp-json\/wp\/v2\/types\/product"}],"replies":[{"embeddable":true,"href":"https:\/\/www.mysexualfantasy.eu\/en\/wp-json\/wp\/v2\/comments?post=16721"}],"wp:featuredmedia":[{"embeddable":true,"href":"https:\/\/www.mysexualfantasy.eu\/en\/wp-json\/wp\/v2\/media\/44577"}],"wp:attachment":[{"href":"https:\/\/www.mysexualfantasy.eu\/en\/wp-json\/wp\/v2\/media?parent=16721"}],"wp:term":[{"taxonomy":"product_brand","embeddable":true,"href":"https:\/\/www.mysexualfantasy.eu\/en\/wp-json\/wp\/v2\/product_brand?post=16721"},{"taxonomy":"product_cat","embeddable":true,"href":"https:\/\/www.mysexualfantasy.eu\/en\/wp-json\/wp\/v2\/product_cat?post=16721"},{"taxonomy":"product_tag","embeddable":true,"href":"https:\/\/www.mysexualfantasy.eu\/en\/wp-json\/wp\/v2\/product_tag?post=16721"}],"curies":[{"name":"wp","href":"https:\/\/api.w.org\/{rel}","templated":true}]}}