{"id":16729,"date":"2023-01-13T14:49:42","date_gmt":"2023-01-13T14:49:42","guid":{"rendered":"https:\/\/www.mysexualfantasy.eu\/?post_type=product&#038;p=16729"},"modified":"2023-12-06T15:20:37","modified_gmt":"2023-12-06T15:20:37","slug":"juego-de-cartas-posturas-sexuales-un-ano-de-sexo-en","status":"publish","type":"product","link":"https:\/\/www.mysexualfantasy.eu\/en\/product\/juego-de-cartas-posturas-sexuales-un-ano-de-sexo-en\/","title":{"rendered":"JUEGO DE CARTAS POSTURAS SEXUALES UN A\u00d1O DE&#8230;\u00a1SEXO!  EN"},"content":{"rendered":"<p>Este juego de cartas te ofrece m\u00e1s de 50 posturas diferentes del Kamasutra.<\/p>\n<p>Puedes usar las cartas como referencia o juega a uno de los 3 juegos que incluye para construir tu propia fantas\u00eda. Cada una de las cartas ofrece una ilustraci\u00f3n, instrucciones para esa t\u00e9cnica y posici\u00f3n y un reto calificado del 1 al 5, siendo 5 el m\u00e1s intensamente org\u00e1smico.<\/p>\n<ul>\n<li>Incluye nueva presentaci\u00f3n y nuevas cartas<\/li>\n<li>Idioma: Ingl\u00e9s\u00a0<\/li>\n<\/ul>","protected":false},"excerpt":{"rendered":"<p>JUEGO DE CARTAS POSTURAS SEXUALES UN A\u00d1O DE&#8230;\u00a1SEXO! KEPHER GAMES EN<\/p>","protected":false},"featured_media":71712,"comment_status":"open","ping_status":"closed","template":"","meta":{"_monsterinsights_skip_tracking":false,"_monsterinsights_sitenote_active":false,"_monsterinsights_sitenote_note":"","_monsterinsights_sitenote_category":0,"_joinchat":[]},"product_brand":[],"product_cat":[616,1235,1232,1267,1236],"product_tag":[],"class_list":{"0":"post-16729","1":"product","2":"type-product","3":"status-publish","4":"has-post-thumbnail","6":"product_cat-juegos","7":"product_cat-juegos-juegos-de-cartas","8":"product_cat-juegos-juegos-de-pareja","9":"product_cat-juegos-juegos-en-espanol","10":"product_cat-juegos-juegos-en-ingles","11":"yith_product_brand-kheper-games","13":"first","14":"instock","15":"taxable","16":"shipping-taxable","17":"purchasable","18":"product-type-simple"},"aioseo_notices":[],"_links":{"self":[{"href":"https:\/\/www.mysexualfantasy.eu\/en\/wp-json\/wp\/v2\/product\/16729","targetHints":{"allow":["GET"]}}],"collection":[{"href":"https:\/\/www.mysexualfantasy.eu\/en\/wp-json\/wp\/v2\/product"}],"about":[{"href":"https:\/\/www.mysexualfantasy.eu\/en\/wp-json\/wp\/v2\/types\/product"}],"replies":[{"embeddable":true,"href":"https:\/\/www.mysexualfantasy.eu\/en\/wp-json\/wp\/v2\/comments?post=16729"}],"wp:featuredmedia":[{"embeddable":true,"href":"https:\/\/www.mysexualfantasy.eu\/en\/wp-json\/wp\/v2\/media\/71712"}],"wp:attachment":[{"href":"https:\/\/www.mysexualfantasy.eu\/en\/wp-json\/wp\/v2\/media?parent=16729"}],"wp:term":[{"taxonomy":"product_brand","embeddable":true,"href":"https:\/\/www.mysexualfantasy.eu\/en\/wp-json\/wp\/v2\/product_brand?post=16729"},{"taxonomy":"product_cat","embeddable":true,"href":"https:\/\/www.mysexualfantasy.eu\/en\/wp-json\/wp\/v2\/product_cat?post=16729"},{"taxonomy":"product_tag","embeddable":true,"href":"https:\/\/www.mysexualfantasy.eu\/en\/wp-json\/wp\/v2\/product_tag?post=16729"}],"curies":[{"name":"wp","href":"https:\/\/api.w.org\/{rel}","templated":true}]}}