{"id":16732,"date":"2023-01-13T11:43:22","date_gmt":"2023-01-13T11:43:22","guid":{"rendered":"https:\/\/www.mysexualfantasy.eu\/?post_type=product&#038;p=16732"},"modified":"2023-12-06T16:14:36","modified_gmt":"2023-12-06T16:14:36","slug":"fetish-fantasy-limited-edition-super-suckers","status":"publish","type":"product","link":"https:\/\/www.mysexualfantasy.eu\/en\/product\/fetish-fantasy-limited-edition-super-suckers\/","title":{"rendered":"FETISH FANTASY LIMITED EDITION &#8211; SUPER SUCCIONADOR DE PEZONES"},"content":{"rendered":"<p>Haz que tus pezones se endurezcan de placer con el Super succionador\u00a0 de pezones de la serie Fetish Fantasy Limited Edition. Con muy poco, este incre\u00edble succionador de pezones crea una intensa presi\u00f3n que aumenta el nivel sangu\u00edneo y aumenta el tama\u00f1o de tus pezones y su sensibilidad hasta l\u00edmites insospechados. Con cada vuelta, tus pezones y areola disfrutar\u00e1n de satisfacci\u00f3n. Os encantar\u00e1 tanto a tu pareja como a ti, tanto por su incre\u00edble aspecto, como por la sensibilidad y sensaciones que tendr\u00e1s. Tus pezones se mantendr\u00e1n duros durante horas, haciendo el contacto \u00edntimo mas divertido que nunca.<\/p>\n<p>Coloca el cilindro transparente sobre tu pez\u00f3n y baja el dial de succi\u00f3n hasta el contacto con tu piel. Los suaves cilindros te dar\u00e1n una sensaci\u00f3n agradable sobre ella y se mantendr\u00e1n en un sitio cuando la acci\u00f3n comience. Aplica una gran cantidad de presi\u00f3n al cilindro para asegurarte que se queda fijo en tus pechos y gira para ctivar la succi\u00f3n. Cada vez que gires, el succionador aumentar\u00e1 el nivel sangu\u00edneo y succionar\u00e1 tu pez\u00f3n dentro del tubo. Una vez que desenrosques y liberes la presi\u00f3n tus pezones seguir\u00e1n estando duros y listos para lo que pase despu\u00e9s.<\/p>\n<p>Lo mejor es que este succionador funciona sin tener que usar bomba de succi\u00f3n externa. Si quieres disfrutar del aspecto de tus pezones y areolas y de incre\u00edbles sensaciones, este succionador es un instrumento obligatorio para que puedas cumplir tus fantas\u00edas fetiches.\u00a0<\/p>\n<p style=\"text-align: center;\"><iframe allowfullscreen=\"\" frameborder=\"0\" height=\"400\" mozallowfullscreen=\"\" src=\"https:\/\/player.vimeo.com\/video\/188677986\" webkitallowfullscreen=\"\" width=\"700\"><\/iframe><\/p>","protected":false},"excerpt":{"rendered":"<p>FETISH FANTASY LIMITED EDITION &#8211; SUPER SUCKERS<\/p>","protected":false},"featured_media":41873,"comment_status":"open","ping_status":"closed","template":"","meta":{"_monsterinsights_skip_tracking":false,"_monsterinsights_sitenote_active":false,"_monsterinsights_sitenote_note":"","_monsterinsights_sitenote_category":0,"_joinchat":[]},"product_brand":[],"product_cat":[1156,1152,1155,1165],"product_tag":[],"class_list":{"0":"post-16732","1":"product","2":"type-product","3":"status-publish","4":"has-post-thumbnail","6":"product_cat-juguetes-bienestar-juguetes-para-mujeresestimuladores","7":"product_cat-juguetes-bienestar","8":"product_cat-juguetes-bienestar-juguetes-para-mujeres","9":"product_cat-juguetes-bienestar-juguetes-para-mujeresmasturbadores-para-ellas","10":"yith_product_brand-pipedreamsfetish-fantasy-ed-limitada","11":"yith_product_brand-pipedreams","13":"first","14":"instock","15":"taxable","16":"shipping-taxable","17":"purchasable","18":"product-type-simple"},"aioseo_notices":[],"_links":{"self":[{"href":"https:\/\/www.mysexualfantasy.eu\/en\/wp-json\/wp\/v2\/product\/16732","targetHints":{"allow":["GET"]}}],"collection":[{"href":"https:\/\/www.mysexualfantasy.eu\/en\/wp-json\/wp\/v2\/product"}],"about":[{"href":"https:\/\/www.mysexualfantasy.eu\/en\/wp-json\/wp\/v2\/types\/product"}],"replies":[{"embeddable":true,"href":"https:\/\/www.mysexualfantasy.eu\/en\/wp-json\/wp\/v2\/comments?post=16732"}],"wp:featuredmedia":[{"embeddable":true,"href":"https:\/\/www.mysexualfantasy.eu\/en\/wp-json\/wp\/v2\/media\/41873"}],"wp:attachment":[{"href":"https:\/\/www.mysexualfantasy.eu\/en\/wp-json\/wp\/v2\/media?parent=16732"}],"wp:term":[{"taxonomy":"product_brand","embeddable":true,"href":"https:\/\/www.mysexualfantasy.eu\/en\/wp-json\/wp\/v2\/product_brand?post=16732"},{"taxonomy":"product_cat","embeddable":true,"href":"https:\/\/www.mysexualfantasy.eu\/en\/wp-json\/wp\/v2\/product_cat?post=16732"},{"taxonomy":"product_tag","embeddable":true,"href":"https:\/\/www.mysexualfantasy.eu\/en\/wp-json\/wp\/v2\/product_tag?post=16732"}],"curies":[{"name":"wp","href":"https:\/\/api.w.org\/{rel}","templated":true}]}}