{"id":16889,"date":"2023-01-13T12:42:22","date_gmt":"2023-01-13T12:42:22","guid":{"rendered":"https:\/\/www.mysexualfantasy.eu\/?post_type=product&#038;p=16889"},"modified":"2023-12-06T15:06:52","modified_gmt":"2023-12-06T15:06:52","slug":"kamasutra-naturals-aceite-de-masaje-frutas-tropicales-236ml","status":"publish","type":"product","link":"https:\/\/www.mysexualfantasy.eu\/en\/product\/kamasutra-naturals-aceite-de-masaje-frutas-tropicales-236ml\/","title":{"rendered":"KAMASUTRA NATURALS ACEITE DE MASAJE FRUTAS TROPICALES 236ML"},"content":{"rendered":"<p>Aceite natural para unos masajes sensuales y relajantes que cuidan de tu cuerpo y de tu alma&#8230; Arom\u00e1tico como pocos y con una sutil textura muy sedosa al tacto, con este suave y liviano aceite armonizar\u00e1s cuerpo y esp\u00edritu..<\/p>\n<p>El obsequio de la naturaleza que te pone en contacto con tu amante, en armon\u00eda con la naturaleza, en paz con el mundo Aroma a frutas tropicales.<\/p>\n<p>Dermatol\u00f3gicamente probado. Hipoal\u00e9rgico.<\/p>\n<p>Envase de 236 ml.<\/p>","protected":false},"excerpt":{"rendered":"<p>PACKAGING DISPONIBLE EN: \/en\/de\/fr\/es\/it\/<\/p>","protected":false},"featured_media":52796,"comment_status":"open","ping_status":"closed","template":"","meta":{"_monsterinsights_skip_tracking":false,"_monsterinsights_sitenote_active":false,"_monsterinsights_sitenote_note":"","_monsterinsights_sitenote_category":0,"_joinchat":[]},"product_brand":[],"product_cat":[1218,1203,1216],"product_tag":[],"class_list":{"0":"post-16889","1":"product","2":"type-product","3":"status-publish","4":"has-post-thumbnail","6":"product_cat-drogueria-para-masajesaceites-con-sabores","7":"product_cat-drogueria","8":"product_cat-drogueria-para-masajes","9":"yith_product_brand-kamasutra","10":"yith_product_brand-kamasutrakamasutra-cosmetics","12":"first","13":"instock","14":"taxable","15":"shipping-taxable","16":"purchasable","17":"product-type-simple"},"aioseo_notices":[],"_links":{"self":[{"href":"https:\/\/www.mysexualfantasy.eu\/en\/wp-json\/wp\/v2\/product\/16889","targetHints":{"allow":["GET"]}}],"collection":[{"href":"https:\/\/www.mysexualfantasy.eu\/en\/wp-json\/wp\/v2\/product"}],"about":[{"href":"https:\/\/www.mysexualfantasy.eu\/en\/wp-json\/wp\/v2\/types\/product"}],"replies":[{"embeddable":true,"href":"https:\/\/www.mysexualfantasy.eu\/en\/wp-json\/wp\/v2\/comments?post=16889"}],"wp:featuredmedia":[{"embeddable":true,"href":"https:\/\/www.mysexualfantasy.eu\/en\/wp-json\/wp\/v2\/media\/52796"}],"wp:attachment":[{"href":"https:\/\/www.mysexualfantasy.eu\/en\/wp-json\/wp\/v2\/media?parent=16889"}],"wp:term":[{"taxonomy":"product_brand","embeddable":true,"href":"https:\/\/www.mysexualfantasy.eu\/en\/wp-json\/wp\/v2\/product_brand?post=16889"},{"taxonomy":"product_cat","embeddable":true,"href":"https:\/\/www.mysexualfantasy.eu\/en\/wp-json\/wp\/v2\/product_cat?post=16889"},{"taxonomy":"product_tag","embeddable":true,"href":"https:\/\/www.mysexualfantasy.eu\/en\/wp-json\/wp\/v2\/product_tag?post=16889"}],"curies":[{"name":"wp","href":"https:\/\/api.w.org\/{rel}","templated":true}]}}