{"id":17159,"date":"2023-01-13T11:46:43","date_gmt":"2023-01-13T11:46:43","guid":{"rendered":"https:\/\/www.mysexualfantasy.eu\/?post_type=product&#038;p=17159"},"modified":"2023-12-06T15:35:01","modified_gmt":"2023-12-06T15:35:01","slug":"masturbador-masculino-kitty-ultra-simulacion-vagina","status":"publish","type":"product","link":"https:\/\/www.mysexualfantasy.eu\/en\/product\/masturbador-masculino-kitty-ultra-simulacion-vagina\/","title":{"rendered":"MASTURBADOR MASCULINO KITTY ULTRA SIMULACION VAGINA"},"content":{"rendered":"<p>Experimenta las sensaciones m\u00e1s real\u00edsticas y m\u00e1s intensas con este masturbador con forma de vagina.<\/p>\n<p>Este masturbador manual est\u00e1 fabricado con un material s\u00faper suave que simula la piel humana. Tiene una forma anat\u00f3mica, muy c\u00f3moda de sujetar que envuelve cada cent\u00edmetro de tu pene como su fuese una vagina real; igual de c\u00e1lida, suave y muy real\u00edstica.<\/p>\n<p>En su interior, cientos de n\u00f3dulos de placer masajear\u00e1n tu pene con cada movimiento, a\u00f1adiendo estimulaci\u00f3n extra a cada caricia. Cuando est\u00e9s al borde del cl\u00edmax, no te preocupes si eyaculas dentro, que es muy f\u00e1cil de limpiar! Utiliza lubricante si lo que quieres es un encuentro extra h\u00famedo Recomendamos lubricante base de agua que puedes encontrar en la secci\u00f3n lubricantes.<\/p>\n<ul>\n<li>Material carcasa: TPR y ABS<\/li>\n<li>Color carcasa: Dorado<\/li>\n<li>Medidas carcasa: 20.5 cm x 8.6 cm<\/li>\n<li>Color manda: Carne<\/li>\n<li>Ultra simulaci\u00f3n<\/li>\n<li>F\u00e1cil de limpiar<\/li>\n<li>Se recomienda usar con lubricante<\/li>\n<\/ul>\n<p>Pretty Love fabrica productos con exigentes normas de calidad\u00a0y tienen 1 a\u00f1o de garant\u00eda en defectos t\u00e9cnicos.<\/p>\n<p>\u00a0<\/p>","protected":false},"excerpt":{"rendered":"<p>MASTURBADOR MASCULINO KITTY ULTRA SIMULACION VAGINA<\/p>","protected":false},"featured_media":42844,"comment_status":"open","ping_status":"closed","template":"","meta":{"_monsterinsights_skip_tracking":false,"_monsterinsights_sitenote_active":false,"_monsterinsights_sitenote_note":"","_monsterinsights_sitenote_category":0,"_joinchat":[]},"product_brand":[],"product_cat":[1152,1160,1167,1168],"product_tag":[],"class_list":{"0":"post-17159","1":"product","2":"type-product","3":"status-publish","4":"has-post-thumbnail","6":"product_cat-juguetes-bienestar","7":"product_cat-juguetes-bienestar-juguetes-para-hombres","8":"product_cat-juguetes-bienestar-juguetes-para-hombresmasturbadores-para-ellos","9":"product_cat-juguetes-bienestar-juguetes-para-hombresvaginas-y-anos","10":"yith_product_brand-pretty-love","11":"yith_product_brand-pretty-lovepretty-love-male","13":"first","14":"instock","15":"taxable","16":"shipping-taxable","17":"purchasable","18":"product-type-simple"},"aioseo_notices":[],"_links":{"self":[{"href":"https:\/\/www.mysexualfantasy.eu\/en\/wp-json\/wp\/v2\/product\/17159","targetHints":{"allow":["GET"]}}],"collection":[{"href":"https:\/\/www.mysexualfantasy.eu\/en\/wp-json\/wp\/v2\/product"}],"about":[{"href":"https:\/\/www.mysexualfantasy.eu\/en\/wp-json\/wp\/v2\/types\/product"}],"replies":[{"embeddable":true,"href":"https:\/\/www.mysexualfantasy.eu\/en\/wp-json\/wp\/v2\/comments?post=17159"}],"wp:featuredmedia":[{"embeddable":true,"href":"https:\/\/www.mysexualfantasy.eu\/en\/wp-json\/wp\/v2\/media\/42844"}],"wp:attachment":[{"href":"https:\/\/www.mysexualfantasy.eu\/en\/wp-json\/wp\/v2\/media?parent=17159"}],"wp:term":[{"taxonomy":"product_brand","embeddable":true,"href":"https:\/\/www.mysexualfantasy.eu\/en\/wp-json\/wp\/v2\/product_brand?post=17159"},{"taxonomy":"product_cat","embeddable":true,"href":"https:\/\/www.mysexualfantasy.eu\/en\/wp-json\/wp\/v2\/product_cat?post=17159"},{"taxonomy":"product_tag","embeddable":true,"href":"https:\/\/www.mysexualfantasy.eu\/en\/wp-json\/wp\/v2\/product_tag?post=17159"}],"curies":[{"name":"wp","href":"https:\/\/api.w.org\/{rel}","templated":true}]}}