{"id":17333,"date":"2023-04-25T11:47:46","date_gmt":"2023-04-25T11:47:46","guid":{"rendered":"https:\/\/www.mysexualfantasy.eu\/?post_type=product&#038;p=17333"},"modified":"2023-12-06T16:19:44","modified_gmt":"2023-12-06T16:19:44","slug":"xs-fat-burner-capsulas-quemagrasas","status":"publish","type":"product","link":"https:\/\/www.mysexualfantasy.eu\/en\/product\/xs-fat-burner-capsulas-quemagrasas\/","title":{"rendered":"500 COSMETICS &#8211; XS FAT BURNER CAPSULAS QUEMAGRASAS"},"content":{"rendered":"<p>Fat Burner es un complemento alimenticio que ayuda a metabolizar los l\u00edpidos del cuerpo y los convierte en energ\u00eda para poder quemar grasa m\u00e1s r\u00e1pido. Gracias a sus ingredientes exclusivos, propicia la p\u00e9rdida de peso de manera natural adem\u00e1s de:<\/p>\n<ul>\n<li>Incrementar x2 los resultados de la dieta y el ejercicio<\/li>\n<li>Actuar como quemagrasas natural<\/li>\n<li>Ayudar a controlar el apetito<\/li>\n<li>Efecto\u00a0antioxidante<\/li>\n<li>Favorece\u00a0la p\u00e9rdida de peso<\/li>\n<li>Disminuye\u00a0la absorci\u00f3n de grasas<\/li>\n<li>Indicaci\u00f3n: Reduce las grasas del organismo y potencia la p\u00e9rdida de peso<\/li>\n<li>Propiedades: Saciantes<\/li>\n<li>Modo de uso: Ingerir 3 c\u00e1psulas al d\u00eda, una despu\u00e9s de cada comida<\/li>\n<li>Formato: Caja de 90 c\u00e1psulas<\/li>\n<\/ul>","protected":false},"excerpt":{"rendered":"<p>500 COSMETICS &#8211; XS FAT BURNER CAPSULAS QUEMAGRASAS<\/p>","protected":false},"featured_media":76531,"comment_status":"open","ping_status":"closed","template":"","meta":{"_monsterinsights_skip_tracking":false,"_monsterinsights_sitenote_active":false,"_monsterinsights_sitenote_note":"","_monsterinsights_sitenote_category":0,"_joinchat":[]},"product_brand":[],"product_cat":[1359,1357,1356,1355,1203,148],"product_tag":[],"class_list":{"0":"post-17333","1":"product","2":"type-product","3":"status-publish","4":"has-post-thumbnail","6":"product_cat-drogueria-complementos-alimenticioscapsulas-para-hombres","7":"product_cat-drogueria-complementos-alimenticioscapsulas-para-mujeres","8":"product_cat-drogueria-complementos-alimenticioscapsulas-unisex","9":"product_cat-drogueria-complementos-alimenticios","10":"product_cat-drogueria","11":"product_cat-ofertas","12":"yith_product_brand-500cosmetics","14":"first","15":"instock","16":"taxable","17":"shipping-taxable","18":"purchasable","19":"product-type-simple"},"aioseo_notices":[],"_links":{"self":[{"href":"https:\/\/www.mysexualfantasy.eu\/en\/wp-json\/wp\/v2\/product\/17333","targetHints":{"allow":["GET"]}}],"collection":[{"href":"https:\/\/www.mysexualfantasy.eu\/en\/wp-json\/wp\/v2\/product"}],"about":[{"href":"https:\/\/www.mysexualfantasy.eu\/en\/wp-json\/wp\/v2\/types\/product"}],"replies":[{"embeddable":true,"href":"https:\/\/www.mysexualfantasy.eu\/en\/wp-json\/wp\/v2\/comments?post=17333"}],"wp:featuredmedia":[{"embeddable":true,"href":"https:\/\/www.mysexualfantasy.eu\/en\/wp-json\/wp\/v2\/media\/76531"}],"wp:attachment":[{"href":"https:\/\/www.mysexualfantasy.eu\/en\/wp-json\/wp\/v2\/media?parent=17333"}],"wp:term":[{"taxonomy":"product_brand","embeddable":true,"href":"https:\/\/www.mysexualfantasy.eu\/en\/wp-json\/wp\/v2\/product_brand?post=17333"},{"taxonomy":"product_cat","embeddable":true,"href":"https:\/\/www.mysexualfantasy.eu\/en\/wp-json\/wp\/v2\/product_cat?post=17333"},{"taxonomy":"product_tag","embeddable":true,"href":"https:\/\/www.mysexualfantasy.eu\/en\/wp-json\/wp\/v2\/product_tag?post=17333"}],"curies":[{"name":"wp","href":"https:\/\/api.w.org\/{rel}","templated":true}]}}