{"id":17352,"date":"2023-01-13T12:36:11","date_gmt":"2023-01-13T12:36:11","guid":{"rendered":"https:\/\/www.mysexualfantasy.eu\/?post_type=product&#038;p=17352"},"modified":"2023-12-06T14:58:26","modified_gmt":"2023-12-06T14:58:26","slug":"phiero-woman-perfume-feromonas-mujer-30-ml","status":"publish","type":"product","link":"https:\/\/www.mysexualfantasy.eu\/en\/product\/phiero-woman-perfume-feromonas-mujer-30-ml\/","title":{"rendered":"500 COSMETICS -PHIERO WOMAN PERFUME FEROMONAS MUJER 30 ML"},"content":{"rendered":"<p>Phiero Woman es un perfume cl\u00e1sico para mujer con 4 feromonas, econ\u00f3mico y atractivo. Sus esencias florales y fragancias silvestres aumentan las posibilidades de atracci\u00f3n y sensualidad femenina consiguiendo:<\/p>\n<ul>\n<li>Despertar el deseo y la atracci\u00f3n en el sexo opuesto<\/li>\n<li>Mejorar las relaciones personales<\/li>\n<li>Ayudar a seducir con seguridad<\/li>\n<li>Mejorar los encuentros sexuales<\/li>\n<li>Aumenta la autoestima de la mujer<\/li>\n<li>Elimina\u00a0la timidez y tensi\u00f3n<\/li>\n<li>Indicaci\u00f3n: Despertar el atractivo personal<\/li>\n<li>Modo de uso: Su f\u00f3rmula roll-on permite usar el perfume de una manera m\u00e1s c\u00f3moda y ajust\u00e1ndose a la parte del cuerpo que se desee<\/li>\n<li>Familia olfativa: Floral<\/li>\n<li>Feromonas: 4 (estratetraenol, androstenone, A-keto, delta 16 OL)<\/li>\n<li>Formato: Spray\u00a0de 30 ml<\/li>\n<\/ul>\n<p>\u00a1Seduce cualquier noche que te propongas!<\/p>\n<p>\u00a0<\/p>","protected":false},"excerpt":{"rendered":"<p>500 COSMETICS -PHIERO WOMAN PERFUME FEROMONAS MUJER 30 ML<\/p>","protected":false},"featured_media":52103,"comment_status":"open","ping_status":"closed","template":"","meta":{"_monsterinsights_skip_tracking":false,"_monsterinsights_sitenote_active":false,"_monsterinsights_sitenote_note":"","_monsterinsights_sitenote_category":0,"_joinchat":[]},"product_brand":[],"product_cat":[1203,1204],"product_tag":[],"class_list":{"0":"post-17352","1":"product","2":"type-product","3":"status-publish","4":"has-post-thumbnail","6":"product_cat-drogueria","7":"product_cat-drogueria-perfumes","8":"yith_product_brand-500cosmetics","10":"first","11":"instock","12":"taxable","13":"shipping-taxable","14":"purchasable","15":"product-type-simple"},"aioseo_notices":[],"_links":{"self":[{"href":"https:\/\/www.mysexualfantasy.eu\/en\/wp-json\/wp\/v2\/product\/17352","targetHints":{"allow":["GET"]}}],"collection":[{"href":"https:\/\/www.mysexualfantasy.eu\/en\/wp-json\/wp\/v2\/product"}],"about":[{"href":"https:\/\/www.mysexualfantasy.eu\/en\/wp-json\/wp\/v2\/types\/product"}],"replies":[{"embeddable":true,"href":"https:\/\/www.mysexualfantasy.eu\/en\/wp-json\/wp\/v2\/comments?post=17352"}],"wp:featuredmedia":[{"embeddable":true,"href":"https:\/\/www.mysexualfantasy.eu\/en\/wp-json\/wp\/v2\/media\/52103"}],"wp:attachment":[{"href":"https:\/\/www.mysexualfantasy.eu\/en\/wp-json\/wp\/v2\/media?parent=17352"}],"wp:term":[{"taxonomy":"product_brand","embeddable":true,"href":"https:\/\/www.mysexualfantasy.eu\/en\/wp-json\/wp\/v2\/product_brand?post=17352"},{"taxonomy":"product_cat","embeddable":true,"href":"https:\/\/www.mysexualfantasy.eu\/en\/wp-json\/wp\/v2\/product_cat?post=17352"},{"taxonomy":"product_tag","embeddable":true,"href":"https:\/\/www.mysexualfantasy.eu\/en\/wp-json\/wp\/v2\/product_tag?post=17352"}],"curies":[{"name":"wp","href":"https:\/\/api.w.org\/{rel}","templated":true}]}}