{"id":17354,"date":"2023-01-13T12:55:11","date_gmt":"2023-01-13T12:55:11","guid":{"rendered":"https:\/\/www.mysexualfantasy.eu\/?post_type=product&#038;p=17354"},"modified":"2023-12-06T14:58:27","modified_gmt":"2023-12-06T14:58:27","slug":"phiero-night-man-perfume-feromonas-hombre-con-roll-on","status":"publish","type":"product","link":"https:\/\/www.mysexualfantasy.eu\/en\/product\/phiero-night-man-perfume-feromonas-hombre-con-roll-on\/","title":{"rendered":"500 COSMETICS -PHIERO NIGHT MAN PERFUME FEROMONAS HOMBRE CON ROLL-ON"},"content":{"rendered":"<p>Phiero Night Man es uno de los perfumes masculinos de la gama Phiero m\u00e1s originales, con 3 feromonas con las que el hombre despertar\u00e1 el deseo y la atracci\u00f3n del sexo opuesto. Su nuevo formato roll-on permite llevarlo a cualquier parte y utilizarlo en cualquier ocasi\u00f3n para:<\/p>\n<ul>\n<li>Despertar el deseo y la atracci\u00f3n en el sexo opuesto<\/li>\n<li>Mejorar las relaciones personales en cualquier lugar<\/li>\n<li>Ayudar a conquistar con seguridad<\/li>\n<li>Consigue\u00a0mejorar los encuentros sexuales<\/li>\n<li>Aumenta\u00a0la autoestima del hombre<\/li>\n<li>Eliminan\u00a0la timidez y tensi\u00f3n<\/li>\n<li>Indicaci\u00f3n: Despertar el atractivo personal<\/li>\n<li>Modo de uso: Su formato roll-on permite usar el perfume de una manera m\u00e1s c\u00f3moda y ajust\u00e1ndose a la parte del cuerpo que se desee<\/li>\n<li>Familia olfativa: Amaderada con notas de an\u00eds estrellado<\/li>\n<li>Feromonas: 3 (androstenone, A-keto, delta 16 OL)<\/li>\n<li>Formato: Roll-on de 10 ml<\/li>\n<\/ul>\n<p>\u00a1Conquista cualquier noche que te propongas!<\/p>\n<p>\u00a0<\/p>","protected":false},"excerpt":{"rendered":"<p>500 COSMETICS -PACKAGING DISPONIBLE EN:<\/p>","protected":false},"featured_media":54433,"comment_status":"open","ping_status":"closed","template":"","meta":{"_monsterinsights_skip_tracking":false,"_monsterinsights_sitenote_active":false,"_monsterinsights_sitenote_note":"","_monsterinsights_sitenote_category":0,"_joinchat":[]},"product_brand":[],"product_cat":[1203,1204],"product_tag":[],"class_list":{"0":"post-17354","1":"product","2":"type-product","3":"status-publish","4":"has-post-thumbnail","6":"product_cat-drogueria","7":"product_cat-drogueria-perfumes","8":"yith_product_brand-500cosmetics","10":"first","11":"instock","12":"taxable","13":"shipping-taxable","14":"purchasable","15":"product-type-simple"},"aioseo_notices":[],"_links":{"self":[{"href":"https:\/\/www.mysexualfantasy.eu\/en\/wp-json\/wp\/v2\/product\/17354","targetHints":{"allow":["GET"]}}],"collection":[{"href":"https:\/\/www.mysexualfantasy.eu\/en\/wp-json\/wp\/v2\/product"}],"about":[{"href":"https:\/\/www.mysexualfantasy.eu\/en\/wp-json\/wp\/v2\/types\/product"}],"replies":[{"embeddable":true,"href":"https:\/\/www.mysexualfantasy.eu\/en\/wp-json\/wp\/v2\/comments?post=17354"}],"wp:featuredmedia":[{"embeddable":true,"href":"https:\/\/www.mysexualfantasy.eu\/en\/wp-json\/wp\/v2\/media\/54433"}],"wp:attachment":[{"href":"https:\/\/www.mysexualfantasy.eu\/en\/wp-json\/wp\/v2\/media?parent=17354"}],"wp:term":[{"taxonomy":"product_brand","embeddable":true,"href":"https:\/\/www.mysexualfantasy.eu\/en\/wp-json\/wp\/v2\/product_brand?post=17354"},{"taxonomy":"product_cat","embeddable":true,"href":"https:\/\/www.mysexualfantasy.eu\/en\/wp-json\/wp\/v2\/product_cat?post=17354"},{"taxonomy":"product_tag","embeddable":true,"href":"https:\/\/www.mysexualfantasy.eu\/en\/wp-json\/wp\/v2\/product_tag?post=17354"}],"curies":[{"name":"wp","href":"https:\/\/api.w.org\/{rel}","templated":true}]}}