{"id":17392,"date":"2023-01-13T12:01:30","date_gmt":"2023-01-13T12:01:30","guid":{"rendered":"https:\/\/www.mysexualfantasy.eu\/?post_type=product&#038;p=17392"},"modified":"2023-12-06T15:58:26","modified_gmt":"2023-12-06T15:58:26","slug":"nalone-coco-vibrador-pinzas","status":"publish","type":"product","link":"https:\/\/www.mysexualfantasy.eu\/en\/product\/nalone-coco-vibrador-pinzas\/","title":{"rendered":"NALONE COCO VIBRADOR PINZAS"},"content":{"rendered":"<p>Este juguete para parejas, CoCo, y su innovador cuerpo de silicona body-safe, est\u00e1 especificamente dise\u00f1ado para mejorar el placer para ambos de la pareja. Su potente motor act\u00faa tanto en las zonas er\u00f3genas de \u00e9l como de\u00a0ella durante el acto sexual.<\/p>\n<p>\u00a0Especificaciones:<\/p>\n<ul>\n<li>Material: Silicona bodysafe<\/li>\n<li>Pilas: AG3 (inclu\u00eddas)<\/li>\n<li>Ru\u00eddo m\u00e1ximo: Menos de 30\u00a0dB<\/li>\n<li>100% Sumergible<\/li>\n<\/ul>","protected":false},"excerpt":{"rendered":"<p>COCO PINZAS NALONE<\/p>","protected":false},"featured_media":44607,"comment_status":"open","ping_status":"closed","template":"","meta":{"_monsterinsights_skip_tracking":false,"_monsterinsights_sitenote_active":false,"_monsterinsights_sitenote_note":"","_monsterinsights_sitenote_category":0,"_joinchat":[]},"product_brand":[],"product_cat":[1156,1152,1155,1165,1309,1153],"product_tag":[],"class_list":{"0":"post-17392","1":"product","2":"type-product","3":"status-publish","4":"has-post-thumbnail","6":"product_cat-juguetes-bienestar-juguetes-para-mujeresestimuladores","7":"product_cat-juguetes-bienestar","8":"product_cat-juguetes-bienestar-juguetes-para-mujeres","9":"product_cat-juguetes-bienestar-juguetes-para-mujeresmasturbadores-para-ellas","10":"product_cat-juguetes-bienestar-juguetes-para-mujerespunto-g","11":"product_cat-juguetes-bienestar-vibradores","12":"yith_product_brand-nalone","14":"first","15":"instock","16":"taxable","17":"shipping-taxable","18":"purchasable","19":"product-type-simple"},"aioseo_notices":[],"_links":{"self":[{"href":"https:\/\/www.mysexualfantasy.eu\/en\/wp-json\/wp\/v2\/product\/17392","targetHints":{"allow":["GET"]}}],"collection":[{"href":"https:\/\/www.mysexualfantasy.eu\/en\/wp-json\/wp\/v2\/product"}],"about":[{"href":"https:\/\/www.mysexualfantasy.eu\/en\/wp-json\/wp\/v2\/types\/product"}],"replies":[{"embeddable":true,"href":"https:\/\/www.mysexualfantasy.eu\/en\/wp-json\/wp\/v2\/comments?post=17392"}],"wp:featuredmedia":[{"embeddable":true,"href":"https:\/\/www.mysexualfantasy.eu\/en\/wp-json\/wp\/v2\/media\/44607"}],"wp:attachment":[{"href":"https:\/\/www.mysexualfantasy.eu\/en\/wp-json\/wp\/v2\/media?parent=17392"}],"wp:term":[{"taxonomy":"product_brand","embeddable":true,"href":"https:\/\/www.mysexualfantasy.eu\/en\/wp-json\/wp\/v2\/product_brand?post=17392"},{"taxonomy":"product_cat","embeddable":true,"href":"https:\/\/www.mysexualfantasy.eu\/en\/wp-json\/wp\/v2\/product_cat?post=17392"},{"taxonomy":"product_tag","embeddable":true,"href":"https:\/\/www.mysexualfantasy.eu\/en\/wp-json\/wp\/v2\/product_tag?post=17392"}],"curies":[{"name":"wp","href":"https:\/\/api.w.org\/{rel}","templated":true}]}}