{"id":17394,"date":"2023-01-13T12:01:32","date_gmt":"2023-01-13T12:01:32","guid":{"rendered":"https:\/\/www.mysexualfantasy.eu\/?post_type=product&#038;p=17394"},"modified":"2023-12-06T15:58:27","modified_gmt":"2023-12-06T15:58:27","slug":"nalone-madam-mini-vibrador-mariposa","status":"publish","type":"product","link":"https:\/\/www.mysexualfantasy.eu\/en\/product\/nalone-madam-mini-vibrador-mariposa\/","title":{"rendered":"NALONE MADAM MINI VIBRADOR MARIPOSA"},"content":{"rendered":"<p>El mini vibrador Madam est\u00e1 dise\u00f1ado para ponerse solo o debajo de la ropa interior . Las alas del Madam son flexibles y su cuerpo r\u00edgido te llenar\u00e1 de pacer.<\/p>\n<p>Especificaciones:<\/p>\n<ul>\n<li>Material: Silicona y\u00a0ABS\u00a0<\/li>\n<li>Pilas: AG3\u00a0<\/li>\n<li>Ru\u00eddo m\u00e1ximo: Menos de 50 dB<\/li>\n<li>Tiempo medio de duraci\u00f3n bater\u00eda: 30 minutos<\/li>\n<li>Dimensiones: 51 x 51 x 18.5 mm<\/li>\n<li>100% Sumergible<\/li>\n<\/ul>","protected":false},"excerpt":{"rendered":"<p>MADAM MINI VIBRADOR NALONE<\/p>","protected":false},"featured_media":44617,"comment_status":"open","ping_status":"closed","template":"","meta":{"_monsterinsights_skip_tracking":false,"_monsterinsights_sitenote_active":false,"_monsterinsights_sitenote_note":"","_monsterinsights_sitenote_category":0,"_joinchat":[]},"product_brand":[],"product_cat":[1156,1152,1155,1165,1153],"product_tag":[],"class_list":{"0":"post-17394","1":"product","2":"type-product","3":"status-publish","4":"has-post-thumbnail","6":"product_cat-juguetes-bienestar-juguetes-para-mujeresestimuladores","7":"product_cat-juguetes-bienestar","8":"product_cat-juguetes-bienestar-juguetes-para-mujeres","9":"product_cat-juguetes-bienestar-juguetes-para-mujeresmasturbadores-para-ellas","10":"product_cat-juguetes-bienestar-vibradores","11":"yith_product_brand-nalone","13":"first","14":"instock","15":"taxable","16":"shipping-taxable","17":"purchasable","18":"product-type-simple"},"aioseo_notices":[],"_links":{"self":[{"href":"https:\/\/www.mysexualfantasy.eu\/en\/wp-json\/wp\/v2\/product\/17394","targetHints":{"allow":["GET"]}}],"collection":[{"href":"https:\/\/www.mysexualfantasy.eu\/en\/wp-json\/wp\/v2\/product"}],"about":[{"href":"https:\/\/www.mysexualfantasy.eu\/en\/wp-json\/wp\/v2\/types\/product"}],"replies":[{"embeddable":true,"href":"https:\/\/www.mysexualfantasy.eu\/en\/wp-json\/wp\/v2\/comments?post=17394"}],"wp:featuredmedia":[{"embeddable":true,"href":"https:\/\/www.mysexualfantasy.eu\/en\/wp-json\/wp\/v2\/media\/44617"}],"wp:attachment":[{"href":"https:\/\/www.mysexualfantasy.eu\/en\/wp-json\/wp\/v2\/media?parent=17394"}],"wp:term":[{"taxonomy":"product_brand","embeddable":true,"href":"https:\/\/www.mysexualfantasy.eu\/en\/wp-json\/wp\/v2\/product_brand?post=17394"},{"taxonomy":"product_cat","embeddable":true,"href":"https:\/\/www.mysexualfantasy.eu\/en\/wp-json\/wp\/v2\/product_cat?post=17394"},{"taxonomy":"product_tag","embeddable":true,"href":"https:\/\/www.mysexualfantasy.eu\/en\/wp-json\/wp\/v2\/product_tag?post=17394"}],"curies":[{"name":"wp","href":"https:\/\/api.w.org\/{rel}","templated":true}]}}