{"id":17490,"date":"2023-01-13T14:28:14","date_gmt":"2023-01-13T14:28:14","guid":{"rendered":"https:\/\/www.mysexualfantasy.eu\/?post_type=product&#038;p=17490"},"modified":"2023-12-06T15:24:56","modified_gmt":"2023-12-06T15:24:56","slug":"obsessive-wonderia-chemise-s-m","status":"publish","type":"product","link":"https:\/\/www.mysexualfantasy.eu\/en\/product\/obsessive-wonderia-chemise-s-m\/","title":{"rendered":"OBSESSIVE &#8211; WONDERIA CHEMISE S\/M"},"content":{"rendered":"<p>Tan s\u00f3lo ponte este magn\u00edfico chemise y permite descubrir y mostrar tu feminidad. Con \u00e9l puesto estar\u00e1s m\u00e1s tentadora que nunca!\u00a0 Siente este estupendo placer y observa como tu pareja se vuelve loca al verte.<\/p>\n<p>Caracter\u00edsticas:<\/p>\n<ul>\n<li>Semitransparente\u00a0<\/li>\n<li>Asas ajustables\u00a0<\/li>\n<li>Lazo entre los pechos\u00a0<\/li>\n<li>Tanga a juego incluido<\/li>\n<li>Composici\u00f3n: 90% poliamida, 10% elastano.<\/li>\n<li>Talla: S\/M<\/li>\n<\/ul>\n<p 1.5=\"\" color:=\"\" font-size:=\"\" line-height:=\"\" margin-top:=\"\" roboto=\"\" style=\"box-sizing: border-box;\">Obsessive significa inspiraci\u00f3n en la mujer!\u00a0 Elegancia, sensualidad, amor a la costura&#8230;.significa mucho para la mujer, pocos son los adjetivos que pueden calificar a Obsessive, donde una labor de a\u00f1os han conseguido unir la mejor relaci\u00f3n calidad-precio.<\/p>\n<p 1.5=\"\" color:=\"\" font-size:=\"\" line-height:=\"\" margin-top:=\"\" roboto=\"\" style=\"box-sizing: border-box;\">\u00a1L\u00edderes mundiales en lencer\u00eda, nadie lo hace mejor!<\/p>\n<p 1.5=\"\" color:=\"\" font-size:=\"\" line-height:=\"\" margin-top:=\"\" roboto=\"\" style=\"box-sizing: border-box;\">\u00a0<\/p>\n<p 1.5=\"\" color:=\"\" font-size:=\"\" line-height:=\"\" margin-top:=\"\" roboto=\"\" style=\"box-sizing: border-box; text-align: center;\"><img decoding=\"async\" src=\"https:\/\/store.dreamlove.es\/UserFiles\/images\/SIZES.png\" style=\"text-align: center;\" \/><\/p>\n<p>\u00a0<\/p>","protected":false},"excerpt":{"rendered":"<p>OBSESSIVE &#8211; WONDERIA CHEMISE S\/M<\/p>","protected":false},"featured_media":67905,"comment_status":"open","ping_status":"closed","template":"","meta":{"_monsterinsights_skip_tracking":false,"_monsterinsights_sitenote_active":false,"_monsterinsights_sitenote_note":"","_monsterinsights_sitenote_category":0,"_joinchat":[]},"product_brand":[],"product_cat":[1284,1196,1199,1166],"product_tag":[],"class_list":{"0":"post-17490","1":"product","2":"type-product","3":"status-publish","4":"has-post-thumbnail","6":"product_cat-moda-lencerialenceria-mujerlenceria-sexycamisones","7":"product_cat-moda-lencerialenceria-mujer","8":"product_cat-moda-lencerialenceria-mujerlenceria-sexy","9":"product_cat-moda-lenceria","10":"yith_product_brand-obsessive","11":"yith_product_brand-obsessiveobsessive-chemise","13":"first","14":"instock","15":"taxable","16":"shipping-taxable","17":"purchasable","18":"product-type-variable"},"aioseo_notices":[],"_links":{"self":[{"href":"https:\/\/www.mysexualfantasy.eu\/en\/wp-json\/wp\/v2\/product\/17490","targetHints":{"allow":["GET"]}}],"collection":[{"href":"https:\/\/www.mysexualfantasy.eu\/en\/wp-json\/wp\/v2\/product"}],"about":[{"href":"https:\/\/www.mysexualfantasy.eu\/en\/wp-json\/wp\/v2\/types\/product"}],"replies":[{"embeddable":true,"href":"https:\/\/www.mysexualfantasy.eu\/en\/wp-json\/wp\/v2\/comments?post=17490"}],"wp:featuredmedia":[{"embeddable":true,"href":"https:\/\/www.mysexualfantasy.eu\/en\/wp-json\/wp\/v2\/media\/67905"}],"wp:attachment":[{"href":"https:\/\/www.mysexualfantasy.eu\/en\/wp-json\/wp\/v2\/media?parent=17490"}],"wp:term":[{"taxonomy":"product_brand","embeddable":true,"href":"https:\/\/www.mysexualfantasy.eu\/en\/wp-json\/wp\/v2\/product_brand?post=17490"},{"taxonomy":"product_cat","embeddable":true,"href":"https:\/\/www.mysexualfantasy.eu\/en\/wp-json\/wp\/v2\/product_cat?post=17490"},{"taxonomy":"product_tag","embeddable":true,"href":"https:\/\/www.mysexualfantasy.eu\/en\/wp-json\/wp\/v2\/product_tag?post=17490"}],"curies":[{"name":"wp","href":"https:\/\/api.w.org\/{rel}","templated":true}]}}