{"id":17598,"date":"2023-01-13T12:36:28","date_gmt":"2023-01-13T12:36:28","guid":{"rendered":"https:\/\/www.mysexualfantasy.eu\/?post_type=product&#038;p=17598"},"modified":"2023-12-06T16:20:03","modified_gmt":"2023-12-06T16:20:03","slug":"guarana-gotas-30ml-en-de-fr-es-it-nl","status":"publish","type":"product","link":"https:\/\/www.mysexualfantasy.eu\/en\/product\/guarana-gotas-30ml-en-de-fr-es-it-nl\/","title":{"rendered":"GUARANA GOTAS 30ML"},"content":{"rendered":"<p>Proporciona energ\u00eda sexual y resistencia f\u00edsica gracias al Guaran\u00e1 y a la Arginina Caracter\u00edsticas: &#8211;<\/p>\n<ul>\n<li>Proporciona energ\u00eda sexual extra<\/li>\n<li>Aumenta la resistencia<\/li>\n<\/ul>\n<p>Guaran\u00e1 Drops contiene ingredientes naturales exclusivos, incluyendo guaran\u00e1 y L-arginina.<\/p>\n<p>Estimulan la energ\u00eda sexual y aumentan la resistencia f\u00edsica. Use Guaran\u00e1 Drops para una estimulaci\u00f3n sexual extra.<\/p>\n<p>* Este producto contiene una etiqueta con instrucciones facilitadas en los siguientes idiomas: \/en\/de\/fr\/es\/it\/nl\/<\/p>","protected":false},"excerpt":{"rendered":"<p>PACKAGING DISPONIBLE EN: \/en\/de\/fr\/es\/it\/nl\/<\/p>","protected":false},"featured_media":52139,"comment_status":"open","ping_status":"closed","template":"","meta":{"_monsterinsights_skip_tracking":false,"_monsterinsights_sitenote_active":false,"_monsterinsights_sitenote_note":"","_monsterinsights_sitenote_category":0,"_joinchat":[]},"product_brand":[],"product_cat":[1355,1203,1361],"product_tag":[],"class_list":{"0":"post-17598","1":"product","2":"type-product","3":"status-publish","4":"has-post-thumbnail","6":"product_cat-drogueria-complementos-alimenticios","7":"product_cat-drogueria","8":"product_cat-drogueria-complementos-alimenticiosgotas-amor","9":"yith_product_brand-cobeco-pharma","11":"first","12":"instock","13":"taxable","14":"shipping-taxable","15":"purchasable","16":"product-type-simple"},"aioseo_notices":[],"_links":{"self":[{"href":"https:\/\/www.mysexualfantasy.eu\/en\/wp-json\/wp\/v2\/product\/17598","targetHints":{"allow":["GET"]}}],"collection":[{"href":"https:\/\/www.mysexualfantasy.eu\/en\/wp-json\/wp\/v2\/product"}],"about":[{"href":"https:\/\/www.mysexualfantasy.eu\/en\/wp-json\/wp\/v2\/types\/product"}],"replies":[{"embeddable":true,"href":"https:\/\/www.mysexualfantasy.eu\/en\/wp-json\/wp\/v2\/comments?post=17598"}],"wp:featuredmedia":[{"embeddable":true,"href":"https:\/\/www.mysexualfantasy.eu\/en\/wp-json\/wp\/v2\/media\/52139"}],"wp:attachment":[{"href":"https:\/\/www.mysexualfantasy.eu\/en\/wp-json\/wp\/v2\/media?parent=17598"}],"wp:term":[{"taxonomy":"product_brand","embeddable":true,"href":"https:\/\/www.mysexualfantasy.eu\/en\/wp-json\/wp\/v2\/product_brand?post=17598"},{"taxonomy":"product_cat","embeddable":true,"href":"https:\/\/www.mysexualfantasy.eu\/en\/wp-json\/wp\/v2\/product_cat?post=17598"},{"taxonomy":"product_tag","embeddable":true,"href":"https:\/\/www.mysexualfantasy.eu\/en\/wp-json\/wp\/v2\/product_tag?post=17598"}],"curies":[{"name":"wp","href":"https:\/\/api.w.org\/{rel}","templated":true}]}}