{"id":17908,"date":"2023-01-13T13:05:28","date_gmt":"2023-01-13T13:05:28","guid":{"rendered":"https:\/\/www.mysexualfantasy.eu\/?post_type=product&#038;p=17908"},"modified":"2023-12-06T14:54:47","modified_gmt":"2023-12-06T14:54:47","slug":"pretty-love-plug-anal-silicona-ancla-8-5-cm-negro","status":"publish","type":"product","link":"https:\/\/www.mysexualfantasy.eu\/en\/product\/pretty-love-plug-anal-silicona-ancla-8-5-cm-negro\/","title":{"rendered":"PRETTY LOVE  PLUG ANAL SILICONA  ANCLA 8.5 CM NEGRO"},"content":{"rendered":"<p>Disfruta del maravilloso placer de la estimulaci\u00f3n anal con este plug de silicona s\u00faper ergon\u00f3mico y dise\u00f1ado cuidadosamente para una estimulaci\u00f3n anal extra. Adem\u00e1s dispone de asa para una f\u00e1cil manipulaci\u00f3n y extracci\u00f3n y est\u00e1 fabricado en silicona\u00a0de primera calidad.<\/p>\n<p>Caracter\u00edsticas:<\/p>\n<ul>\n<li>Plug ergon\u00f3mico dise\u00f1o ancla<\/li>\n<li>Material: Silicona<\/li>\n<li>Sumergible\u00a0<\/li>\n<li>Color: negro<\/li>\n<li>Medidas: Ver imagen<\/li>\n<\/ul>\n<p>Pretty Love fabrica productos con exigentes normas de calidad, todos sus productos estan dise\u00f1ados en Estados Unidos y tienen 1 a\u00f1o de garant\u00eda en defectos t\u00e9cnicos<\/p>","protected":false},"excerpt":{"rendered":"<p>PRETTY LOVE &#8211; PLUG ANAL SILICONA ERGONOMICO DISE\u00d1O ANCLA 8.5 CM- NEGRO<\/p>","protected":false},"featured_media":55416,"comment_status":"open","ping_status":"closed","template":"","meta":{"_monsterinsights_skip_tracking":false,"_monsterinsights_sitenote_active":false,"_monsterinsights_sitenote_note":"","_monsterinsights_sitenote_category":0,"_joinchat":[]},"product_brand":[],"product_cat":[1162,1152,1189],"product_tag":[],"class_list":{"0":"post-17908","1":"product","2":"type-product","3":"status-publish","4":"has-post-thumbnail","6":"product_cat-juguetes-bienestar-anal","7":"product_cat-juguetes-bienestar","8":"product_cat-juguetes-bienestar-analplugs-anales","9":"yith_product_brand-pretty-love","10":"yith_product_brand-pretty-lovepretty-love-bottom","12":"first","13":"instock","14":"taxable","15":"shipping-taxable","16":"purchasable","17":"product-type-simple"},"aioseo_notices":[],"_links":{"self":[{"href":"https:\/\/www.mysexualfantasy.eu\/en\/wp-json\/wp\/v2\/product\/17908","targetHints":{"allow":["GET"]}}],"collection":[{"href":"https:\/\/www.mysexualfantasy.eu\/en\/wp-json\/wp\/v2\/product"}],"about":[{"href":"https:\/\/www.mysexualfantasy.eu\/en\/wp-json\/wp\/v2\/types\/product"}],"replies":[{"embeddable":true,"href":"https:\/\/www.mysexualfantasy.eu\/en\/wp-json\/wp\/v2\/comments?post=17908"}],"wp:featuredmedia":[{"embeddable":true,"href":"https:\/\/www.mysexualfantasy.eu\/en\/wp-json\/wp\/v2\/media\/55416"}],"wp:attachment":[{"href":"https:\/\/www.mysexualfantasy.eu\/en\/wp-json\/wp\/v2\/media?parent=17908"}],"wp:term":[{"taxonomy":"product_brand","embeddable":true,"href":"https:\/\/www.mysexualfantasy.eu\/en\/wp-json\/wp\/v2\/product_brand?post=17908"},{"taxonomy":"product_cat","embeddable":true,"href":"https:\/\/www.mysexualfantasy.eu\/en\/wp-json\/wp\/v2\/product_cat?post=17908"},{"taxonomy":"product_tag","embeddable":true,"href":"https:\/\/www.mysexualfantasy.eu\/en\/wp-json\/wp\/v2\/product_tag?post=17908"}],"curies":[{"name":"wp","href":"https:\/\/api.w.org\/{rel}","templated":true}]}}