{"id":17914,"date":"2023-01-13T11:46:48","date_gmt":"2023-01-13T11:46:48","guid":{"rendered":"https:\/\/www.mysexualfantasy.eu\/?post_type=product&#038;p=17914"},"modified":"2023-12-06T15:35:08","modified_gmt":"2023-12-06T15:35:08","slug":"tenga-reusable-vacuum-cup-vc-regular","status":"publish","type":"product","link":"https:\/\/www.mysexualfantasy.eu\/en\/product\/tenga-reusable-vacuum-cup-vc-regular\/","title":{"rendered":"TENGA REUSABLE VACUUM CUP VC REGULAR"},"content":{"rendered":"<p>Higienico y muy placentero! El \u00a0Reusable Vacuum CUP VC no solo es compatible con el nuevo Vacuum Controller de TENGA ( No incluido ) , \u00a1tambi\u00e9n se ha dise\u00f1ado para ofrecer una excepcional sensaci\u00f3n de succi\u00f3n sin necesidad de comprar el Vacuum Controller.<\/p>\n<p>Su Succion \u00a0se debe a su nueva estructura interna y al anillo de sujeci\u00f3n del manguito.<\/p>\n<p>Ahora, los usuarios del Vacuum Controller de TENGA pueden disfrutar de un producto reutilizable. Y quienes no dispongan de \u00e9l, \u00a1tampoco se perder\u00e1n estas nuevas y fant\u00e1sticas sensaciones!<\/p>\n<p>Tama\u00f1o de inserci\u00f3n:<\/p>\n<ul>\n<li>Profundidad de inserci\u00f3n: Aprox. 15 cm<\/li>\n<li>Anchura de inserci\u00f3n: Aprox. 4,5 cm<\/li>\n<li>Carcasa r\u00edgida (no extensible)<\/li>\n<li>Vacuum Controller: Compatible (Not Included)<\/li>\n<\/ul>","protected":false},"excerpt":{"rendered":"<p>TENGA AIR-TECH REUSABLE VACUUM CUP REGULAR<\/p>","protected":false},"featured_media":42869,"comment_status":"open","ping_status":"closed","template":"","meta":{"_monsterinsights_skip_tracking":false,"_monsterinsights_sitenote_active":false,"_monsterinsights_sitenote_note":"","_monsterinsights_sitenote_category":0,"_joinchat":[]},"product_brand":[],"product_cat":[1152,1160,1167,1168],"product_tag":[],"class_list":{"0":"post-17914","1":"product","2":"type-product","3":"status-publish","4":"has-post-thumbnail","6":"product_cat-juguetes-bienestar","7":"product_cat-juguetes-bienestar-juguetes-para-hombres","8":"product_cat-juguetes-bienestar-juguetes-para-hombresmasturbadores-para-ellos","9":"product_cat-juguetes-bienestar-juguetes-para-hombresvaginas-y-anos","10":"yith_product_brand-tenga","12":"first","13":"instock","14":"taxable","15":"shipping-taxable","16":"purchasable","17":"product-type-simple"},"aioseo_notices":[],"_links":{"self":[{"href":"https:\/\/www.mysexualfantasy.eu\/en\/wp-json\/wp\/v2\/product\/17914","targetHints":{"allow":["GET"]}}],"collection":[{"href":"https:\/\/www.mysexualfantasy.eu\/en\/wp-json\/wp\/v2\/product"}],"about":[{"href":"https:\/\/www.mysexualfantasy.eu\/en\/wp-json\/wp\/v2\/types\/product"}],"replies":[{"embeddable":true,"href":"https:\/\/www.mysexualfantasy.eu\/en\/wp-json\/wp\/v2\/comments?post=17914"}],"wp:featuredmedia":[{"embeddable":true,"href":"https:\/\/www.mysexualfantasy.eu\/en\/wp-json\/wp\/v2\/media\/42869"}],"wp:attachment":[{"href":"https:\/\/www.mysexualfantasy.eu\/en\/wp-json\/wp\/v2\/media?parent=17914"}],"wp:term":[{"taxonomy":"product_brand","embeddable":true,"href":"https:\/\/www.mysexualfantasy.eu\/en\/wp-json\/wp\/v2\/product_brand?post=17914"},{"taxonomy":"product_cat","embeddable":true,"href":"https:\/\/www.mysexualfantasy.eu\/en\/wp-json\/wp\/v2\/product_cat?post=17914"},{"taxonomy":"product_tag","embeddable":true,"href":"https:\/\/www.mysexualfantasy.eu\/en\/wp-json\/wp\/v2\/product_tag?post=17914"}],"curies":[{"name":"wp","href":"https:\/\/api.w.org\/{rel}","templated":true}]}}