{"id":17929,"date":"2023-01-13T11:39:02","date_gmt":"2023-01-13T11:39:02","guid":{"rendered":"https:\/\/www.mysexualfantasy.eu\/?post_type=product&#038;p=17929"},"modified":"2023-12-06T15:58:35","modified_gmt":"2023-12-06T15:58:35","slug":"pretty-love-eudora-anillo-vibrador-con-estimulador","status":"publish","type":"product","link":"https:\/\/www.mysexualfantasy.eu\/en\/product\/pretty-love-eudora-anillo-vibrador-con-estimulador\/","title":{"rendered":"PRETTY LOVE EUDORA ANILLO VIBRADOR CON ESTIMULADOR"},"content":{"rendered":"<p>Eudora de Pretty Love,\u00a0es un\u00a0anillo vibrador de calidad inigualable, fabricado con la silicona de m\u00e1s alta calidad, se acciona mediante una bala vibradora que dispone de facil uso y posee rabbit para estimulaci\u00f3n clitorial. Ideal para para que los dos aumenteis el placer en vuestras relaciones.<\/p>\n<p>Caracter\u00edsticas:<\/p>\n<ul>\n<li>100% Silicona grado medico<\/li>\n<li>La bala vibradora funciona con 3\u00a0pilas LR41<\/li>\n<li>Boton de facil uso On \/ Off<\/li>\n<li>Sumergible<\/li>\n<li>Color: Negro<\/li>\n<\/ul>\n<p style=\"line-height: 16.64px;\">Te ayudar\u00e1 a potenciar la erecci\u00f3n y retrasar la eyaculaci\u00f3n, ademas de potenciar la sensacion en pareja con el estimulador de clitoris.\u00a0<span style=\"line-height: 16.64px;\">Descubre nuevas experiencias!!<\/span><\/p>\n<p style=\"line-height: 16.64px;\"><span style=\"line-height: 16.64px;\">Pretty Love fabrica productos con exigentes normas de calidad, todos sus productos estan dise\u00f1ados en Estados Unidos y tienen 1 a\u00f1o de garant\u00eda en defectos tecnicos.<\/span><\/p>\n<div>\u00a0<\/div>","protected":false},"excerpt":{"rendered":"<p>PRETTY LOVE EUDORA ANILLO VIBRADOR CON ESTIMULADOR CLITORIAL<\/p>","protected":false},"featured_media":40347,"comment_status":"open","ping_status":"closed","template":"","meta":{"_monsterinsights_skip_tracking":false,"_monsterinsights_sitenote_active":false,"_monsterinsights_sitenote_note":"","_monsterinsights_sitenote_category":0,"_joinchat":[]},"product_brand":[],"product_cat":[1170,1172,1171,1156,1152,1160,1155],"product_tag":[],"class_list":{"0":"post-17929","1":"product","2":"type-product","3":"status-publish","4":"has-post-thumbnail","6":"product_cat-juguetes-bienestar-juguetes-para-hombresaccesorios-para-el-pene","7":"product_cat-juguetes-bienestar-juguetes-para-hombresaccesorios-para-el-peneanillos-peneanillos-con-vibracion","8":"product_cat-juguetes-bienestar-juguetes-para-hombresaccesorios-para-el-peneanillos-pene","9":"product_cat-juguetes-bienestar-juguetes-para-mujeresestimuladores","10":"product_cat-juguetes-bienestar","11":"product_cat-juguetes-bienestar-juguetes-para-hombres","12":"product_cat-juguetes-bienestar-juguetes-para-mujeres","13":"yith_product_brand-pretty-love","14":"yith_product_brand-pretty-lovepretty-love-male","16":"first","17":"instock","18":"taxable","19":"shipping-taxable","20":"purchasable","21":"product-type-simple"},"aioseo_notices":[],"_links":{"self":[{"href":"https:\/\/www.mysexualfantasy.eu\/en\/wp-json\/wp\/v2\/product\/17929","targetHints":{"allow":["GET"]}}],"collection":[{"href":"https:\/\/www.mysexualfantasy.eu\/en\/wp-json\/wp\/v2\/product"}],"about":[{"href":"https:\/\/www.mysexualfantasy.eu\/en\/wp-json\/wp\/v2\/types\/product"}],"replies":[{"embeddable":true,"href":"https:\/\/www.mysexualfantasy.eu\/en\/wp-json\/wp\/v2\/comments?post=17929"}],"wp:featuredmedia":[{"embeddable":true,"href":"https:\/\/www.mysexualfantasy.eu\/en\/wp-json\/wp\/v2\/media\/40347"}],"wp:attachment":[{"href":"https:\/\/www.mysexualfantasy.eu\/en\/wp-json\/wp\/v2\/media?parent=17929"}],"wp:term":[{"taxonomy":"product_brand","embeddable":true,"href":"https:\/\/www.mysexualfantasy.eu\/en\/wp-json\/wp\/v2\/product_brand?post=17929"},{"taxonomy":"product_cat","embeddable":true,"href":"https:\/\/www.mysexualfantasy.eu\/en\/wp-json\/wp\/v2\/product_cat?post=17929"},{"taxonomy":"product_tag","embeddable":true,"href":"https:\/\/www.mysexualfantasy.eu\/en\/wp-json\/wp\/v2\/product_tag?post=17929"}],"curies":[{"name":"wp","href":"https:\/\/api.w.org\/{rel}","templated":true}]}}