{"id":17957,"date":"2023-01-13T14:20:37","date_gmt":"2023-01-13T14:20:37","guid":{"rendered":"https:\/\/www.mysexualfantasy.eu\/?post_type=product&#038;p=17957"},"modified":"2023-12-06T15:58:36","modified_gmt":"2023-12-06T15:58:36","slug":"tanga-con-bala-vibradora-y-mando","status":"publish","type":"product","link":"https:\/\/www.mysexualfantasy.eu\/en\/product\/tanga-con-bala-vibradora-y-mando\/","title":{"rendered":"TANGA CON BALA VIBRADORA Y MANDO"},"content":{"rendered":"<p>Es hora de jugar picantemente y ahora podreis hacerlo de forma muy f\u00e1cil porque este tanga, adem\u00e1s de ser super sexy, tiene una ranura donde podr\u00e1s incluir una potente bala vibradora que se acciona con un mando. Dale el control del mando a tu pareja y por tanto podr\u00e1 decidir\u00e1 cuando vibra o no. Despu\u00e9s iros a dar una vuelta o a una rom\u00e1ntica cena&#8230;\u00a1Lo pasareis en grande!<\/p>\n<p>Caracter\u00edsticas: <\/p>\n<ul>\n<li>Tanga con slot para incorporar una bala vibradora (incluida)<\/li>\n<li>Bala vibradora regulada por control remoto con hasta 20 modos de vibraci\u00f3n<\/li>\n<li>Pilas: 2xAAA \/ 3x LR44<\/li>\n<li>Materiales: Silicona y ABS<\/li>\n<\/ul>\n<p>\u00a1Dale vida y diversi\u00f3n a tus relaciones de pareja!<\/p>","protected":false},"excerpt":{"rendered":"<p>TANGA CON BALA VIBRADORA Y MANDO<\/p>","protected":false},"featured_media":66665,"comment_status":"open","ping_status":"closed","template":"","meta":{"_monsterinsights_skip_tracking":false,"_monsterinsights_sitenote_active":false,"_monsterinsights_sitenote_note":"","_monsterinsights_sitenote_category":0,"_joinchat":[]},"product_brand":[],"product_cat":[1311,1156,1152,1155,1165,1153,1154],"product_tag":[],"class_list":{"0":"post-17957","1":"product","2":"type-product","3":"status-publish","4":"has-post-thumbnail","6":"product_cat-juguetes-bienestar-juguetes-para-mujeresestimuladoresbalas-vibradoras","7":"product_cat-juguetes-bienestar-juguetes-para-mujeresestimuladores","8":"product_cat-juguetes-bienestar","9":"product_cat-juguetes-bienestar-juguetes-para-mujeres","10":"product_cat-juguetes-bienestar-juguetes-para-mujeresmasturbadores-para-ellas","11":"product_cat-juguetes-bienestar-vibradores","12":"product_cat-juguetes-bienestar-vibradoresvibradores-control-remoto","13":"yith_product_brand-baile","14":"yith_product_brand-bailebaile-stimulating","16":"first","17":"instock","18":"taxable","19":"shipping-taxable","20":"purchasable","21":"product-type-simple"},"aioseo_notices":[],"_links":{"self":[{"href":"https:\/\/www.mysexualfantasy.eu\/en\/wp-json\/wp\/v2\/product\/17957","targetHints":{"allow":["GET"]}}],"collection":[{"href":"https:\/\/www.mysexualfantasy.eu\/en\/wp-json\/wp\/v2\/product"}],"about":[{"href":"https:\/\/www.mysexualfantasy.eu\/en\/wp-json\/wp\/v2\/types\/product"}],"replies":[{"embeddable":true,"href":"https:\/\/www.mysexualfantasy.eu\/en\/wp-json\/wp\/v2\/comments?post=17957"}],"wp:featuredmedia":[{"embeddable":true,"href":"https:\/\/www.mysexualfantasy.eu\/en\/wp-json\/wp\/v2\/media\/66665"}],"wp:attachment":[{"href":"https:\/\/www.mysexualfantasy.eu\/en\/wp-json\/wp\/v2\/media?parent=17957"}],"wp:term":[{"taxonomy":"product_brand","embeddable":true,"href":"https:\/\/www.mysexualfantasy.eu\/en\/wp-json\/wp\/v2\/product_brand?post=17957"},{"taxonomy":"product_cat","embeddable":true,"href":"https:\/\/www.mysexualfantasy.eu\/en\/wp-json\/wp\/v2\/product_cat?post=17957"},{"taxonomy":"product_tag","embeddable":true,"href":"https:\/\/www.mysexualfantasy.eu\/en\/wp-json\/wp\/v2\/product_tag?post=17957"}],"curies":[{"name":"wp","href":"https:\/\/api.w.org\/{rel}","templated":true}]}}