{"id":17962,"date":"2023-01-13T11:42:23","date_gmt":"2023-01-13T11:42:23","guid":{"rendered":"https:\/\/www.mysexualfantasy.eu\/?post_type=product&#038;p=17962"},"modified":"2023-12-06T15:58:38","modified_gmt":"2023-12-06T15:58:38","slug":"ultra-passionate-arnes-mariposa-control-remoto","status":"publish","type":"product","link":"https:\/\/www.mysexualfantasy.eu\/en\/product\/ultra-passionate-arnes-mariposa-control-remoto\/","title":{"rendered":"ULTRA PASSIONATE ARNES MARIPOSA CONTROL REMOTO"},"content":{"rendered":"<p>Date alas y d\u00e9jate llevar por el placer y la estimulaci\u00f3n de este arn\u00e9s con dise\u00f1o de mariposa y vibraci\u00f3n para estimulaci\u00f3n clitorial, porque adem\u00e1s, incorpora un peque\u00f1o dildo estimulador. Es muy f\u00e1cil de usar, tan s\u00f3lo enciendelo, selecciona entre sus 30 modos de vibraci\u00f3n que puedes controlar a trav\u00e9s de su mando por control remoto y deja que el batir de esta mariposa te bata y haga volar a ti tambi\u00e9n. Caracter\u00edsticas:<\/p>\n<ul>\n<li>Arn\u00e9s con mariposa vibradora y minidildo<\/li>\n<li>Mando por control remoto<\/li>\n<li>30 modos de vibraci\u00f3n<\/li>\n<li>Correas del arn\u00e9s el\u00e1sticas <\/li>\n<li>Pilas mariposa: 1xAAA<\/li>\n<li>Pilas mando: 2xAAA<\/li>\n<li>Medidas: Ver foto<\/li>\n<li>Material: 100% Silicona<\/li>\n<\/ul>","protected":false},"excerpt":{"rendered":"<p>ULTRA PASSIONATE ARNES MARIPOSA CON VIBRACION Y MINIDILDO ESTIMULADOR CONTROL REMOTO<\/p>","protected":false},"featured_media":41556,"comment_status":"open","ping_status":"closed","template":"","meta":{"_monsterinsights_skip_tracking":false,"_monsterinsights_sitenote_active":false,"_monsterinsights_sitenote_note":"","_monsterinsights_sitenote_category":0,"_joinchat":[]},"product_brand":[],"product_cat":[1173,1279,1156,1152,1155,1165,1153,1154],"product_tag":[],"class_list":{"0":"post-17962","1":"product","2":"type-product","3":"status-publish","4":"has-post-thumbnail","6":"product_cat-juguetes-bienestar-arneses","7":"product_cat-juguetes-bienestar-arnesesarneses-con-vibracion","8":"product_cat-juguetes-bienestar-juguetes-para-mujeresestimuladores","9":"product_cat-juguetes-bienestar","10":"product_cat-juguetes-bienestar-juguetes-para-mujeres","11":"product_cat-juguetes-bienestar-juguetes-para-mujeresmasturbadores-para-ellas","12":"product_cat-juguetes-bienestar-vibradores","13":"product_cat-juguetes-bienestar-vibradoresvibradores-control-remoto","14":"yith_product_brand-baile","15":"yith_product_brand-bailebaile-stimulating","17":"first","18":"instock","19":"taxable","20":"shipping-taxable","21":"purchasable","22":"product-type-simple"},"aioseo_notices":[],"_links":{"self":[{"href":"https:\/\/www.mysexualfantasy.eu\/en\/wp-json\/wp\/v2\/product\/17962","targetHints":{"allow":["GET"]}}],"collection":[{"href":"https:\/\/www.mysexualfantasy.eu\/en\/wp-json\/wp\/v2\/product"}],"about":[{"href":"https:\/\/www.mysexualfantasy.eu\/en\/wp-json\/wp\/v2\/types\/product"}],"replies":[{"embeddable":true,"href":"https:\/\/www.mysexualfantasy.eu\/en\/wp-json\/wp\/v2\/comments?post=17962"}],"wp:featuredmedia":[{"embeddable":true,"href":"https:\/\/www.mysexualfantasy.eu\/en\/wp-json\/wp\/v2\/media\/41556"}],"wp:attachment":[{"href":"https:\/\/www.mysexualfantasy.eu\/en\/wp-json\/wp\/v2\/media?parent=17962"}],"wp:term":[{"taxonomy":"product_brand","embeddable":true,"href":"https:\/\/www.mysexualfantasy.eu\/en\/wp-json\/wp\/v2\/product_brand?post=17962"},{"taxonomy":"product_cat","embeddable":true,"href":"https:\/\/www.mysexualfantasy.eu\/en\/wp-json\/wp\/v2\/product_cat?post=17962"},{"taxonomy":"product_tag","embeddable":true,"href":"https:\/\/www.mysexualfantasy.eu\/en\/wp-json\/wp\/v2\/product_tag?post=17962"}],"curies":[{"name":"wp","href":"https:\/\/api.w.org\/{rel}","templated":true}]}}