{"id":17963,"date":"2023-01-13T11:42:23","date_gmt":"2023-01-13T11:42:23","guid":{"rendered":"https:\/\/www.mysexualfantasy.eu\/?post_type=product&#038;p=17963"},"modified":"2023-12-06T15:58:39","modified_gmt":"2023-12-06T15:58:39","slug":"arnes-love-rider-con-vibracion","status":"publish","type":"product","link":"https:\/\/www.mysexualfantasy.eu\/en\/product\/arnes-love-rider-con-vibracion\/","title":{"rendered":"ARNES LOVE RIDER CON VIBRACION"},"content":{"rendered":"<p>Porque estimularse y darse placer con estilo es posible, ahora podr\u00e1s hacerlo con el fant\u00e1stico arn\u00e9s Love Rider. Este arn\u00e9s el\u00e1stico incorpora un panty de silicona con relieves para la estimulaci\u00f3n clitorial y que vibra con su potente bala extra\u00edble. Su funcionamiento es muy sencillo, tan s\u00f3lo col\u00f3cala y dale al bot\u00f3n de encendido. <\/p>\n<p>Est\u00e1 fabricado en silicona de primera calidad que podr\u00e1s labar f\u00e1cilmente una vez que hayas terminado de usarla. Para apagar, vuelve a pulsar el mismo bot\u00f3n.<\/p>\n<p>Caracter\u00edsticas:<\/p>\n<ul>\n<li>Arn\u00e9s el\u00e1stico con plug con vibraci\u00f3n.<\/li>\n<li>Material: Silicona<\/li>\n<li>Pilas: 3xLR44<\/li>\n<li>1 modo de vibraci\u00f3n<\/li>\n<li>Bot\u00f3n On\/Off<\/li>\n<\/ul>\n<p>\u00a1Hora de sentirse divina y plena!<\/p>","protected":false},"excerpt":{"rendered":"<p>ARNES LOVE RIDER CON VIBRACION<\/p>","protected":false},"featured_media":41561,"comment_status":"open","ping_status":"closed","template":"","meta":{"_monsterinsights_skip_tracking":false,"_monsterinsights_sitenote_active":false,"_monsterinsights_sitenote_note":"","_monsterinsights_sitenote_category":0,"_joinchat":[]},"product_brand":[],"product_cat":[1173,1279,1152,1155,1165],"product_tag":[],"class_list":{"0":"post-17963","1":"product","2":"type-product","3":"status-publish","4":"has-post-thumbnail","6":"product_cat-juguetes-bienestar-arneses","7":"product_cat-juguetes-bienestar-arnesesarneses-con-vibracion","8":"product_cat-juguetes-bienestar","9":"product_cat-juguetes-bienestar-juguetes-para-mujeres","10":"product_cat-juguetes-bienestar-juguetes-para-mujeresmasturbadores-para-ellas","11":"yith_product_brand-baile","12":"yith_product_brand-bailebaile-stimulating","14":"first","15":"instock","16":"taxable","17":"shipping-taxable","18":"purchasable","19":"product-type-simple"},"aioseo_notices":[],"_links":{"self":[{"href":"https:\/\/www.mysexualfantasy.eu\/en\/wp-json\/wp\/v2\/product\/17963","targetHints":{"allow":["GET"]}}],"collection":[{"href":"https:\/\/www.mysexualfantasy.eu\/en\/wp-json\/wp\/v2\/product"}],"about":[{"href":"https:\/\/www.mysexualfantasy.eu\/en\/wp-json\/wp\/v2\/types\/product"}],"replies":[{"embeddable":true,"href":"https:\/\/www.mysexualfantasy.eu\/en\/wp-json\/wp\/v2\/comments?post=17963"}],"wp:featuredmedia":[{"embeddable":true,"href":"https:\/\/www.mysexualfantasy.eu\/en\/wp-json\/wp\/v2\/media\/41561"}],"wp:attachment":[{"href":"https:\/\/www.mysexualfantasy.eu\/en\/wp-json\/wp\/v2\/media?parent=17963"}],"wp:term":[{"taxonomy":"product_brand","embeddable":true,"href":"https:\/\/www.mysexualfantasy.eu\/en\/wp-json\/wp\/v2\/product_brand?post=17963"},{"taxonomy":"product_cat","embeddable":true,"href":"https:\/\/www.mysexualfantasy.eu\/en\/wp-json\/wp\/v2\/product_cat?post=17963"},{"taxonomy":"product_tag","embeddable":true,"href":"https:\/\/www.mysexualfantasy.eu\/en\/wp-json\/wp\/v2\/product_tag?post=17963"}],"curies":[{"name":"wp","href":"https:\/\/api.w.org\/{rel}","templated":true}]}}