{"id":17997,"date":"2023-01-13T13:27:55","date_gmt":"2023-01-13T13:27:55","guid":{"rendered":"https:\/\/www.mysexualfantasy.eu\/?post_type=product&#038;p=17997"},"modified":"2023-12-06T14:54:49","modified_gmt":"2023-12-06T14:54:49","slug":"pretty-love-bottom-plug-anal-silicona-recargable","status":"publish","type":"product","link":"https:\/\/www.mysexualfantasy.eu\/en\/product\/pretty-love-bottom-plug-anal-silicona-recargable\/","title":{"rendered":"PRETTY LOVE  BOTTOM PLUG ANAL SILICONA RECARGABLE"},"content":{"rendered":"<p>Disfruta del maravilloso placer de la estimulaci\u00f3n anal con este plug de silicona de Pretty Love. Dispone de asa para una f\u00e1cil manipulaci\u00f3n y extracci\u00f3n, est\u00e1 fabricado en silicona\u00a0de primera calidad, libre de ftalatos\u00a0y tiene 12 modos de potentes y silenciosas vibraciones para aumentar el placer.<\/p>\n<p>Caracter\u00edsticas:<\/p>\n<ul>\n<li>Plug anal con vibraci\u00f3n<\/li>\n<li>12 modos de vibraci\u00f3n<\/li>\n<li>Material: SIlicona<\/li>\n<li>Resistente al agua<\/li>\n<li>Fuerte ventosa para adherir a superficies planas como en la ducha.\u00a0<\/li>\n<li>USB recargable (cable incluido)<\/li>\n<li>Color: negro<\/li>\n<li>Incluye bolsa de tela para guardar y transportar.<\/li>\n<li>Medidas: 110 x 33 mm<\/li>\n<\/ul>\n<p>Pretty Love fabrica productos con exigentes normas de calidad, todos sus productos estan dise\u00f1ados en Estados Unidos y tienen 1 a\u00f1o de garant\u00eda en defectos t\u00e9cnicos<\/p>","protected":false},"excerpt":{"rendered":"<p>PRETTY LOVE &#8211; BOTTOM &#8211;  PLUG ANAL SILICONA RECARGABLE CON VIBRACION<\/p>","protected":false},"featured_media":59592,"comment_status":"open","ping_status":"closed","template":"","meta":{"_monsterinsights_skip_tracking":false,"_monsterinsights_sitenote_active":false,"_monsterinsights_sitenote_note":"","_monsterinsights_sitenote_category":0,"_joinchat":[]},"product_brand":[],"product_cat":[1162,1152,1189],"product_tag":[],"class_list":{"0":"post-17997","1":"product","2":"type-product","3":"status-publish","4":"has-post-thumbnail","6":"product_cat-juguetes-bienestar-anal","7":"product_cat-juguetes-bienestar","8":"product_cat-juguetes-bienestar-analplugs-anales","9":"yith_product_brand-pretty-love","10":"yith_product_brand-pretty-lovepretty-love-bottom","12":"first","13":"instock","14":"taxable","15":"shipping-taxable","16":"purchasable","17":"product-type-simple"},"aioseo_notices":[],"_links":{"self":[{"href":"https:\/\/www.mysexualfantasy.eu\/en\/wp-json\/wp\/v2\/product\/17997","targetHints":{"allow":["GET"]}}],"collection":[{"href":"https:\/\/www.mysexualfantasy.eu\/en\/wp-json\/wp\/v2\/product"}],"about":[{"href":"https:\/\/www.mysexualfantasy.eu\/en\/wp-json\/wp\/v2\/types\/product"}],"replies":[{"embeddable":true,"href":"https:\/\/www.mysexualfantasy.eu\/en\/wp-json\/wp\/v2\/comments?post=17997"}],"wp:featuredmedia":[{"embeddable":true,"href":"https:\/\/www.mysexualfantasy.eu\/en\/wp-json\/wp\/v2\/media\/59592"}],"wp:attachment":[{"href":"https:\/\/www.mysexualfantasy.eu\/en\/wp-json\/wp\/v2\/media?parent=17997"}],"wp:term":[{"taxonomy":"product_brand","embeddable":true,"href":"https:\/\/www.mysexualfantasy.eu\/en\/wp-json\/wp\/v2\/product_brand?post=17997"},{"taxonomy":"product_cat","embeddable":true,"href":"https:\/\/www.mysexualfantasy.eu\/en\/wp-json\/wp\/v2\/product_cat?post=17997"},{"taxonomy":"product_tag","embeddable":true,"href":"https:\/\/www.mysexualfantasy.eu\/en\/wp-json\/wp\/v2\/product_tag?post=17997"}],"curies":[{"name":"wp","href":"https:\/\/api.w.org\/{rel}","templated":true}]}}