{"id":18378,"date":"2023-01-13T12:01:48","date_gmt":"2023-01-13T12:01:48","guid":{"rendered":"https:\/\/www.mysexualfantasy.eu\/?post_type=product&#038;p=18378"},"modified":"2023-12-06T15:58:55","modified_gmt":"2023-12-06T15:58:55","slug":"nalone-fifi-vibrador-clitorial","status":"publish","type":"product","link":"https:\/\/www.mysexualfantasy.eu\/en\/product\/nalone-fifi-vibrador-clitorial\/","title":{"rendered":"NALONE FIFI VIBRADOR CLITORIAL"},"content":{"rendered":"<p><span style=\"line-height: 20.8px;\">Descubre un nuevo concepto, pensabas que lo habias visto todo? Nalone esconce m\u00e1s de lo que ves, a simple vista un vibrador normal, en su interior tecnologia punta al servicio del placer.<\/span><\/p>\n<p>Conoce a Fifi, un estimulador externo clitorial que convertir\u00e1 a este juguete en un perfecto aliado de tu placer. Est\u00e1 ergonomicamente dise\u00f1ado para el maximo contacto con el clitoris, transmitira fuertes vibraciones oscilantes a tu cuerpo.<\/p>\n<p>La silicona con el que est\u00e1 fabricado es seguro \u00a0y garantiza una perfecta estimulaci\u00f3n.<\/p>\n<p>Especificaciones;<\/p>\n<ul>\n<li>Material: \u00a0Silicona y ABS<\/li>\n<li>Modos de vibraci\u00f3n: 7 modos de vibraci\u00f3n por sonido<\/li>\n<li>Nivel m\u00e1ximo de ruido: menos de 50 dB\u00a0<\/li>\n<li>Dimensiones: 92 mm(L)x51mm(P)<\/li>\n<li>Carga: bacteria de litio (cable de carga USB incluido)<\/li>\n<li>Resistente al agua 100%<\/li>\n<\/ul>\n<p style=\"text-align: center;\"><img decoding=\"async\" alt=\"\" src=\"https:\/\/interno.dreamlove.es\/UserFiles\/images\/nalone2%281%29.png\" style=\"width: 370px; height: 363px;\" \/><\/p>\n<p style=\"text-align: center;\">\u2460 Punta vibratoria\u2461 cable de conexi\u00f3n de accesorios\u2462 Punta vibratoria\u2463 Punta vibratoria\u2464 Accesorio Encender\/Apagar\/avanzar modo de vibraci\u00f3n \u00a0\u2466 conector de accesorios\u2465 Fi Fi Encender\/Apagar\/avanzar modo de vibraci\u00f3n\u2467 Puerto de carga<\/p>\n<p><strong>Modos de estimulaci\u00f3n<\/strong><\/p>\n<ul>\n<li>1. Vibraci\u00f3n lenta<\/li>\n<li>2. Vibraci\u00f3n media<\/li>\n<li>3. Vibraci\u00f3n r\u00e1pida<\/li>\n<li>4. Vibraci\u00f3n de pulsos medios<\/li>\n<li>5. Vibraci\u00f3n de pulsos r\u00e1pidos<\/li>\n<li>6. 2 vibraciones cortas y una larga<\/li>\n<li>7. Vibraci\u00f3n por pulsos gradua<\/li>\n<\/ul>\n<p><strong>Como utilizar<\/strong><\/p>\n<ul>\n<li>1. Para cargar tu vibrador, conecta el cable USB del cargador a un adaptador USB (se recomienda un adaptador de 5V\/1A). Conecta la otra parte del cable USB a la base del vibrador (en la parte inferior del vibrador). Mientras se carga, parpadear\u00e1 una luz azul en el panel de control para indicar que se est\u00e1 realizando la carga. Una vez cargado, la luz dejar\u00e1 de parpadear para indicar que est\u00e1 listo para su uso. Por favor ten en cuenta que la primera vez que lo uses, o si no lo has utilizado en mucho tiempo, es probable que la luz no se encienda en durante unos minutos.<\/li>\n<li>2. Para encender el vibrador, mant\u00e9n pulsado el bot\u00f3n<img decoding=\"async\" alt=\"\" src=\"https:\/\/interno.dreamlove.es\/UserFiles\/images\/flecha.png\" style=\"width: 19px; height: 18px;\" \/>durante 3 segundos.<\/li>\n<li>3. Si presionas r\u00e1pidamente el bot\u00f3n<img decoding=\"async\" alt=\"\" src=\"https:\/\/interno.dreamlove.es\/UserFiles\/images\/flecha.png\" style=\"line-height: 20.8px; width: 19px; height: 18px;\" \/>, el vibrador se pondr\u00e1 en modo manual. Cada vez que pulses el bot\u00f3n\u201c<img decoding=\"async\" alt=\"\" src=\"https:\/\/interno.dreamlove.es\/UserFiles\/images\/flecha.png\" style=\"line-height: 20.8px; width: 19px; height: 18px;\" \/>cambiar\u00e1 el modo de vibraci\u00f3n, pasando por todos ellos.<\/li>\n<li>4. Para apagar el vibrador mant\u00e9n pulsado en bot\u00f3n\u201c \u201ddurante 3 segundos<\/li>\n<li>5. \u00a0Para utilizar el accesorio de FiFi 2, conecte el accesorio en la base de FIFI 2 (Especificaci\u00f3n &#8211; Punto\u00a06. \u00a0Si presionas r\u00e1pidamente el bot\u00f3n\u201c \u201d, el vibrador se pondr\u00e1 en modo manual. Cada vez que pulses el bot\u00f3n\u201c \u201dcambiar\u00e1 el modo de vibraci\u00f3n, pasando por todos ellos<\/li>\n<li>7. Para apagar el vibrador mant\u00e9n pulsado en bot\u00f3n<img decoding=\"async\" alt=\"\" src=\"https:\/\/interno.dreamlove.es\/UserFiles\/images\/flecha.png\" style=\"line-height: 20.8px; width: 19px; height: 18px;\" \/>durante 3 segundos<\/li>\n<\/ul>\n<p><strong>Advertencias<\/strong><\/p>\n<ol>\n<li>\u25c6 Aseg\u00farate de cargar el vibrador completamente antes de su uso.<\/li>\n<li>\u25c6 Limpia\/desinfecta tu vibrador con agua templada y jab\u00f3n antibacterias.<\/li>\n<li>\u25c6 Utiliza solamente lubricantes hidrosolubles. Nunca uses aceites de masaje, cremas de manos ni otros tipos de lubricante<\/li>\n<li>.\u25c6 Tras su uso, es recomendable limpiar el vibrador para evitar crecimiento bacteriano.<\/li>\n<\/ol>","protected":false},"excerpt":{"rendered":"<p>NALONE FIFI CLITORAL VIBRATOR<\/p>","protected":false},"featured_media":44691,"comment_status":"open","ping_status":"closed","template":"","meta":{"_monsterinsights_skip_tracking":false,"_monsterinsights_sitenote_active":false,"_monsterinsights_sitenote_note":"","_monsterinsights_sitenote_category":0,"_joinchat":[]},"product_brand":[],"product_cat":[1156,1152,1155,1165,1153],"product_tag":[],"class_list":{"0":"post-18378","1":"product","2":"type-product","3":"status-publish","4":"has-post-thumbnail","6":"product_cat-juguetes-bienestar-juguetes-para-mujeresestimuladores","7":"product_cat-juguetes-bienestar","8":"product_cat-juguetes-bienestar-juguetes-para-mujeres","9":"product_cat-juguetes-bienestar-juguetes-para-mujeresmasturbadores-para-ellas","10":"product_cat-juguetes-bienestar-vibradores","11":"yith_product_brand-nalone","13":"first","14":"instock","15":"taxable","16":"shipping-taxable","17":"purchasable","18":"product-type-simple"},"aioseo_notices":[],"_links":{"self":[{"href":"https:\/\/www.mysexualfantasy.eu\/en\/wp-json\/wp\/v2\/product\/18378","targetHints":{"allow":["GET"]}}],"collection":[{"href":"https:\/\/www.mysexualfantasy.eu\/en\/wp-json\/wp\/v2\/product"}],"about":[{"href":"https:\/\/www.mysexualfantasy.eu\/en\/wp-json\/wp\/v2\/types\/product"}],"replies":[{"embeddable":true,"href":"https:\/\/www.mysexualfantasy.eu\/en\/wp-json\/wp\/v2\/comments?post=18378"}],"wp:featuredmedia":[{"embeddable":true,"href":"https:\/\/www.mysexualfantasy.eu\/en\/wp-json\/wp\/v2\/media\/44691"}],"wp:attachment":[{"href":"https:\/\/www.mysexualfantasy.eu\/en\/wp-json\/wp\/v2\/media?parent=18378"}],"wp:term":[{"taxonomy":"product_brand","embeddable":true,"href":"https:\/\/www.mysexualfantasy.eu\/en\/wp-json\/wp\/v2\/product_brand?post=18378"},{"taxonomy":"product_cat","embeddable":true,"href":"https:\/\/www.mysexualfantasy.eu\/en\/wp-json\/wp\/v2\/product_cat?post=18378"},{"taxonomy":"product_tag","embeddable":true,"href":"https:\/\/www.mysexualfantasy.eu\/en\/wp-json\/wp\/v2\/product_tag?post=18378"}],"curies":[{"name":"wp","href":"https:\/\/api.w.org\/{rel}","templated":true}]}}