{"id":18466,"date":"2023-01-13T14:22:49","date_gmt":"2023-01-13T14:22:49","guid":{"rendered":"https:\/\/www.mysexualfantasy.eu\/?post_type=product&#038;p=18466"},"modified":"2023-12-06T15:31:11","modified_gmt":"2023-12-06T15:31:11","slug":"joyballs-secret-set","status":"publish","type":"product","link":"https:\/\/www.mysexualfantasy.eu\/en\/product\/joyballs-secret-set\/","title":{"rendered":"JOYBALLS SECRET SET"},"content":{"rendered":"<p>Fortal\u00e9cete!<\/p>\n<p>Las bolas chinas sin cinta Joyballs secret! Son las bolas chinas m\u00e1s discretas del mundo! Su dise\u00f1o bien pensado y ergon\u00f3mico, las hace extremadamente efectivas.<\/p>\n<p>Las bolas chinas Joyball secret de silicona medica Silikomed, agradable a la piel, refuerzan el fondo p\u00e9lvico de manera efectiva.<\/p>\n<p>Gracias al lazo de recuperaci\u00f3n patentado son f\u00e1ciles de manipular y absolutamente invisibles al usarlas ya que se las lleva completamente en el interior del cuerpo. As\u00ed que puedes entrenarte con ellas siempre y en todo lugar, y luego encontrar m\u00e1s placer en los juegos sexuales con tu pareja. Empieza tu entrenamiento con el Secret Single y avanza de nivel con las Joyballs secret hasta convertirte en profesional. Las Joyballs secret son f\u00e1ciles de mantener e higi\u00e9nicas, adem\u00e1s de impermeables e incluso aptas para el lavavajillas.<\/p>\n<p>Set de entrenamiento que incluye;<\/p>\n<ul>\n<li>1 Bola doble + 1 Bola single.<\/li>\n<li>En una caja premium<\/li>\n<li>1 Bolsa<\/li>\n<li>Manual de instrucciones.<\/li>\n<\/ul>\n<p>\u00a0<\/p>","protected":false},"excerpt":{"rendered":"<p>JOYBALLS SECRET SET FOR PELVIC FLOOR<\/p>","protected":false},"featured_media":67021,"comment_status":"open","ping_status":"closed","template":"","meta":{"_monsterinsights_skip_tracking":false,"_monsterinsights_sitenote_active":false,"_monsterinsights_sitenote_note":"","_monsterinsights_sitenote_category":0,"_joinchat":[]},"product_brand":[],"product_cat":[1158,1264,1265,1152],"product_tag":[],"class_list":{"0":"post-18466","1":"product","2":"type-product","3":"status-publish","4":"has-post-thumbnail","6":"product_cat-juguetes-bienestar-bolas","7":"product_cat-juguetes-bienestar-bolasbolas-basicas","8":"product_cat-juguetes-bienestar-bolasbolas-silicona","9":"product_cat-juguetes-bienestar","10":"yith_product_brand-joydivision","11":"yith_product_brand-joydivisionjoydivision-joyballs","13":"first","14":"instock","15":"taxable","16":"shipping-taxable","17":"purchasable","18":"product-type-simple"},"aioseo_notices":[],"_links":{"self":[{"href":"https:\/\/www.mysexualfantasy.eu\/en\/wp-json\/wp\/v2\/product\/18466","targetHints":{"allow":["GET"]}}],"collection":[{"href":"https:\/\/www.mysexualfantasy.eu\/en\/wp-json\/wp\/v2\/product"}],"about":[{"href":"https:\/\/www.mysexualfantasy.eu\/en\/wp-json\/wp\/v2\/types\/product"}],"replies":[{"embeddable":true,"href":"https:\/\/www.mysexualfantasy.eu\/en\/wp-json\/wp\/v2\/comments?post=18466"}],"wp:featuredmedia":[{"embeddable":true,"href":"https:\/\/www.mysexualfantasy.eu\/en\/wp-json\/wp\/v2\/media\/67021"}],"wp:attachment":[{"href":"https:\/\/www.mysexualfantasy.eu\/en\/wp-json\/wp\/v2\/media?parent=18466"}],"wp:term":[{"taxonomy":"product_brand","embeddable":true,"href":"https:\/\/www.mysexualfantasy.eu\/en\/wp-json\/wp\/v2\/product_brand?post=18466"},{"taxonomy":"product_cat","embeddable":true,"href":"https:\/\/www.mysexualfantasy.eu\/en\/wp-json\/wp\/v2\/product_cat?post=18466"},{"taxonomy":"product_tag","embeddable":true,"href":"https:\/\/www.mysexualfantasy.eu\/en\/wp-json\/wp\/v2\/product_tag?post=18466"}],"curies":[{"name":"wp","href":"https:\/\/api.w.org\/{rel}","templated":true}]}}