{"id":18479,"date":"2023-01-13T12:16:04","date_gmt":"2023-01-13T12:16:04","guid":{"rendered":"https:\/\/www.mysexualfantasy.eu\/?post_type=product&#038;p=18479"},"modified":"2023-12-06T17:26:26","modified_gmt":"2023-12-06T17:26:26","slug":"obsessive-frivolla-set-de-cuatro-piezas-s-m","status":"publish","type":"product","link":"https:\/\/www.mysexualfantasy.eu\/en\/product\/obsessive-frivolla-set-de-cuatro-piezas-s-m\/","title":{"rendered":"OBSESSIVE &#8211; FRIVOLLA SET DE CUATRO PIEZAS S\/M"},"content":{"rendered":"<p>Fabuloso set de 4 piezas de la sensual colecci\u00f3n Frivolla. Su dise\u00f1o \u00fanico har\u00e1 que est\u00e9s radiante, ya que mezcla increibles bordados con tirantes e incluye un cintur\u00f3n que realzar\u00e1 tu figura potenciando tu sensualidad. \u00a0<\/p>\n<p>Caracter\u00edsticas:\u00a0<\/p>\n<ul>\n<li>Set colecci\u00f3n Frivolla\u00a0<\/li>\n<li>Set de 4 piezas compuesto por sujetador, liguero, cintur\u00f3n de encaje y tanga<\/li>\n<li>Sujetador con cierre ajustable y tirantas regulables\u00a0<\/li>\n<li>Combinaci\u00f3n de tirantas el\u00e1sticas en el escote\u00a0<\/li>\n<li>Liguero regulable con tirantas en la cintura\u00a0<\/li>\n<li>Composici\u00f3n: 90% poliamida \/10% el\u00e1stano<\/li>\n<li>Talla: S\/M<\/li>\n<\/ul>\n<p>\u00a1Obsessive significa inspiraci\u00f3n en la mujer!\u00a0 Elegancia, sensualidad, amor a la costura&#8230;.significa mucho para la mujer, pocos son los adjetivos que pueden calificar a Obsessive, donde una labor de a\u00f1os han conseguido unir relacion Calidad \/ Precio,<\/p>\n<p>L\u00edderes mundial<\/p>\n<p>\u00a0<\/p>\n<p style=\"text-align: center;\"><img decoding=\"async\" src=\"https:\/\/store.dreamlove.es\/UserFiles\/images\/SIZES.png\" \/><\/p>","protected":false},"excerpt":{"rendered":"<p>OBSESSIVE &#8211; FRIVOLLA 4 PIECES SET S\/M<\/p>","protected":false},"featured_media":48113,"comment_status":"open","ping_status":"closed","template":"","meta":{"_monsterinsights_skip_tracking":false,"_monsterinsights_sitenote_active":false,"_monsterinsights_sitenote_note":"","_monsterinsights_sitenote_category":0,"_joinchat":[]},"product_brand":[],"product_cat":[1196,1197,1199,1166,1445],"product_tag":[],"class_list":{"0":"post-18479","1":"product","2":"type-product","3":"status-publish","4":"has-post-thumbnail","6":"product_cat-moda-lencerialenceria-mujer","7":"product_cat-moda-lencerialenceria-mujerlenceria-picante","8":"product_cat-moda-lencerialenceria-mujerlenceria-sexy","9":"product_cat-moda-lenceria","10":"product_cat-moda-lencerialenceria-mujerlenceria-picantesets-con-liguero","11":"yith_product_brand-obsessive","12":"yith_product_brand-obsessiveobsessive-sets","14":"first","15":"instock","16":"taxable","17":"shipping-taxable","18":"purchasable","19":"product-type-variable"},"aioseo_notices":[],"_links":{"self":[{"href":"https:\/\/www.mysexualfantasy.eu\/en\/wp-json\/wp\/v2\/product\/18479","targetHints":{"allow":["GET"]}}],"collection":[{"href":"https:\/\/www.mysexualfantasy.eu\/en\/wp-json\/wp\/v2\/product"}],"about":[{"href":"https:\/\/www.mysexualfantasy.eu\/en\/wp-json\/wp\/v2\/types\/product"}],"replies":[{"embeddable":true,"href":"https:\/\/www.mysexualfantasy.eu\/en\/wp-json\/wp\/v2\/comments?post=18479"}],"wp:featuredmedia":[{"embeddable":true,"href":"https:\/\/www.mysexualfantasy.eu\/en\/wp-json\/wp\/v2\/media\/48113"}],"wp:attachment":[{"href":"https:\/\/www.mysexualfantasy.eu\/en\/wp-json\/wp\/v2\/media?parent=18479"}],"wp:term":[{"taxonomy":"product_brand","embeddable":true,"href":"https:\/\/www.mysexualfantasy.eu\/en\/wp-json\/wp\/v2\/product_brand?post=18479"},{"taxonomy":"product_cat","embeddable":true,"href":"https:\/\/www.mysexualfantasy.eu\/en\/wp-json\/wp\/v2\/product_cat?post=18479"},{"taxonomy":"product_tag","embeddable":true,"href":"https:\/\/www.mysexualfantasy.eu\/en\/wp-json\/wp\/v2\/product_tag?post=18479"}],"curies":[{"name":"wp","href":"https:\/\/api.w.org\/{rel}","templated":true}]}}