{"id":18542,"date":"2023-01-13T11:35:22","date_gmt":"2023-01-13T11:35:22","guid":{"rendered":"https:\/\/www.mysexualfantasy.eu\/?post_type=product&#038;p=18542"},"modified":"2023-12-06T15:35:23","modified_gmt":"2023-12-06T15:35:23","slug":"screaming-o-anillo-vibrador-recargable-yoga-azul","status":"publish","type":"product","link":"https:\/\/www.mysexualfantasy.eu\/en\/product\/screaming-o-anillo-vibrador-recargable-yoga-azul\/","title":{"rendered":"SCREAMING O ANILLO VIBRADOR RECARGABLE YOGA AZUL"},"content":{"rendered":"<p>Flexibiliza, aumenta y mejora tus posturas sexuales gracias al vers\u00e1til anillo vibrador Yoga. Este anillo vibrador es \u00fanico porque se ajusta y estrecha a tu pene y test\u00edculos c\u00f3modamente, siendo perfecto para tanto para aquellos que se inician en anillos vibradores como los mas experimentados gracias a sus increibles caracter\u00edsticas.<\/p>\n<p>Incorpora hasta 10 potentes velocidades de vibraci\u00f3n a tus posiciones sexuales favoritas y estimula donde prefieras ya que es reversible y completamente sumergile conviertiendolo en super vers\u00e1til. Adem\u00e1s es de larga duraci\u00f3n y disfrutareis de hasta 60 minutos de potentes vibraciones en su nivel mas alto de velocidad.<\/p>\n<p>Caracter\u00edsticas:<\/p>\n<ul>\n<li>Anillo vibrador reversible super flexible.<\/li>\n<li>Reutilizable<\/li>\n<li>Potentes vibraciones.<\/li>\n<li>10 velocidades de vibraci\u00f3n.<\/li>\n<li>Recargable (+ de 60 minutos de funcionamiento)<\/li>\n<li>Body-safe<\/li>\n<li>Materiales SEBS y ABS<\/li>\n<li>Di\u00e1metro: 3 cm<\/li>\n<li>100% sumergible<\/li>\n<li>Color: Azul<\/li>\n<\/ul>","protected":false},"excerpt":{"rendered":"<p>SCREAMING O ANILLO VIBRADOR RECARGABLE YOGA AZUL<\/p>","protected":false},"featured_media":31659,"comment_status":"open","ping_status":"closed","template":"","meta":{"_monsterinsights_skip_tracking":false,"_monsterinsights_sitenote_active":false,"_monsterinsights_sitenote_note":"","_monsterinsights_sitenote_category":0,"_joinchat":[]},"product_brand":[],"product_cat":[1170,1172,1171,1152,1160],"product_tag":[],"class_list":{"0":"post-18542","1":"product","2":"type-product","3":"status-publish","4":"has-post-thumbnail","6":"product_cat-juguetes-bienestar-juguetes-para-hombresaccesorios-para-el-pene","7":"product_cat-juguetes-bienestar-juguetes-para-hombresaccesorios-para-el-peneanillos-peneanillos-con-vibracion","8":"product_cat-juguetes-bienestar-juguetes-para-hombresaccesorios-para-el-peneanillos-pene","9":"product_cat-juguetes-bienestar","10":"product_cat-juguetes-bienestar-juguetes-para-hombres","11":"yith_product_brand-screaming-o","13":"first","14":"instock","15":"taxable","16":"shipping-taxable","17":"purchasable","18":"product-type-simple"},"aioseo_notices":[],"_links":{"self":[{"href":"https:\/\/www.mysexualfantasy.eu\/en\/wp-json\/wp\/v2\/product\/18542","targetHints":{"allow":["GET"]}}],"collection":[{"href":"https:\/\/www.mysexualfantasy.eu\/en\/wp-json\/wp\/v2\/product"}],"about":[{"href":"https:\/\/www.mysexualfantasy.eu\/en\/wp-json\/wp\/v2\/types\/product"}],"replies":[{"embeddable":true,"href":"https:\/\/www.mysexualfantasy.eu\/en\/wp-json\/wp\/v2\/comments?post=18542"}],"wp:featuredmedia":[{"embeddable":true,"href":"https:\/\/www.mysexualfantasy.eu\/en\/wp-json\/wp\/v2\/media\/31659"}],"wp:attachment":[{"href":"https:\/\/www.mysexualfantasy.eu\/en\/wp-json\/wp\/v2\/media?parent=18542"}],"wp:term":[{"taxonomy":"product_brand","embeddable":true,"href":"https:\/\/www.mysexualfantasy.eu\/en\/wp-json\/wp\/v2\/product_brand?post=18542"},{"taxonomy":"product_cat","embeddable":true,"href":"https:\/\/www.mysexualfantasy.eu\/en\/wp-json\/wp\/v2\/product_cat?post=18542"},{"taxonomy":"product_tag","embeddable":true,"href":"https:\/\/www.mysexualfantasy.eu\/en\/wp-json\/wp\/v2\/product_tag?post=18542"}],"curies":[{"name":"wp","href":"https:\/\/api.w.org\/{rel}","templated":true}]}}