{"id":18548,"date":"2023-01-13T14:20:43","date_gmt":"2023-01-13T14:20:43","guid":{"rendered":"https:\/\/www.mysexualfantasy.eu\/?post_type=product&#038;p=18548"},"modified":"2023-12-06T15:58:57","modified_gmt":"2023-12-06T15:58:57","slug":"screaming-o-bala-vibradora-recargable-vooom-lila","status":"publish","type":"product","link":"https:\/\/www.mysexualfantasy.eu\/en\/product\/screaming-o-bala-vibradora-recargable-vooom-lila\/","title":{"rendered":"SCREAMING O BALA VIBRADORA RECARGABLE VOOOM LILA"},"content":{"rendered":"<p>Disfruta de esta potente bala vibradora port\u00e1til. Vooom es una exclusiva bala 100% sumergible equipada con diez modos de vibraci\u00f3n y con la que experimetnar\u00e1s sensaciones nunca antes vividas.<\/p>\n<p>A diferencia de las tradicionales balas, Voooz, emplea una nueva tecnolog\u00eda que har\u00e1 que experimentes potentes vibraciones durante m\u00e1s de 60 minutos que dura su bater\u00eda ya que es USB recargable.<\/p>\n<p>Caracter\u00edsticas:<\/p>\n<ul>\n<li>Potente bala recargable<\/li>\n<li>10 modos de vibraci\u00f3n<\/li>\n<li>+60 de minutos de funcionamiento<\/li>\n<li>Body safe<\/li>\n<li>Materiales de primera calidad cient\u00edficamente comprobados.<\/li>\n<li>Color: Lila<\/li>\n<\/ul>","protected":false},"excerpt":{"rendered":"<p>SCREAMING O BALA VIBRADORA RECARGABLE VOOOM LILA<\/p>","protected":false},"featured_media":66683,"comment_status":"open","ping_status":"closed","template":"","meta":{"_monsterinsights_skip_tracking":false,"_monsterinsights_sitenote_active":false,"_monsterinsights_sitenote_note":"","_monsterinsights_sitenote_category":0,"_joinchat":[]},"product_brand":[],"product_cat":[1311,1156,1152,1155],"product_tag":[],"class_list":{"0":"post-18548","1":"product","2":"type-product","3":"status-publish","4":"has-post-thumbnail","6":"product_cat-juguetes-bienestar-juguetes-para-mujeresestimuladoresbalas-vibradoras","7":"product_cat-juguetes-bienestar-juguetes-para-mujeresestimuladores","8":"product_cat-juguetes-bienestar","9":"product_cat-juguetes-bienestar-juguetes-para-mujeres","10":"yith_product_brand-screaming-o","12":"first","13":"instock","14":"taxable","15":"shipping-taxable","16":"purchasable","17":"product-type-simple"},"aioseo_notices":[],"_links":{"self":[{"href":"https:\/\/www.mysexualfantasy.eu\/en\/wp-json\/wp\/v2\/product\/18548","targetHints":{"allow":["GET"]}}],"collection":[{"href":"https:\/\/www.mysexualfantasy.eu\/en\/wp-json\/wp\/v2\/product"}],"about":[{"href":"https:\/\/www.mysexualfantasy.eu\/en\/wp-json\/wp\/v2\/types\/product"}],"replies":[{"embeddable":true,"href":"https:\/\/www.mysexualfantasy.eu\/en\/wp-json\/wp\/v2\/comments?post=18548"}],"wp:featuredmedia":[{"embeddable":true,"href":"https:\/\/www.mysexualfantasy.eu\/en\/wp-json\/wp\/v2\/media\/66683"}],"wp:attachment":[{"href":"https:\/\/www.mysexualfantasy.eu\/en\/wp-json\/wp\/v2\/media?parent=18548"}],"wp:term":[{"taxonomy":"product_brand","embeddable":true,"href":"https:\/\/www.mysexualfantasy.eu\/en\/wp-json\/wp\/v2\/product_brand?post=18548"},{"taxonomy":"product_cat","embeddable":true,"href":"https:\/\/www.mysexualfantasy.eu\/en\/wp-json\/wp\/v2\/product_cat?post=18548"},{"taxonomy":"product_tag","embeddable":true,"href":"https:\/\/www.mysexualfantasy.eu\/en\/wp-json\/wp\/v2\/product_tag?post=18548"}],"curies":[{"name":"wp","href":"https:\/\/api.w.org\/{rel}","templated":true}]}}