{"id":18554,"date":"2023-01-13T11:39:06","date_gmt":"2023-01-13T11:39:06","guid":{"rendered":"https:\/\/www.mysexualfantasy.eu\/?post_type=product&#038;p=18554"},"modified":"2023-12-06T15:58:58","modified_gmt":"2023-12-06T15:58:58","slug":"screaming-o-dedal-recargable-fing-o-rosa","status":"publish","type":"product","link":"https:\/\/www.mysexualfantasy.eu\/en\/product\/screaming-o-dedal-recargable-fing-o-rosa\/","title":{"rendered":"SCREAMING O DEDAL RECARGABLE FING O ROSA"},"content":{"rendered":"<p>A\u00f1ade placer en\u00a0la punta de tus dedos \u00a0con el dedal Fing O, un mini pero potente dedal impulsado por las prestigiosas balas Vooom que te proporcionar\u00e1 increibles vibraciones. dedal Fing O es recargable y con sus profundas vibraciones se convertir\u00e1 en tu juguete sexual favorito.<\/p>\n<p>Es pequ\u00f1oi, port\u00e1til y podr\u00e1s usarlo donde quieras, incluso en el ba\u00f1o o en la ducha. Tan s\u00f3lo colocalo en tu dedo, masajea tus zonas favoritas y d\u00e9jate llevar por sus increibles vibraciones.<\/p>\n<p>Es USB recargable(cable incluido) y y bater\u00eda es de larga duraci\u00f3n. En su nivel mas alto de vibraci\u00f3n (dispone de diez intensidades), \u00a1dura hasta mas de 60 minutos funcionando!<\/p>\n<p>Caracter\u00edsticas.<\/p>\n<ul>\n<li>Dedal recargable<\/li>\n<li>A\u00f1ade estimualci\u00f3n vibradora en cualquier posici\u00f3n.<\/li>\n<li>10 funciones de vibraci\u00f3n.<\/li>\n<li>Body-safe<\/li>\n<li>Libre de ftalatos<\/li>\n<li>Longitud: 7 cm<\/li>\n<li>Material: Rosa<\/li>\n<\/ul>","protected":false},"excerpt":{"rendered":"<p>SCREAMING O DEDAL RECARGABLE FING O ROSA<\/p>","protected":false},"featured_media":40376,"comment_status":"open","ping_status":"closed","template":"","meta":{"_monsterinsights_skip_tracking":false,"_monsterinsights_sitenote_active":false,"_monsterinsights_sitenote_note":"","_monsterinsights_sitenote_category":0,"_joinchat":[]},"product_brand":[],"product_cat":[1156,1152,1155],"product_tag":[],"class_list":{"0":"post-18554","1":"product","2":"type-product","3":"status-publish","4":"has-post-thumbnail","6":"product_cat-juguetes-bienestar-juguetes-para-mujeresestimuladores","7":"product_cat-juguetes-bienestar","8":"product_cat-juguetes-bienestar-juguetes-para-mujeres","9":"yith_product_brand-screaming-o","11":"first","12":"instock","13":"taxable","14":"shipping-taxable","15":"purchasable","16":"product-type-simple"},"aioseo_notices":[],"_links":{"self":[{"href":"https:\/\/www.mysexualfantasy.eu\/en\/wp-json\/wp\/v2\/product\/18554","targetHints":{"allow":["GET"]}}],"collection":[{"href":"https:\/\/www.mysexualfantasy.eu\/en\/wp-json\/wp\/v2\/product"}],"about":[{"href":"https:\/\/www.mysexualfantasy.eu\/en\/wp-json\/wp\/v2\/types\/product"}],"replies":[{"embeddable":true,"href":"https:\/\/www.mysexualfantasy.eu\/en\/wp-json\/wp\/v2\/comments?post=18554"}],"wp:featuredmedia":[{"embeddable":true,"href":"https:\/\/www.mysexualfantasy.eu\/en\/wp-json\/wp\/v2\/media\/40376"}],"wp:attachment":[{"href":"https:\/\/www.mysexualfantasy.eu\/en\/wp-json\/wp\/v2\/media?parent=18554"}],"wp:term":[{"taxonomy":"product_brand","embeddable":true,"href":"https:\/\/www.mysexualfantasy.eu\/en\/wp-json\/wp\/v2\/product_brand?post=18554"},{"taxonomy":"product_cat","embeddable":true,"href":"https:\/\/www.mysexualfantasy.eu\/en\/wp-json\/wp\/v2\/product_cat?post=18554"},{"taxonomy":"product_tag","embeddable":true,"href":"https:\/\/www.mysexualfantasy.eu\/en\/wp-json\/wp\/v2\/product_tag?post=18554"}],"curies":[{"name":"wp","href":"https:\/\/api.w.org\/{rel}","templated":true}]}}