{"id":18560,"date":"2023-01-13T11:39:09","date_gmt":"2023-01-13T11:39:09","guid":{"rendered":"https:\/\/www.mysexualfantasy.eu\/?post_type=product&#038;p=18560"},"modified":"2023-12-06T15:59:00","modified_gmt":"2023-12-06T15:59:00","slug":"screaming-o-masajeador-recargable-positive-rosa","status":"publish","type":"product","link":"https:\/\/www.mysexualfantasy.eu\/en\/product\/screaming-o-masajeador-recargable-positive-rosa\/","title":{"rendered":"SCREAMING O MASAJEADOR RECARGABLE &#8211; POSITIVE &#8211; ROSA"},"content":{"rendered":"<p>El Positive es un fabuloso masajeador recargable y sumergible con el que vivir\u00e1s los masajes en tus zonas er\u00f3genas mas impactantes que hayas experimentado nunca.<\/p>\n<p>Dispone de 20 funciones distintas de vibraci\u00f3n que adem\u00e1s llegar\u00e1n plenamente a los puntos que elijas gracias a su dise\u00f1o ergon\u00f3mico y su punta suave y redondeada.<\/p>\n<p>Es USB recargable y funciona durante mas de una hora con carga completa. Adem\u00e1s, incluye un magn\u00edfico y \u00fatil soporte para sujetarlo durante la carga y que adem\u00e1s sirve para que lo puedas sujetar y llegar incluso a zonas que jam\u00e1s hubieses creido jam\u00e1s llegar y puedas jugar con tu pareja.<\/p>\n<p>Caracter\u00edsticas:<\/p>\n<ul>\n<li>Potente masajeador con la \u00faltima tecnolog\u00eda.<\/li>\n<li>Recargable USB<\/li>\n<li>20 niveles de vibraci\u00f3n<\/li>\n<li>Tacto super suave. Se desliza f\u00e1ci y agradablemente sobre tu piel<\/li>\n<li>Body safe<\/li>\n<li>Color: Rosa<\/li>\n<\/ul>","protected":false},"excerpt":{"rendered":"<p>SCREAMING O MASAJEADOR RECARGABLE &#8211; POSITIVE &#8211; ROSA<\/p>","protected":false},"featured_media":40392,"comment_status":"open","ping_status":"closed","template":"","meta":{"_monsterinsights_skip_tracking":false,"_monsterinsights_sitenote_active":false,"_monsterinsights_sitenote_note":"","_monsterinsights_sitenote_category":0,"_joinchat":[]},"product_brand":[],"product_cat":[1156,1152,1155],"product_tag":[],"class_list":{"0":"post-18560","1":"product","2":"type-product","3":"status-publish","4":"has-post-thumbnail","6":"product_cat-juguetes-bienestar-juguetes-para-mujeresestimuladores","7":"product_cat-juguetes-bienestar","8":"product_cat-juguetes-bienestar-juguetes-para-mujeres","9":"yith_product_brand-screaming-o","11":"first","12":"instock","13":"taxable","14":"shipping-taxable","15":"purchasable","16":"product-type-simple"},"aioseo_notices":[],"_links":{"self":[{"href":"https:\/\/www.mysexualfantasy.eu\/en\/wp-json\/wp\/v2\/product\/18560","targetHints":{"allow":["GET"]}}],"collection":[{"href":"https:\/\/www.mysexualfantasy.eu\/en\/wp-json\/wp\/v2\/product"}],"about":[{"href":"https:\/\/www.mysexualfantasy.eu\/en\/wp-json\/wp\/v2\/types\/product"}],"replies":[{"embeddable":true,"href":"https:\/\/www.mysexualfantasy.eu\/en\/wp-json\/wp\/v2\/comments?post=18560"}],"wp:featuredmedia":[{"embeddable":true,"href":"https:\/\/www.mysexualfantasy.eu\/en\/wp-json\/wp\/v2\/media\/40392"}],"wp:attachment":[{"href":"https:\/\/www.mysexualfantasy.eu\/en\/wp-json\/wp\/v2\/media?parent=18560"}],"wp:term":[{"taxonomy":"product_brand","embeddable":true,"href":"https:\/\/www.mysexualfantasy.eu\/en\/wp-json\/wp\/v2\/product_brand?post=18560"},{"taxonomy":"product_cat","embeddable":true,"href":"https:\/\/www.mysexualfantasy.eu\/en\/wp-json\/wp\/v2\/product_cat?post=18560"},{"taxonomy":"product_tag","embeddable":true,"href":"https:\/\/www.mysexualfantasy.eu\/en\/wp-json\/wp\/v2\/product_tag?post=18560"}],"curies":[{"name":"wp","href":"https:\/\/api.w.org\/{rel}","templated":true}]}}