{"id":20107,"date":"2023-01-13T13:05:36","date_gmt":"2023-01-13T13:05:36","guid":{"rendered":"https:\/\/www.mysexualfantasy.eu\/?post_type=product&#038;p=20107"},"modified":"2023-12-06T15:59:01","modified_gmt":"2023-12-06T15:59:01","slug":"nalone-marley-estimulador-anal-men-control-remoto","status":"publish","type":"product","link":"https:\/\/www.mysexualfantasy.eu\/en\/product\/nalone-marley-estimulador-anal-men-control-remoto\/","title":{"rendered":"NALONE MARLEY ESTIMULADOR ANAL MEN CONTROL REMOTO"},"content":{"rendered":"<p>No te dejar\u00e1 indiferente! Un masajeador prost\u00e1tico con funci\u00f3n Calor. Gigi tiene un dise\u00f1o \u00fanico inspirado en la estimulaci\u00f3n anal prost\u00e1tica, testado y probado en m\u00e1s de 50 hombres con un resultado incre\u00edble. 7 modos de vibraci\u00f3n y sistema calor que puedes seleccionar aleatoriamente para ultimar el placer hasta el final.<\/p>\n<ul>\n<li>Fabricado en Silicona, Abs y Metal.<\/li>\n<li>Silencioso<\/li>\n<li>7 modos de vibraci\u00f3n\u00a0<\/li>\n<li>Funci\u00f3n calor.\u00a0<\/li>\n<li>Recargable ( USB incluido )<\/li>\n<li>Sumergible<\/li>\n<li>Dimensiones; 125 x 37mm<\/li>\n<\/ul>\n<p>Dise\u00f1ado para el placer masculino extremo!<\/p>","protected":false},"excerpt":{"rendered":"<p>NALONE MARLEY ANAL REMOTE CONTROL P-SPOT<\/p>","protected":false},"featured_media":55438,"comment_status":"open","ping_status":"closed","template":"","meta":{"_monsterinsights_skip_tracking":false,"_monsterinsights_sitenote_active":false,"_monsterinsights_sitenote_note":"","_monsterinsights_sitenote_category":0,"_joinchat":[]},"product_brand":[],"product_cat":[1162,1308,1156,1152,1155,1309,1153,1305,1154],"product_tag":[],"class_list":{"0":"post-20107","1":"product","2":"type-product","3":"status-publish","4":"has-post-thumbnail","6":"product_cat-juguetes-bienestar-anal","7":"product_cat-juguetes-bienestar-analespecial-prostaticos","8":"product_cat-juguetes-bienestar-juguetes-para-mujeresestimuladores","9":"product_cat-juguetes-bienestar","10":"product_cat-juguetes-bienestar-juguetes-para-mujeres","11":"product_cat-juguetes-bienestar-juguetes-para-mujerespunto-g","12":"product_cat-juguetes-bienestar-vibradores","13":"product_cat-juguetes-bienestar-analvibradores-anales","14":"product_cat-juguetes-bienestar-vibradoresvibradores-control-remoto","15":"yith_product_brand-nalone","17":"first","18":"instock","19":"taxable","20":"shipping-taxable","21":"purchasable","22":"product-type-simple"},"aioseo_notices":[],"_links":{"self":[{"href":"https:\/\/www.mysexualfantasy.eu\/en\/wp-json\/wp\/v2\/product\/20107","targetHints":{"allow":["GET"]}}],"collection":[{"href":"https:\/\/www.mysexualfantasy.eu\/en\/wp-json\/wp\/v2\/product"}],"about":[{"href":"https:\/\/www.mysexualfantasy.eu\/en\/wp-json\/wp\/v2\/types\/product"}],"replies":[{"embeddable":true,"href":"https:\/\/www.mysexualfantasy.eu\/en\/wp-json\/wp\/v2\/comments?post=20107"}],"wp:featuredmedia":[{"embeddable":true,"href":"https:\/\/www.mysexualfantasy.eu\/en\/wp-json\/wp\/v2\/media\/55438"}],"wp:attachment":[{"href":"https:\/\/www.mysexualfantasy.eu\/en\/wp-json\/wp\/v2\/media?parent=20107"}],"wp:term":[{"taxonomy":"product_brand","embeddable":true,"href":"https:\/\/www.mysexualfantasy.eu\/en\/wp-json\/wp\/v2\/product_brand?post=20107"},{"taxonomy":"product_cat","embeddable":true,"href":"https:\/\/www.mysexualfantasy.eu\/en\/wp-json\/wp\/v2\/product_cat?post=20107"},{"taxonomy":"product_tag","embeddable":true,"href":"https:\/\/www.mysexualfantasy.eu\/en\/wp-json\/wp\/v2\/product_tag?post=20107"}],"curies":[{"name":"wp","href":"https:\/\/api.w.org\/{rel}","templated":true}]}}