{"id":20109,"date":"2023-01-13T12:01:51","date_gmt":"2023-01-13T12:01:51","guid":{"rendered":"https:\/\/www.mysexualfantasy.eu\/?post_type=product&#038;p=20109"},"modified":"2023-12-06T15:59:02","modified_gmt":"2023-12-06T15:59:02","slug":"nalone-dixie-vibrador-potente-rosa","status":"publish","type":"product","link":"https:\/\/www.mysexualfantasy.eu\/en\/product\/nalone-dixie-vibrador-potente-rosa\/","title":{"rendered":"NALONE DIXIE VIBRADOR POTENTE ROSA"},"content":{"rendered":"<p>Dixie es un masajedor de larga duraci\u00f3n que incorpora una intensa vibraci\u00f3n.<\/p>\n<p>Dixie ha sido dise\u00f1ado con texturas que estimularan tus zonas er\u00f3genas y adem\u00e1s \u00a1es ultra flexible!. Alcanzar\u00e1s a estimular tus zonas er\u00f3genas mas sensititivas de forma completamente sencilla y c\u00f3moda.<\/p>\n<ul>\n<li>20 potentes modos de vibraci\u00f3n para estimular y satisfacer el punto G.<\/li>\n<li>Fabricado en Silicona y Metal<\/li>\n<li>Ultra flexible<\/li>\n<li>Silencioso<\/li>\n<li>Recargable<\/li>\n<li>20 modos de vibraci\u00f3n<\/li>\n<li>Sumergible<\/li>\n<\/ul>","protected":false},"excerpt":{"rendered":"<p>NALONE DIXIE VIBRATOR POWERFUL PINK<\/p>","protected":false},"featured_media":44707,"comment_status":"open","ping_status":"closed","template":"","meta":{"_monsterinsights_skip_tracking":false,"_monsterinsights_sitenote_active":false,"_monsterinsights_sitenote_note":"","_monsterinsights_sitenote_category":0,"_joinchat":[]},"product_brand":[],"product_cat":[1156,1152,1155,1165,1153],"product_tag":[],"class_list":{"0":"post-20109","1":"product","2":"type-product","3":"status-publish","4":"has-post-thumbnail","6":"product_cat-juguetes-bienestar-juguetes-para-mujeresestimuladores","7":"product_cat-juguetes-bienestar","8":"product_cat-juguetes-bienestar-juguetes-para-mujeres","9":"product_cat-juguetes-bienestar-juguetes-para-mujeresmasturbadores-para-ellas","10":"product_cat-juguetes-bienestar-vibradores","11":"yith_product_brand-nalone","13":"first","14":"instock","15":"taxable","16":"shipping-taxable","17":"purchasable","18":"product-type-simple"},"aioseo_notices":[],"_links":{"self":[{"href":"https:\/\/www.mysexualfantasy.eu\/en\/wp-json\/wp\/v2\/product\/20109","targetHints":{"allow":["GET"]}}],"collection":[{"href":"https:\/\/www.mysexualfantasy.eu\/en\/wp-json\/wp\/v2\/product"}],"about":[{"href":"https:\/\/www.mysexualfantasy.eu\/en\/wp-json\/wp\/v2\/types\/product"}],"replies":[{"embeddable":true,"href":"https:\/\/www.mysexualfantasy.eu\/en\/wp-json\/wp\/v2\/comments?post=20109"}],"wp:featuredmedia":[{"embeddable":true,"href":"https:\/\/www.mysexualfantasy.eu\/en\/wp-json\/wp\/v2\/media\/44707"}],"wp:attachment":[{"href":"https:\/\/www.mysexualfantasy.eu\/en\/wp-json\/wp\/v2\/media?parent=20109"}],"wp:term":[{"taxonomy":"product_brand","embeddable":true,"href":"https:\/\/www.mysexualfantasy.eu\/en\/wp-json\/wp\/v2\/product_brand?post=20109"},{"taxonomy":"product_cat","embeddable":true,"href":"https:\/\/www.mysexualfantasy.eu\/en\/wp-json\/wp\/v2\/product_cat?post=20109"},{"taxonomy":"product_tag","embeddable":true,"href":"https:\/\/www.mysexualfantasy.eu\/en\/wp-json\/wp\/v2\/product_tag?post=20109"}],"curies":[{"name":"wp","href":"https:\/\/api.w.org\/{rel}","templated":true}]}}