{"id":20110,"date":"2023-01-13T12:01:52","date_gmt":"2023-01-13T12:01:52","guid":{"rendered":"https:\/\/www.mysexualfantasy.eu\/?post_type=product&#038;p=20110"},"modified":"2023-12-06T15:59:03","modified_gmt":"2023-12-06T15:59:03","slug":"nalone-sweetie-control-remoto-rosa","status":"publish","type":"product","link":"https:\/\/www.mysexualfantasy.eu\/en\/product\/nalone-sweetie-control-remoto-rosa\/","title":{"rendered":"NALONE SWEETIE CONTROL REMOTO ROSA"},"content":{"rendered":"<p>Sweetie es un vibrador inteligente control remoto con sistema Voice que activa la vibraci\u00f3n a trav\u00e9s del sonido. El sabe tus deseos y har\u00e1 una experiencia estimulante confortable, hablal\u00e9 y el te escuchar\u00e1!<\/p>\n<p>Adem\u00e1s incorpora 7 modos de vibraci\u00f3n manual potentes y silenciosos. El huevo control remoto funciona sin problemas hasta 9 metros distancia.<\/p>\n<p>El acompa\u00f1ante que siempre te entiende!<\/p>\n<ul>\n<li>7 potentes modos vibraci\u00f3n +\u00a0 Modo Sonido<\/li>\n<li>Sumergible ( No sumergible el mando )<\/li>\n<li>100% Silicona<\/li>\n<li>9 metros distancia<\/li>\n<li>Recargable<\/li>\n<\/ul>","protected":false},"excerpt":{"rendered":"<p>NALONE SWEETIE  CONTROL REMOTE PINK<\/p>","protected":false},"featured_media":44712,"comment_status":"open","ping_status":"closed","template":"","meta":{"_monsterinsights_skip_tracking":false,"_monsterinsights_sitenote_active":false,"_monsterinsights_sitenote_note":"","_monsterinsights_sitenote_category":0,"_joinchat":[]},"product_brand":[],"product_cat":[1156,1152,1155,1165,1153,1154],"product_tag":[],"class_list":{"0":"post-20110","1":"product","2":"type-product","3":"status-publish","4":"has-post-thumbnail","6":"product_cat-juguetes-bienestar-juguetes-para-mujeresestimuladores","7":"product_cat-juguetes-bienestar","8":"product_cat-juguetes-bienestar-juguetes-para-mujeres","9":"product_cat-juguetes-bienestar-juguetes-para-mujeresmasturbadores-para-ellas","10":"product_cat-juguetes-bienestar-vibradores","11":"product_cat-juguetes-bienestar-vibradoresvibradores-control-remoto","12":"yith_product_brand-nalone","14":"first","15":"instock","16":"taxable","17":"shipping-taxable","18":"purchasable","19":"product-type-simple"},"aioseo_notices":[],"_links":{"self":[{"href":"https:\/\/www.mysexualfantasy.eu\/en\/wp-json\/wp\/v2\/product\/20110","targetHints":{"allow":["GET"]}}],"collection":[{"href":"https:\/\/www.mysexualfantasy.eu\/en\/wp-json\/wp\/v2\/product"}],"about":[{"href":"https:\/\/www.mysexualfantasy.eu\/en\/wp-json\/wp\/v2\/types\/product"}],"replies":[{"embeddable":true,"href":"https:\/\/www.mysexualfantasy.eu\/en\/wp-json\/wp\/v2\/comments?post=20110"}],"wp:featuredmedia":[{"embeddable":true,"href":"https:\/\/www.mysexualfantasy.eu\/en\/wp-json\/wp\/v2\/media\/44712"}],"wp:attachment":[{"href":"https:\/\/www.mysexualfantasy.eu\/en\/wp-json\/wp\/v2\/media?parent=20110"}],"wp:term":[{"taxonomy":"product_brand","embeddable":true,"href":"https:\/\/www.mysexualfantasy.eu\/en\/wp-json\/wp\/v2\/product_brand?post=20110"},{"taxonomy":"product_cat","embeddable":true,"href":"https:\/\/www.mysexualfantasy.eu\/en\/wp-json\/wp\/v2\/product_cat?post=20110"},{"taxonomy":"product_tag","embeddable":true,"href":"https:\/\/www.mysexualfantasy.eu\/en\/wp-json\/wp\/v2\/product_tag?post=20110"}],"curies":[{"name":"wp","href":"https:\/\/api.w.org\/{rel}","templated":true}]}}