{"id":20111,"date":"2023-01-13T12:01:53","date_gmt":"2023-01-13T12:01:53","guid":{"rendered":"https:\/\/www.mysexualfantasy.eu\/?post_type=product&#038;p=20111"},"modified":"2023-12-06T15:59:03","modified_gmt":"2023-12-06T15:59:03","slug":"nalone-touch-system-vibrador-rosa","status":"publish","type":"product","link":"https:\/\/www.mysexualfantasy.eu\/en\/product\/nalone-touch-system-vibrador-rosa\/","title":{"rendered":"NALONE TOUCH SYSTEM VIBRADOR ROSA"},"content":{"rendered":"<p>Descubre un nuevo concepto, pensabas que lo hab\u00edas visto todo? Nalone esconce m\u00e1s de lo que ves, a simple vista un vibrador normal, en su interior tecnolog\u00eda punta al servicio del placer.<\/p>\n<p>Touch presenta un exterior de silicona y un dise\u00f1o elegante y ergon\u00f3mico que lo hace uno de nuestros productos m\u00e1s seductores y atractivos. Si eso fuera poco, el control digital te permite ajustar la intensidad de las vibraciones<\/p>\n<p>Incorpora tecnolog\u00eda Touch; Vibra al nivel que presiones adem\u00e1s de 7 modos de vibraci\u00f3n potentes y silenciosos.<\/p>\n<p>Especificaciones;<\/p>\n<ul>\n<li>Material: Silicona y ABS<\/li>\n<li>Modos de vibraci\u00f3n: 7+ Touch Functionality<\/li>\n<li>Dimensiones: 200 mm x 34 mm<\/li>\n<li>Carga: Pol\u00edmero de litio recargable<\/li>\n<li>Tiempo medio de uso con una carga: 2 horas<\/li>\n<li>Resistente al agua 100%<\/li>\n<li>Promedio de tiempo de carga: 3 horas<\/li>\n<\/ul>","protected":false},"excerpt":{"rendered":"<p>NALONE TOUCH SYSTEM PINK<\/p>","protected":false},"featured_media":44717,"comment_status":"open","ping_status":"closed","template":"","meta":{"_monsterinsights_skip_tracking":false,"_monsterinsights_sitenote_active":false,"_monsterinsights_sitenote_note":"","_monsterinsights_sitenote_category":0,"_joinchat":[]},"product_brand":[],"product_cat":[1156,1152,1155,1165,1153,1192],"product_tag":[],"class_list":{"0":"post-20111","1":"product","2":"type-product","3":"status-publish","4":"has-post-thumbnail","6":"product_cat-juguetes-bienestar-juguetes-para-mujeresestimuladores","7":"product_cat-juguetes-bienestar","8":"product_cat-juguetes-bienestar-juguetes-para-mujeres","9":"product_cat-juguetes-bienestar-juguetes-para-mujeresmasturbadores-para-ellas","10":"product_cat-juguetes-bienestar-vibradores","11":"product_cat-juguetes-bienestar-vibradoresvibradores-hi-tech","12":"yith_product_brand-nalone","14":"first","15":"instock","16":"taxable","17":"shipping-taxable","18":"purchasable","19":"product-type-simple"},"aioseo_notices":[],"_links":{"self":[{"href":"https:\/\/www.mysexualfantasy.eu\/en\/wp-json\/wp\/v2\/product\/20111","targetHints":{"allow":["GET"]}}],"collection":[{"href":"https:\/\/www.mysexualfantasy.eu\/en\/wp-json\/wp\/v2\/product"}],"about":[{"href":"https:\/\/www.mysexualfantasy.eu\/en\/wp-json\/wp\/v2\/types\/product"}],"replies":[{"embeddable":true,"href":"https:\/\/www.mysexualfantasy.eu\/en\/wp-json\/wp\/v2\/comments?post=20111"}],"wp:featuredmedia":[{"embeddable":true,"href":"https:\/\/www.mysexualfantasy.eu\/en\/wp-json\/wp\/v2\/media\/44717"}],"wp:attachment":[{"href":"https:\/\/www.mysexualfantasy.eu\/en\/wp-json\/wp\/v2\/media?parent=20111"}],"wp:term":[{"taxonomy":"product_brand","embeddable":true,"href":"https:\/\/www.mysexualfantasy.eu\/en\/wp-json\/wp\/v2\/product_brand?post=20111"},{"taxonomy":"product_cat","embeddable":true,"href":"https:\/\/www.mysexualfantasy.eu\/en\/wp-json\/wp\/v2\/product_cat?post=20111"},{"taxonomy":"product_tag","embeddable":true,"href":"https:\/\/www.mysexualfantasy.eu\/en\/wp-json\/wp\/v2\/product_tag?post=20111"}],"curies":[{"name":"wp","href":"https:\/\/api.w.org\/{rel}","templated":true}]}}