{"id":20114,"date":"2023-01-13T12:01:55","date_gmt":"2023-01-13T12:01:55","guid":{"rendered":"https:\/\/www.mysexualfantasy.eu\/?post_type=product&#038;p=20114"},"modified":"2023-12-06T15:59:04","modified_gmt":"2023-12-06T15:59:04","slug":"nalone-pulse-vibracion-y-modo-sonido-rosa","status":"publish","type":"product","link":"https:\/\/www.mysexualfantasy.eu\/en\/product\/nalone-pulse-vibracion-y-modo-sonido-rosa\/","title":{"rendered":"NALONE PULSE VIBRACION Y MODO SONIDO ROSA"},"content":{"rendered":"<p>Ofrece una incre\u00edble estimulaci\u00f3n a trav\u00e9s de los 7 modos potentes \u00fanicos y el modo Voice que hace vibrar a trav\u00e9s del sonido.<\/p>\n<p>Pulse es elegante, dise\u00f1ado ergon\u00f3micamente para una estimulaci\u00f3n intensa del punto G o masajeador del cl\u00edtoris.<\/p>\n<ul>\n<li>Fabricado en Silicona y detalles Abs<\/li>\n<li>Recargable (USB cable incluido)<\/li>\n<li>Tiempo de uso con bater\u00edas cargadas 3 horas.<\/li>\n<li>7 modos de vibraci\u00f3n<\/li>\n<li>Silencioso<\/li>\n<li>Sumergible<\/li>\n<li>Medidas; 210mm x 35 x mm<\/li>\n<\/ul>","protected":false},"excerpt":{"rendered":"<p>NALONE PULSE VIBRATION AND SOUND MODE PINK<\/p>","protected":false},"featured_media":44727,"comment_status":"open","ping_status":"closed","template":"","meta":{"_monsterinsights_skip_tracking":false,"_monsterinsights_sitenote_active":false,"_monsterinsights_sitenote_note":"","_monsterinsights_sitenote_category":0,"_joinchat":[]},"product_brand":[],"product_cat":[1156,1152,1155,1165,1309,1153,1192],"product_tag":[],"class_list":{"0":"post-20114","1":"product","2":"type-product","3":"status-publish","4":"has-post-thumbnail","6":"product_cat-juguetes-bienestar-juguetes-para-mujeresestimuladores","7":"product_cat-juguetes-bienestar","8":"product_cat-juguetes-bienestar-juguetes-para-mujeres","9":"product_cat-juguetes-bienestar-juguetes-para-mujeresmasturbadores-para-ellas","10":"product_cat-juguetes-bienestar-juguetes-para-mujerespunto-g","11":"product_cat-juguetes-bienestar-vibradores","12":"product_cat-juguetes-bienestar-vibradoresvibradores-hi-tech","13":"yith_product_brand-nalone","15":"first","16":"instock","17":"taxable","18":"shipping-taxable","19":"purchasable","20":"product-type-simple"},"aioseo_notices":[],"_links":{"self":[{"href":"https:\/\/www.mysexualfantasy.eu\/en\/wp-json\/wp\/v2\/product\/20114","targetHints":{"allow":["GET"]}}],"collection":[{"href":"https:\/\/www.mysexualfantasy.eu\/en\/wp-json\/wp\/v2\/product"}],"about":[{"href":"https:\/\/www.mysexualfantasy.eu\/en\/wp-json\/wp\/v2\/types\/product"}],"replies":[{"embeddable":true,"href":"https:\/\/www.mysexualfantasy.eu\/en\/wp-json\/wp\/v2\/comments?post=20114"}],"wp:featuredmedia":[{"embeddable":true,"href":"https:\/\/www.mysexualfantasy.eu\/en\/wp-json\/wp\/v2\/media\/44727"}],"wp:attachment":[{"href":"https:\/\/www.mysexualfantasy.eu\/en\/wp-json\/wp\/v2\/media?parent=20114"}],"wp:term":[{"taxonomy":"product_brand","embeddable":true,"href":"https:\/\/www.mysexualfantasy.eu\/en\/wp-json\/wp\/v2\/product_brand?post=20114"},{"taxonomy":"product_cat","embeddable":true,"href":"https:\/\/www.mysexualfantasy.eu\/en\/wp-json\/wp\/v2\/product_cat?post=20114"},{"taxonomy":"product_tag","embeddable":true,"href":"https:\/\/www.mysexualfantasy.eu\/en\/wp-json\/wp\/v2\/product_tag?post=20114"}],"curies":[{"name":"wp","href":"https:\/\/api.w.org\/{rel}","templated":true}]}}