{"id":20124,"date":"2023-01-13T11:46:55","date_gmt":"2023-01-13T11:46:55","guid":{"rendered":"https:\/\/www.mysexualfantasy.eu\/?post_type=product&#038;p=20124"},"modified":"2023-12-06T15:59:07","modified_gmt":"2023-12-06T15:59:07","slug":"nalone-oxxy-masturbador-alta-tecnologia-bluetooth","status":"publish","type":"product","link":"https:\/\/www.mysexualfantasy.eu\/en\/product\/nalone-oxxy-masturbador-alta-tecnologia-bluetooth\/","title":{"rendered":"NALONE OXXY  MASTURBADOR ALTA TECNOLOGIA BLUETOOTH"},"content":{"rendered":"<p>Oxxy es un masturbador alta tecnolog\u00eda que combina el dise\u00f1o ultramoderno y unos materiales altamente placenteros.<\/p>\n<p>El potente vibrador unido al efecto sistema succi\u00f3n convierte una sensaci\u00f3n extrema la experiencia de la masturbaci\u00f3n.\u00a0Es un amigo perfecto, siempre al servicio del placer.<\/p>\n<p>Adem\u00e1s Oxxy se conecta v\u00eda Bluetooh a tu m\u00f3vil para aumentar la sensaci\u00f3n. No solo tiene Bluetooh mode si no que adem\u00e1s incorpora 7 modos de vibraci\u00f3n intensos y silenciosos y reaccionar\u00e1 al ritmo de tu m\u00fasica una vez conectado.\u00a0<\/p>\n<ul>\n<li>Silicona y Abs<\/li>\n<li>7 modos vibraci\u00f3n + Bluetooh mode<\/li>\n<li>Silencioso<\/li>\n<li>Recargable (Cable USB incluido).<\/li>\n<li>Sumergible.<\/li>\n<li>Dimensiones; 190 x 80 mm, se adapta a todos los tama\u00f1os de pene.<\/li>\n<\/ul>","protected":false},"excerpt":{"rendered":"<p>NALONE OXXY  HIGH TECH MALE PLEASURE TOY<\/p>","protected":false},"featured_media":42907,"comment_status":"open","ping_status":"closed","template":"","meta":{"_monsterinsights_skip_tracking":false,"_monsterinsights_sitenote_active":false,"_monsterinsights_sitenote_note":"","_monsterinsights_sitenote_category":0,"_joinchat":[]},"product_brand":[],"product_cat":[1156,1152,1160,1155,1167,1168],"product_tag":[],"class_list":{"0":"post-20124","1":"product","2":"type-product","3":"status-publish","4":"has-post-thumbnail","6":"product_cat-juguetes-bienestar-juguetes-para-mujeresestimuladores","7":"product_cat-juguetes-bienestar","8":"product_cat-juguetes-bienestar-juguetes-para-hombres","9":"product_cat-juguetes-bienestar-juguetes-para-mujeres","10":"product_cat-juguetes-bienestar-juguetes-para-hombresmasturbadores-para-ellos","11":"product_cat-juguetes-bienestar-juguetes-para-hombresvaginas-y-anos","12":"yith_product_brand-nalone","14":"first","15":"instock","16":"taxable","17":"shipping-taxable","18":"purchasable","19":"product-type-simple"},"aioseo_notices":[],"_links":{"self":[{"href":"https:\/\/www.mysexualfantasy.eu\/en\/wp-json\/wp\/v2\/product\/20124","targetHints":{"allow":["GET"]}}],"collection":[{"href":"https:\/\/www.mysexualfantasy.eu\/en\/wp-json\/wp\/v2\/product"}],"about":[{"href":"https:\/\/www.mysexualfantasy.eu\/en\/wp-json\/wp\/v2\/types\/product"}],"replies":[{"embeddable":true,"href":"https:\/\/www.mysexualfantasy.eu\/en\/wp-json\/wp\/v2\/comments?post=20124"}],"wp:featuredmedia":[{"embeddable":true,"href":"https:\/\/www.mysexualfantasy.eu\/en\/wp-json\/wp\/v2\/media\/42907"}],"wp:attachment":[{"href":"https:\/\/www.mysexualfantasy.eu\/en\/wp-json\/wp\/v2\/media?parent=20124"}],"wp:term":[{"taxonomy":"product_brand","embeddable":true,"href":"https:\/\/www.mysexualfantasy.eu\/en\/wp-json\/wp\/v2\/product_brand?post=20124"},{"taxonomy":"product_cat","embeddable":true,"href":"https:\/\/www.mysexualfantasy.eu\/en\/wp-json\/wp\/v2\/product_cat?post=20124"},{"taxonomy":"product_tag","embeddable":true,"href":"https:\/\/www.mysexualfantasy.eu\/en\/wp-json\/wp\/v2\/product_tag?post=20124"}],"curies":[{"name":"wp","href":"https:\/\/api.w.org\/{rel}","templated":true}]}}