{"id":20149,"date":"2023-01-13T12:01:59","date_gmt":"2023-01-13T12:01:59","guid":{"rendered":"https:\/\/www.mysexualfantasy.eu\/?post_type=product&#038;p=20149"},"modified":"2023-12-06T15:59:08","modified_gmt":"2023-12-06T15:59:08","slug":"partner-toy-whale-vibrador-para-edition-2020","status":"publish","type":"product","link":"https:\/\/www.mysexualfantasy.eu\/en\/product\/partner-toy-whale-vibrador-para-edition-2020\/","title":{"rendered":"PARTNER TOY WHALE VIBRADOR PARA EDITION 2020"},"content":{"rendered":"<p>El Partner toy es un vibrador de pareja que se puede usar para estimularos a los dos durante las relaciones sexuales. Gracias a su construcci\u00f3n ergon\u00f3mica, este vibrador aumenta vuestro placer y permite disfrutar de un sexo m\u00e1s intenso y placentero.<\/p>\n<ul>\n<li>Fabricado en Silicona \u00a0suave antialergenica.<\/li>\n<li>F\u00e1cil de limpiar<\/li>\n<li>Recargable con cargador magnetico USB<\/li>\n<li>2 potentes motores<\/li>\n<li>Estimulacion simulanea para ambos<\/li>\n<\/ul>\n<p><strong>Funcionamiento\/Uso<\/strong><\/p>\n<p>Para encender el vibrador, pulsa el bot\u00f3n de encendido durante unos 2 segundos. De esta forma se activar\u00e1 el nivel m\u00e1s bajo de masaje. El vibrador est\u00e1 concebido para estimular el cl\u00edtoris y la vagina mientras est\u00e1is haciendo el amor.<\/p>\n<p>El lado con el bot\u00f3n de encendido estimula el cl\u00edtoris, mientras que el otro lado en curva del vibrador de parejas se introduce en la vagina y masajea el punto G durante el acto sexual. Esto hace que el vibrador de pareja estimule dos zonas\u00a0 er\u00f3genas femeninas de forma simult\u00e1nea.<\/p>\n<p>El vibrador no se tiene que extraer para\u00a0 permitir la penetraci\u00f3n del pene en la vagina. El vibrador de pareja hace que la vagina sea m\u00e1s estrecha, por lo que se intensifica el juego amoroso para el hombre. Las vibraciones os masajean a los dos, de forma simult\u00e1nea, mientras hac\u00e9is el amor.<\/p>\n<p>Recomendaci\u00f3n: Utilizad lubricantes a base de agua para un mayor rendimiento aunque es compatible\u00a0 con resto de lubricantes gracias a la silicona patentada gel.<\/p>\n<p>Los diferentes niveles de vibraci\u00f3n se seleccionan a trav\u00e9s del bot\u00f3n de encendido.<\/p>\n<p>Cada vez que lo pulses, la intensidad aumentar\u00e1 un nivel. Pod\u00e9is seleccionar entre 10 niveles de intensidad diferentes. Si mantienes pulsado el bot\u00f3n, el Partnertoy se apaga.<\/p>\n<ul>\n<li>Partner Toy a diferencia de otros juguetes de la misma gama tiene un interior de gel lo que permite una sensaci\u00f3n \u00fanica en el mundo.<\/li>\n<li>Est\u00e1 fabricado en Silicona patentada y botones de ABS.<\/li>\n<li>Uso en pareja<\/li>\n<li>Impermeable\u00a0 IPX7<\/li>\n<li>Motores potentes<\/li>\n<li>10 programas<\/li>\n<li>Silicona agradable al cuerpo<\/li>\n<li>F\u00e1cil de limpiar<\/li>\n<li>Bater\u00eda de iones de litio<\/li>\n<li>Cable de carga magn\u00e9tico por USB incluido<\/li>\n<\/ul>\n<p><strong>Limpieza<\/strong><\/p>\n<p>El Partnertoy es resistente al agua y muy f\u00e1cil de limpiar. Atenci\u00f3n: Antes de la limpieza, aseg\u00farate de que el vibrador no est\u00e9 conectado al cable de carga y la toma de corriente, ya que el l\u00edquido podr\u00eda da\u00f1ar el circuito de carga y ser peligroso para la salud.<\/p>\n<p><strong>Cargar<\/strong><\/p>\n<p>El vibrador es recargable y permite un manejo c\u00f3modo, sin molestos cables. Antes de utilizarlo por primera vez, debes cargarlo completamente. Utiliza para ello el cable de carga USB incluido. Acopla el cable con los dos contactos magn\u00e9ticos en los lugares de contacto de metal previstos para ello. Si el cable de carga no se adhiere, con\u00e9ctalo al circuito el\u00e9ctrico y espera un momento, de este modo se activar\u00e1 el im\u00e1n y la conexi\u00f3n de los contactos se restablecer\u00e1 autom\u00e1ticamente. El LED parpadea durante el proceso de carga. Una vez finalizada la carga, el LED alumbrar\u00e1 de forma continua.<\/p>\n<p>Advertencia: el primer proceso de carga puede durar hasta ocho horas.<\/p>\n<p><strong>Soluci\u00f3n de problemas<\/strong><\/p>\n<p>En caso de errores o dificultades de manejo relacionadas con el funcionamiento del vibrador, pulsa el bot\u00f3n de encendido durante 5 segundos. Si el producto siguiera sin \u00a0funcionar, ponte en contacto con: service@satisfyer.com.<\/p>\n<p><strong>Eliminaci\u00f3n<\/strong><\/p>\n<p>La eliminaci\u00f3n de aparatos electr\u00f3nicos debe realizarse seg\u00fan la normativa para residuos peligrosos vigente en la Uni\u00f3n Europea y en otros pa\u00edses europeos o seg\u00fan las reglamentaciones locales. Respeta las normativas de eliminaci\u00f3n de basuras<\/p>\n<p>Espec\u00edficas de tu pa\u00eds y, en caso de duda, pregunta a tu distribuidor sobre las opciones de eliminaci\u00f3n.<\/p>\n<p style=\"text-align: center;\"><iframe allowfullscreen=\"\" frameborder=\"0\" height=\"300\" scrolling=\"no\" src=\"https:\/\/www.youtube-nocookie.com\/embed\/cfA7mKpp8jE?rel=0controls=0showinfo=0\" width=\"800\"><\/iframe><\/p>","protected":false},"excerpt":{"rendered":"<p>PARTNER TOY WHALE VIBRATOR STIMULATING BOTH PARTNERS 2020 EDITION<\/p>","protected":false},"featured_media":44743,"comment_status":"open","ping_status":"closed","template":"","meta":{"_monsterinsights_skip_tracking":false,"_monsterinsights_sitenote_active":false,"_monsterinsights_sitenote_note":"","_monsterinsights_sitenote_category":0,"_joinchat":[]},"product_brand":[],"product_cat":[1193,1156,1152,1155,1165,1309,1153,1192],"product_tag":[],"class_list":{"0":"post-20149","1":"product","2":"type-product","3":"status-publish","4":"has-post-thumbnail","6":"product_cat-juguetes-bienestar-vibradores100-sumergible","7":"product_cat-juguetes-bienestar-juguetes-para-mujeresestimuladores","8":"product_cat-juguetes-bienestar","9":"product_cat-juguetes-bienestar-juguetes-para-mujeres","10":"product_cat-juguetes-bienestar-juguetes-para-mujeresmasturbadores-para-ellas","11":"product_cat-juguetes-bienestar-juguetes-para-mujerespunto-g","12":"product_cat-juguetes-bienestar-vibradores","13":"product_cat-juguetes-bienestar-vibradoresvibradores-hi-tech","14":"yith_product_brand-satisfyer","15":"yith_product_brand-satisfyer-satisfyer-partner","17":"first","18":"instock","19":"taxable","20":"shipping-taxable","21":"purchasable","22":"product-type-simple"},"aioseo_notices":[],"_links":{"self":[{"href":"https:\/\/www.mysexualfantasy.eu\/en\/wp-json\/wp\/v2\/product\/20149","targetHints":{"allow":["GET"]}}],"collection":[{"href":"https:\/\/www.mysexualfantasy.eu\/en\/wp-json\/wp\/v2\/product"}],"about":[{"href":"https:\/\/www.mysexualfantasy.eu\/en\/wp-json\/wp\/v2\/types\/product"}],"replies":[{"embeddable":true,"href":"https:\/\/www.mysexualfantasy.eu\/en\/wp-json\/wp\/v2\/comments?post=20149"}],"wp:featuredmedia":[{"embeddable":true,"href":"https:\/\/www.mysexualfantasy.eu\/en\/wp-json\/wp\/v2\/media\/44743"}],"wp:attachment":[{"href":"https:\/\/www.mysexualfantasy.eu\/en\/wp-json\/wp\/v2\/media?parent=20149"}],"wp:term":[{"taxonomy":"product_brand","embeddable":true,"href":"https:\/\/www.mysexualfantasy.eu\/en\/wp-json\/wp\/v2\/product_brand?post=20149"},{"taxonomy":"product_cat","embeddable":true,"href":"https:\/\/www.mysexualfantasy.eu\/en\/wp-json\/wp\/v2\/product_cat?post=20149"},{"taxonomy":"product_tag","embeddable":true,"href":"https:\/\/www.mysexualfantasy.eu\/en\/wp-json\/wp\/v2\/product_tag?post=20149"}],"curies":[{"name":"wp","href":"https:\/\/api.w.org\/{rel}","templated":true}]}}