{"id":20181,"date":"2023-01-13T11:46:58","date_gmt":"2023-01-13T11:46:58","guid":{"rendered":"https:\/\/www.mysexualfantasy.eu\/?post_type=product&#038;p=20181"},"modified":"2023-12-06T15:35:31","modified_gmt":"2023-12-06T15:35:31","slug":"tenga-air-tech-twist-reusable-vacuum-cup-ripple","status":"publish","type":"product","link":"https:\/\/www.mysexualfantasy.eu\/en\/product\/tenga-air-tech-twist-reusable-vacuum-cup-ripple\/","title":{"rendered":"TENGA AIR-TECH TWIST REUSABLE VACUUM CUP RIPPLE"},"content":{"rendered":"<p>\u00a1Air-Tech Twist le permite adaptar la compresi\u00f3n a su gusto! Regule la estimulaci\u00f3n de mayor a menor intensidad gracias a un sistema de compresi\u00f3n \u00fanico que le permitir\u00e1 crear su propia experiencia Air-Tech.<\/p>\n<ul>\n<li>Ripple  Suaves olas para un mayor placer<\/li>\n<\/ul>\n<p>Dentro del AIR-TECH Twist, existe una unidad de compresi\u00f3n que podr\u00e1s controlar con la cabeza giratoria del producto. Gira la parte superior para modificar la presi\u00f3n interna: \u00a1hay 5 niveles distintos para disfrutar!<\/p>\n<ul>\n<li>Profundidad de inserci\u00f3n: Aprox. 16 cm<\/li>\n<li>Anchura de inserci\u00f3n: Aprox. 5 cm<\/li>\n<li>Carcasa r\u00edgida (no extensible)<\/li>\n<\/ul>","protected":false},"excerpt":{"rendered":"<p>TENGA AIR-TECH TWIST REUSABLE VACUUM CUP RIPPLE<\/p>","protected":false},"featured_media":42923,"comment_status":"open","ping_status":"closed","template":"","meta":{"_monsterinsights_skip_tracking":false,"_monsterinsights_sitenote_active":false,"_monsterinsights_sitenote_note":"","_monsterinsights_sitenote_category":0,"_joinchat":[]},"product_brand":[],"product_cat":[1152,1160,1167,1168],"product_tag":[],"class_list":{"0":"post-20181","1":"product","2":"type-product","3":"status-publish","4":"has-post-thumbnail","6":"product_cat-juguetes-bienestar","7":"product_cat-juguetes-bienestar-juguetes-para-hombres","8":"product_cat-juguetes-bienestar-juguetes-para-hombresmasturbadores-para-ellos","9":"product_cat-juguetes-bienestar-juguetes-para-hombresvaginas-y-anos","10":"yith_product_brand-tenga","12":"first","13":"instock","14":"taxable","15":"shipping-taxable","16":"purchasable","17":"product-type-simple"},"aioseo_notices":[],"_links":{"self":[{"href":"https:\/\/www.mysexualfantasy.eu\/en\/wp-json\/wp\/v2\/product\/20181","targetHints":{"allow":["GET"]}}],"collection":[{"href":"https:\/\/www.mysexualfantasy.eu\/en\/wp-json\/wp\/v2\/product"}],"about":[{"href":"https:\/\/www.mysexualfantasy.eu\/en\/wp-json\/wp\/v2\/types\/product"}],"replies":[{"embeddable":true,"href":"https:\/\/www.mysexualfantasy.eu\/en\/wp-json\/wp\/v2\/comments?post=20181"}],"wp:featuredmedia":[{"embeddable":true,"href":"https:\/\/www.mysexualfantasy.eu\/en\/wp-json\/wp\/v2\/media\/42923"}],"wp:attachment":[{"href":"https:\/\/www.mysexualfantasy.eu\/en\/wp-json\/wp\/v2\/media?parent=20181"}],"wp:term":[{"taxonomy":"product_brand","embeddable":true,"href":"https:\/\/www.mysexualfantasy.eu\/en\/wp-json\/wp\/v2\/product_brand?post=20181"},{"taxonomy":"product_cat","embeddable":true,"href":"https:\/\/www.mysexualfantasy.eu\/en\/wp-json\/wp\/v2\/product_cat?post=20181"},{"taxonomy":"product_tag","embeddable":true,"href":"https:\/\/www.mysexualfantasy.eu\/en\/wp-json\/wp\/v2\/product_tag?post=20181"}],"curies":[{"name":"wp","href":"https:\/\/api.w.org\/{rel}","templated":true}]}}