{"id":20194,"date":"2023-01-13T11:48:51","date_gmt":"2023-01-13T11:48:51","guid":{"rendered":"https:\/\/www.mysexualfantasy.eu\/?post_type=product&#038;p=20194"},"modified":"2023-12-06T15:50:15","modified_gmt":"2023-12-06T15:50:15","slug":"pdx-estimulador-multifuncional-con-rotacion-roto-teazer","status":"publish","type":"product","link":"https:\/\/www.mysexualfantasy.eu\/en\/product\/pdx-estimulador-multifuncional-con-rotacion-roto-teazer\/","title":{"rendered":"PDX ESTIMULADOR MULTIFUNCIONAL CON ROTACION ROTO-TEAZER"},"content":{"rendered":"<p>T\u00fa nunca has vivido una experiencia tans satisfactoria como la de que te dar\u00e1 el Roto-teazer. Este estimulador multifuncional te ofrecer\u00e1 cientos de combinaciones posibles ya que transmite pulsaciones, vibra y rota! Su potente motor es japon\u00e9s y podr\u00e1s manejar qu\u00e9 tipo de placer quieres a tu antojo.<\/p>\n<ul>\n<li>Estimulador multifuncional.<\/li>\n<li>Funci\u00f3n rotaci\u00f3n<\/li>\n<li>Potentes vibraciones<\/li>\n<li>F\u00e1cil manejo.<\/li>\n<li>Mecanismo avanzado, permite estimular las zonas mas sensitivas combinando independientemente como quieras sus funciones de estimulaci\u00f3n<\/li>\n<li>7 modos de rotaci\u00f3n<\/li>\n<li>3 intensidades de vibraci\u00f3n<\/li>\n<li>Fabricado con la prestigiosa silicona Elite. Tacto super suave y es la slicona mas higi\u00e9nica y segura que puedes encontrar en el mercado.\u00a0<\/li>\n<li>Limpiar despues de usar<\/li>\n<li>Usar s\u00f3lo con lubricante de base agua<\/li>\n<\/ul>\n<p>Con PDX Elite podr\u00e1s disfrutar\u00a0del placer de una estimulaci\u00f3n vers\u00e1til y potente. Todo ello, adem\u00e1s, con motores de palta potencia\u00a0y silicona de primera calidad.<\/p>\n<p>\u00a0<\/p>\n<p style=\"text-align: center;\"><iframe allowfullscreen=\"\" frameborder=\"0\" height=\"400\" mozallowfullscreen=\"\" src=\"https:\/\/player.vimeo.com\/video\/217528920\" webkitallowfullscreen=\"\" width=\"700\"><\/iframe><\/p>","protected":false},"excerpt":{"rendered":"<p>PDX ESTIMULADOR MULTIFUNCIONAL CON ROTACION ROTO-TEAZER<\/p>","protected":false},"featured_media":43564,"comment_status":"open","ping_status":"closed","template":"","meta":{"_monsterinsights_skip_tracking":false,"_monsterinsights_sitenote_active":false,"_monsterinsights_sitenote_note":"","_monsterinsights_sitenote_category":0,"_joinchat":[]},"product_brand":[],"product_cat":[1152,1160,1167,1168],"product_tag":[],"class_list":{"0":"post-20194","1":"product","2":"type-product","3":"status-publish","4":"has-post-thumbnail","6":"product_cat-juguetes-bienestar","7":"product_cat-juguetes-bienestar-juguetes-para-hombres","8":"product_cat-juguetes-bienestar-juguetes-para-hombresmasturbadores-para-ellos","9":"product_cat-juguetes-bienestar-juguetes-para-hombresvaginas-y-anos","10":"yith_product_brand-pipedreamspdx-elite","11":"yith_product_brand-pipedreams","13":"first","14":"instock","15":"taxable","16":"shipping-taxable","17":"purchasable","18":"product-type-simple"},"aioseo_notices":[],"_links":{"self":[{"href":"https:\/\/www.mysexualfantasy.eu\/en\/wp-json\/wp\/v2\/product\/20194","targetHints":{"allow":["GET"]}}],"collection":[{"href":"https:\/\/www.mysexualfantasy.eu\/en\/wp-json\/wp\/v2\/product"}],"about":[{"href":"https:\/\/www.mysexualfantasy.eu\/en\/wp-json\/wp\/v2\/types\/product"}],"replies":[{"embeddable":true,"href":"https:\/\/www.mysexualfantasy.eu\/en\/wp-json\/wp\/v2\/comments?post=20194"}],"wp:featuredmedia":[{"embeddable":true,"href":"https:\/\/www.mysexualfantasy.eu\/en\/wp-json\/wp\/v2\/media\/43564"}],"wp:attachment":[{"href":"https:\/\/www.mysexualfantasy.eu\/en\/wp-json\/wp\/v2\/media?parent=20194"}],"wp:term":[{"taxonomy":"product_brand","embeddable":true,"href":"https:\/\/www.mysexualfantasy.eu\/en\/wp-json\/wp\/v2\/product_brand?post=20194"},{"taxonomy":"product_cat","embeddable":true,"href":"https:\/\/www.mysexualfantasy.eu\/en\/wp-json\/wp\/v2\/product_cat?post=20194"},{"taxonomy":"product_tag","embeddable":true,"href":"https:\/\/www.mysexualfantasy.eu\/en\/wp-json\/wp\/v2\/product_tag?post=20194"}],"curies":[{"name":"wp","href":"https:\/\/api.w.org\/{rel}","templated":true}]}}