{"id":20402,"date":"2023-01-13T14:49:43","date_gmt":"2023-01-13T14:49:43","guid":{"rendered":"https:\/\/www.mysexualfantasy.eu\/?post_type=product&#038;p=20402"},"modified":"2023-12-06T15:20:38","modified_gmt":"2023-12-06T15:20:38","slug":"heart-full-of-love-lust-corazon-lleno-de-amor-deseo-en-es","status":"publish","type":"product","link":"https:\/\/www.mysexualfantasy.eu\/en\/product\/heart-full-of-love-lust-corazon-lleno-de-amor-deseo-en-es\/","title":{"rendered":"HEART FULL OF LOVE  LUST  CORAZON LLENO DE AMOR  DESEO (EN-ES)"},"content":{"rendered":"<p>\u00a0<\/p>\n<p>Coraz\u00f3n lleno de Amor  Deseo\u00a0<\/p>\n<p>\u00a1100 noches p\u00edcaras para \u00e9l y ella!<\/p>\n<p>MOODZZ ampl\u00eda su existosa serie de corazones con el estimulante \u2018Coraz\u00f3n lleno de Amor  Deseo. Cada miembro de la pareja puede seleccionar semanalmente una actividad para sorprenderse, descubrirse y llegar a conocerse mejor. Las pruebas son tiernas, \u00edntimas, a veces incluso ardientes, y conducen a la pura pasi\u00f3n que todos buscamos.<\/p>\n<p>La caja en forma de coraz\u00f3n contiene 100 rollitos de papel: cincuenta de color rosa con pruebas para ella y cincuenta de color blanco para \u00e9l. De esta manera podreis seleccionar, casi durante todo el a\u00f1o, dos veces por semana, un reto emocionante para pasar una noche p\u00edcara, lo que conduce a una exploraci\u00f3n l\u00fadica donde cada uno obtiene la atenci\u00f3n que merece.<\/p>\n<p>Un ejemplo de una actividad rosa (para la mujer):<\/p>\n<p>\u2022 \u00dantate los pechos y la barriga con aceite de masaje y da un masaje con ellos en los hombros, espalda y nalgas de tu pareja. En resumen, dale un aut\u00e9ntico masaje cuerpo a cuerpo.<\/p>\n<p>Un ejemplo de una actividad blanca (para el hombre):<\/p>\n<p>\u2022 Vas a hacer un viaje deleitoso por el cuerpo de tu pareja. Pasa de manera sensual una pluma, tus u\u00f1as, las puntas de los dedos o de tu lengua por el cuerpo de ella.<\/p>\n<p>Coraz\u00f3n lleno de Amor  Deseo estimula el tomar la iniciativa para satisfacerse mutuamente. \u00c9l a ella y ella a \u00e9l, y de esta manera acercarse m\u00e1s er\u00f3ticamente el uno al otro.<\/p>\n<p>&#8212;&#8212;&#8212;&#8212;&#8212;&#8212;&#8212;&#8212;&#8212;&#8212;&#8212;&#8212;&#8212;&#8212;&#8212;&#8212;-<\/p>\n<p>Heart full of Love  Lust\u00a0<\/p>\n<p>100 naughty nights for him and her!<\/p>\n<p>MOODZZ has expanded its successful hearts series with the stimulating \u2018Heart full of Love  Lust. Each week, both partners can pick a task to surprise each other, uncover and get to know each other better. The tasks are tender, intimate and sometimes fiery. They lead to the pure passion that everyone desires.<\/p>\n<p>The heart shaped box contains one hundred small paper rolls: fifty pink with tasks for her and fifty white with tasks for him. Thus, for almost a whole year, you can both pick an exciting challenge to enjoy a naughty night creating playful exploration in which both lovers receive all of the attention.<\/p>\n<p>An example of a pink task (for the woman):<\/p>\n<p>\u2022 Rub massage oil on your breasts and tummy and use them to give his shoulders, back and buttocks a massage. In other words, give him a real body-to-body massage.<\/p>\n<p>An example of a white task (for the man):<\/p>\n<p>\u2022 Think of your partners body as a delicious object of discovery and adventure. Let a feather, your fingertips, your nails, or the tip of your tongue follow every curve of her body.<\/p>\n<p>Heart full of Love  Lust encourages partners to take the initiative to treat each other and grow erotically even closer together.<\/p>","protected":false},"excerpt":{"rendered":"<p>HEART FULL OF LOVE  LUST  CORAZON LLENO DE AMOR  DESEO (EN-ES)<\/p>","protected":false},"featured_media":71714,"comment_status":"open","ping_status":"closed","template":"","meta":{"_monsterinsights_skip_tracking":false,"_monsterinsights_sitenote_active":false,"_monsterinsights_sitenote_note":"","_monsterinsights_sitenote_category":0,"_joinchat":[]},"product_brand":[],"product_cat":[616,1232,1267,1236],"product_tag":[],"class_list":{"0":"post-20402","1":"product","2":"type-product","3":"status-publish","4":"has-post-thumbnail","6":"product_cat-juegos","7":"product_cat-juegos-juegos-de-pareja","8":"product_cat-juegos-juegos-en-espanol","9":"product_cat-juegos-juegos-en-ingles","10":"yith_product_brand-teaseplease","12":"first","13":"instock","14":"taxable","15":"shipping-taxable","16":"purchasable","17":"product-type-simple"},"aioseo_notices":[],"_links":{"self":[{"href":"https:\/\/www.mysexualfantasy.eu\/en\/wp-json\/wp\/v2\/product\/20402","targetHints":{"allow":["GET"]}}],"collection":[{"href":"https:\/\/www.mysexualfantasy.eu\/en\/wp-json\/wp\/v2\/product"}],"about":[{"href":"https:\/\/www.mysexualfantasy.eu\/en\/wp-json\/wp\/v2\/types\/product"}],"replies":[{"embeddable":true,"href":"https:\/\/www.mysexualfantasy.eu\/en\/wp-json\/wp\/v2\/comments?post=20402"}],"wp:featuredmedia":[{"embeddable":true,"href":"https:\/\/www.mysexualfantasy.eu\/en\/wp-json\/wp\/v2\/media\/71714"}],"wp:attachment":[{"href":"https:\/\/www.mysexualfantasy.eu\/en\/wp-json\/wp\/v2\/media?parent=20402"}],"wp:term":[{"taxonomy":"product_brand","embeddable":true,"href":"https:\/\/www.mysexualfantasy.eu\/en\/wp-json\/wp\/v2\/product_brand?post=20402"},{"taxonomy":"product_cat","embeddable":true,"href":"https:\/\/www.mysexualfantasy.eu\/en\/wp-json\/wp\/v2\/product_cat?post=20402"},{"taxonomy":"product_tag","embeddable":true,"href":"https:\/\/www.mysexualfantasy.eu\/en\/wp-json\/wp\/v2\/product_tag?post=20402"}],"curies":[{"name":"wp","href":"https:\/\/api.w.org\/{rel}","templated":true}]}}