{"id":20417,"date":"2023-01-13T13:28:06","date_gmt":"2023-01-13T13:28:06","guid":{"rendered":"https:\/\/www.mysexualfantasy.eu\/?post_type=product&#038;p=20417"},"modified":"2023-12-06T15:59:15","modified_gmt":"2023-12-06T15:59:15","slug":"brave-man-funda-pene-anal-y-clitoris-vibrador-16-5-cm-negro","status":"publish","type":"product","link":"https:\/\/www.mysexualfantasy.eu\/en\/product\/brave-man-funda-pene-anal-y-clitoris-vibrador-16-5-cm-negro\/","title":{"rendered":"BRAVE MAN FUNDA PENE ANAL Y CLITORIS VIBRADOR 16.5 CM NEGRO"},"content":{"rendered":"<p>Aumenta la duraci\u00f3n y el placer en tus relaciones con esta fant\u00e1stica funda real\u00edstica para el pene. Con todo lujo de detalles, incorpora adem\u00e1s unos traviesos pliegues\u00a0con una potente bala que estimular\u00e1 el cl\u00edtoris de tu pareja y otra incorporada\u00a0en la punta de la funda\u00a0para que ambos disfruteis y al lado contrario de los pliegues, una prolongaci\u00f3n con forma de minipene para estimulaci\u00f3n anal.<\/p>\n<p>Consigue grosor, longitud y placer para ambos!<\/p>\n<ul>\n<li>Funda real\u00edstica<\/li>\n<li>Color: Negro<\/li>\n<li>Alta estimulaci\u00f3n<\/li>\n<li>Potentes vibraciones.<\/li>\n<li>Pilas bala pliegues\u00a0: 3x LR41.<\/li>\n<li>Pilas bala punta: 2xLR1130<\/li>\n<li>F\u00e1cil de encencer y usar<\/li>\n<li>Anilla test\u00edculos para sujetar funda y retrasar eyaculaci\u00f3n<\/li>\n<li>Pr\u00e1ctica y bonita bolsa de tela para guardar y transportar incluida.<\/li>\n<li>Medidas: ver imagen<\/li>\n<\/ul>\n<p>Con Brave man aumentareis la satisfacci\u00f3n y ser\u00e1s m\u00e1s grande de lo que jam\u00e1s hubieras so\u00f1ado.\u00a0<\/p>","protected":false},"excerpt":{"rendered":"<p>BRAVE MAN FUNDA PENE ANAL Y CLITORIS VIBRADOR 16.5 CM NEGRO<\/p>","protected":false},"featured_media":59625,"comment_status":"open","ping_status":"closed","template":"","meta":{"_monsterinsights_skip_tracking":false,"_monsterinsights_sitenote_active":false,"_monsterinsights_sitenote_note":"","_monsterinsights_sitenote_category":0,"_joinchat":[]},"product_brand":[],"product_cat":[1170,1162,1184,1298,1152,1160,1155,1305],"product_tag":[],"class_list":{"0":"post-20417","1":"product","2":"type-product","3":"status-publish","4":"has-post-thumbnail","6":"product_cat-juguetes-bienestar-juguetes-para-hombresaccesorios-para-el-pene","7":"product_cat-juguetes-bienestar-anal","8":"product_cat-juguetes-bienestar-juguetes-para-hombresaccesorios-para-el-peneextensiones-para-el-pene","9":"product_cat-juguetes-bienestar-juguetes-para-hombresaccesorios-para-el-penefundas","10":"product_cat-juguetes-bienestar","11":"product_cat-juguetes-bienestar-juguetes-para-hombres","12":"product_cat-juguetes-bienestar-juguetes-para-mujeres","13":"product_cat-juguetes-bienestar-analvibradores-anales","14":"yith_product_brand-baile","15":"yith_product_brand-bailebaile-for-him","17":"first","18":"instock","19":"taxable","20":"shipping-taxable","21":"purchasable","22":"product-type-simple"},"aioseo_notices":[],"_links":{"self":[{"href":"https:\/\/www.mysexualfantasy.eu\/en\/wp-json\/wp\/v2\/product\/20417","targetHints":{"allow":["GET"]}}],"collection":[{"href":"https:\/\/www.mysexualfantasy.eu\/en\/wp-json\/wp\/v2\/product"}],"about":[{"href":"https:\/\/www.mysexualfantasy.eu\/en\/wp-json\/wp\/v2\/types\/product"}],"replies":[{"embeddable":true,"href":"https:\/\/www.mysexualfantasy.eu\/en\/wp-json\/wp\/v2\/comments?post=20417"}],"wp:featuredmedia":[{"embeddable":true,"href":"https:\/\/www.mysexualfantasy.eu\/en\/wp-json\/wp\/v2\/media\/59625"}],"wp:attachment":[{"href":"https:\/\/www.mysexualfantasy.eu\/en\/wp-json\/wp\/v2\/media?parent=20417"}],"wp:term":[{"taxonomy":"product_brand","embeddable":true,"href":"https:\/\/www.mysexualfantasy.eu\/en\/wp-json\/wp\/v2\/product_brand?post=20417"},{"taxonomy":"product_cat","embeddable":true,"href":"https:\/\/www.mysexualfantasy.eu\/en\/wp-json\/wp\/v2\/product_cat?post=20417"},{"taxonomy":"product_tag","embeddable":true,"href":"https:\/\/www.mysexualfantasy.eu\/en\/wp-json\/wp\/v2\/product_tag?post=20417"}],"curies":[{"name":"wp","href":"https:\/\/api.w.org\/{rel}","templated":true}]}}