{"id":20429,"date":"2023-01-13T13:28:11","date_gmt":"2023-01-13T13:28:11","guid":{"rendered":"https:\/\/www.mysexualfantasy.eu\/?post_type=product&#038;p=20429"},"modified":"2023-12-06T14:54:54","modified_gmt":"2023-12-06T14:54:54","slug":"pretty-love-bottom-plug-ergonomico-silicona-15-4-cm","status":"publish","type":"product","link":"https:\/\/www.mysexualfantasy.eu\/en\/product\/pretty-love-bottom-plug-ergonomico-silicona-15-4-cm\/","title":{"rendered":"PRETTY LOVE  BOTTOM &#8211; PLUG ERGONOMICO SILICONA 15.4 CM"},"content":{"rendered":"<p>Ad\u00e9ntrate en el maravilloso mundo de la estimulaci\u00f3n anal. Este fant\u00e1stico plug de silicona es perfecto para usuarios que les guste disfrutar de la estimulaci\u00f3n anal y prost\u00e1tica. Est\u00e1 fabricado con\u00a0silicona de alta calidad y es sumergible. Su base hace efecto\u00a0ventosa para que puedas adherirlo a cualquier superficie plana.\u00a0<\/p>\n<ul>\n<li>Plug silicona alta calidad<\/li>\n<li>Color Negro.<\/li>\n<li>Sumergible<\/li>\n<li>Con ventosa en la base.<\/li>\n<li>Longitud total: 15.4 cm.<\/li>\n<li>Longitud insertable: 13\u00a0cm<\/li>\n<li>Di\u00e1metro m\u00e1ximo: 5.5 cm<\/li>\n<li>Incluye una pr\u00e1ctica bolsa para que puedas guardar y transportar.\u00a0<\/li>\n<\/ul>\n<p>Pretty Love fabrica productos con exigentes normas de calidad, todos sus productos estan dise\u00f1ados en Estados Unidos y tienen 1 a\u00f1o de garant\u00eda en defectos t\u00e9cnicos<\/p>","protected":false},"excerpt":{"rendered":"<p>PRETTY LOVE  BOTTOM &#8211; PLUG ERGONOMICO SILICONA 15.4 CM<\/p>","protected":false},"featured_media":59642,"comment_status":"open","ping_status":"closed","template":"","meta":{"_monsterinsights_skip_tracking":false,"_monsterinsights_sitenote_active":false,"_monsterinsights_sitenote_note":"","_monsterinsights_sitenote_category":0,"_joinchat":[]},"product_brand":[],"product_cat":[1162,1152,1189],"product_tag":[],"class_list":{"0":"post-20429","1":"product","2":"type-product","3":"status-publish","4":"has-post-thumbnail","6":"product_cat-juguetes-bienestar-anal","7":"product_cat-juguetes-bienestar","8":"product_cat-juguetes-bienestar-analplugs-anales","9":"yith_product_brand-pretty-love","10":"yith_product_brand-pretty-lovepretty-love-bottom","12":"first","13":"instock","14":"taxable","15":"shipping-taxable","16":"purchasable","17":"product-type-simple"},"aioseo_notices":[],"_links":{"self":[{"href":"https:\/\/www.mysexualfantasy.eu\/en\/wp-json\/wp\/v2\/product\/20429","targetHints":{"allow":["GET"]}}],"collection":[{"href":"https:\/\/www.mysexualfantasy.eu\/en\/wp-json\/wp\/v2\/product"}],"about":[{"href":"https:\/\/www.mysexualfantasy.eu\/en\/wp-json\/wp\/v2\/types\/product"}],"replies":[{"embeddable":true,"href":"https:\/\/www.mysexualfantasy.eu\/en\/wp-json\/wp\/v2\/comments?post=20429"}],"wp:featuredmedia":[{"embeddable":true,"href":"https:\/\/www.mysexualfantasy.eu\/en\/wp-json\/wp\/v2\/media\/59642"}],"wp:attachment":[{"href":"https:\/\/www.mysexualfantasy.eu\/en\/wp-json\/wp\/v2\/media?parent=20429"}],"wp:term":[{"taxonomy":"product_brand","embeddable":true,"href":"https:\/\/www.mysexualfantasy.eu\/en\/wp-json\/wp\/v2\/product_brand?post=20429"},{"taxonomy":"product_cat","embeddable":true,"href":"https:\/\/www.mysexualfantasy.eu\/en\/wp-json\/wp\/v2\/product_cat?post=20429"},{"taxonomy":"product_tag","embeddable":true,"href":"https:\/\/www.mysexualfantasy.eu\/en\/wp-json\/wp\/v2\/product_tag?post=20429"}],"curies":[{"name":"wp","href":"https:\/\/api.w.org\/{rel}","templated":true}]}}